{"id":76689,"date":"2024-03-19T14:56:27","date_gmt":"2024-03-19T14:56:27","guid":{"rendered":"https:\/\/baudouin.com\/elevating-shipyard-operations-with-advanced-propulsion-solution\/"},"modified":"2025-11-03T13:34:03","modified_gmt":"2025-11-03T13:34:03","slug":"soluzioni-marine-avanzate-per-i-cantieri-navali","status":"publish","type":"page","link":"https:\/\/baudouin.com\/it\/soluzioni-marine-avanzate-per-i-cantieri-navali\/","title":{"rendered":"Soluzioni marine avanzate per i cantieri navali"},"content":{"rendered":"<style>\n    .page-hero {\n        background-image:linear-gradient(rgba(0, 0, 0, 0.25), rgba(0, 0, 0, 0.25)), url('https:\/\/baudouin.com\/wp-content\/uploads\/2024\/03\/Shipyard-mobile.png');\n        background-repeat: no-repeat;\n    }\n    p, h2 {\n        color: #fff;\n    }\n    @media screen and (min-width: 768px) {\n        .page-hero {\n        background-image:linear-gradient(rgba(0, 0, 0, 0.25), rgba(0, 0, 0, 0.25)), url('https:\/\/baudouin.com\/wp-content\/uploads\/2024\/03\/Shipyard-marine-propulsion-1.png');\n    }\n    }\n<\/style>\n<section id=\"page-hero-block_e1c1be2b5259f108abab2533d52faf0e\" class=\"page-hero py-[85px] lg:py-[100px] xl:pt-[100px] xl:pb-[242px] bg-dark-blue \">\n        <div class=\"hero-container mx-auto my-0 md:max-w-[1920px]\">\n        \n            \n        \n        <div class=\"page-hero__container flex flex-col-reverse md:flex-row lg:justify-between\">\n            <div class=\"page-hero__container--left text-center text-white lg:text-left\">\n                                    <div class=\"page-hero__container--left__breadcrumbs mb-7 lg:mb-[32px]\">\n                        <p id=\"breadcrumbs\" class=\"text-xsm text-white leading-5 font-semibold uppercase\"><span><span><a href=\"https:\/\/baudouin.com\/it\/\">Home<\/a><\/span><\/span><\/p>                    <\/div>\n                                <h1 class=\"text-white  mb-[12px] uppercase font-bold md:mb-2.5 lg:mb-[33px]\">Soluzioni marine avanzate per i cantieri navali<\/h1>\n                <!-- <p class=\"text-gray-form leading-[21px] w-full md:text-sm md:leading-6 md:max-w-[564px]\"><p>&nbsp;<\/p>\n<p data-start=\"149\" data-end=\"490\">Baudouin si \u00e8 affermata come leader mondiale nella produzione di motori, specializzata in soluzioni marine e per la generazione di energia. Con un\u2019eredit\u00e0 di affidabilit\u00e0 e innovazione, i motori Baudouin offrono soluzioni marine avanzate e senza eguali per le operazioni nei cantieri navali, stabilendo lo standard di eccellenza nel settore.<\/p>\n<\/p> -->\n                <p>&nbsp;<\/p>\n<p data-start=\"149\" data-end=\"490\">Baudouin si \u00e8 affermata come leader mondiale nella produzione di motori, specializzata in soluzioni marine e per la generazione di energia. Con un\u2019eredit\u00e0 di affidabilit\u00e0 e innovazione, i motori Baudouin offrono soluzioni marine avanzate e senza eguali per le operazioni nei cantieri navali, stabilendo lo standard di eccellenza nel settore.<\/p>\n            <\/div>\n           \n            \n        <\/div>\n\n    <\/div>\n<\/section>\n\n\n<div class=\"wp-block-group ghostkit-custom-1opsA9 is-layout-constrained wp-block-group-is-layout-constrained\">\n<div class=\"wp-block-columns is-layout-flex wp-container-core-columns-is-layout-1 wp-block-columns-is-layout-flex\">\n<div class=\"wp-block-column ghostkit-custom-Z1zuf12 is-layout-flow wp-block-column-is-layout-flow\" style=\"flex-basis:65%\">\n<h3 class=\"wp-block-heading\" id=\"baudouin-genuine-marine-solutions-for-shipyards\">Soluzioni marine autentiche Baudouin per i cantieri navali<\/h3>\n\n\n\n<div style=\"height:29px\" aria-hidden=\"true\" class=\"wp-block-spacer\"><\/div>\n\n\n\n<p class=\"ghostkit-custom-rBEN1\">Dal 1918, <strong>Soci\u00e9t\u00e9 Internationale des Moteurs Baudouin<\/strong> \u00e8 un protagonista di primo piano nella produzione di motori, in particolare per il settore marino e per la generazione di energia. Da oltre un secolo, Baudouin progetta motori di alta qualit\u00e0, adatti ad ambienti marini impegnativi, dove affidabilit\u00e0 e durata sono essenziali.<\/p>\n\n\n\n<div style=\"height:21px\" aria-hidden=\"true\" class=\"wp-block-spacer\"><\/div>\n\n\n\n<p>Le nostre soluzioni marine per i cantieri rispettano le pi\u00f9 recenti normative ambientali, sia per la navigazione marittima che per quella fluviale. Queste soluzioni sono ideali per le operazioni di cantiere.<\/p>\n\n\n\n<p>Integrando la tecnologia <strong>SCR<\/strong>, Baudouin contribuisce a iniziative pi\u00f9 ecologiche che rispettano standard di emissioni sempre pi\u00f9 severi.<\/p>\n\n\n\n<div style=\"height:20px\" aria-hidden=\"true\" class=\"wp-block-spacer\"><\/div>\n\n\n\n<p class=\"ghostkit-custom-Z1kNe4H\">Con un <a href=\"https:\/\/baudouin.com\/it\/engine_product-category\/motori-per-propulsione-marina\/\">motore marino Baudouin<\/a>, puoi contare su:<\/p>\n\n\n\n<div style=\"height:29px\" aria-hidden=\"true\" class=\"wp-block-spacer\"><\/div>\n\n\n\n<ul class=\"wp-block-list\">\n<li><strong>Flessibilit\u00e0 operativa:<\/strong> i motori Baudouin garantiscono flessibilit\u00e0 e sicurezza in mare, anche nelle situazioni pi\u00f9 critiche. Si adattano a diverse esigenze, offrendo potenza, efficienza e responsabilit\u00e0 ambientale.<\/li>\n<\/ul>\n\n\n\n<div style=\"height:30px\" aria-hidden=\"true\" class=\"wp-block-spacer\"><\/div>\n\n\n\n<ul class=\"wp-block-list\">\n<li><strong>Compattezza e robustezza:<\/strong> questi motori assicurano prestazioni costanti e di alto livello. Sono progettati per offrire potenza, efficienza e affidabilit\u00e0 massime, anche nelle condizioni marine pi\u00f9 difficili.<\/li>\n<\/ul>\n\n\n\n<div style=\"height:45px\" aria-hidden=\"true\" class=\"wp-block-spacer\"><\/div>\n\n\n\n<h4 class=\"wp-block-heading\" id=\"are-you-seeking-a-marine-engine-solution-for-your-project-that-comply-with-the-latest-regulations-find-out-how-baudouin-engines-are-right-for-you\">Cerchi una soluzione di motore marino per il tuo progetto conforme alle ultime normative? Scopri perch\u00e9 i motori Baudouin sono la scelta ideale per te.<\/h4>\n\n\n\n<div style=\"height:40px\" aria-hidden=\"true\" class=\"wp-block-spacer\"><\/div>\n\n\n\n<p class=\"ghostkit-custom-ppVOb\"><br><\/p>\n<\/div>\n\n\n\n<div class=\"wp-block-column is-layout-flow wp-block-column-is-layout-flow\">\n\t\t\t\t\t\t<script>\n\t\t\t\t\t\t\twindow.hsFormsOnReady = window.hsFormsOnReady || [];\n\t\t\t\t\t\t\twindow.hsFormsOnReady.push(()=>{\n\t\t\t\t\t\t\t\thbspt.forms.create({\n\t\t\t\t\t\t\t\t\tportalId: 7335878,\n\t\t\t\t\t\t\t\t\tformId: \"6086b9b3-5083-4008-af1d-219fcbe8ce1a\",\n\t\t\t\t\t\t\t\t\ttarget: \"#hbspt-form-1775971568000-2028220406\",\n\t\t\t\t\t\t\t\t\tregion: \"na1\",\n\t\t\t\t\t\t\t\t\t\n\t\t\t\t\t\t\t})});\n\t\t\t\t\t\t<\/script>\n\t\t\t\t\t\t<div class=\"hbspt-form\" id=\"hbspt-form-1775971568000-2028220406\"><\/div>\n<\/div>\n<\/div>\n\n\n\n<div style=\"height:38px\" aria-hidden=\"true\" class=\"wp-block-spacer\"><\/div>\n\n\n\n<div class=\"wp-block-group is-layout-constrained wp-block-group-is-layout-constrained\">\n<div class=\"wp-block-group is-layout-constrained wp-block-group-is-layout-constrained\">\n<div class=\"wp-block-columns is-layout-flex wp-container-core-columns-is-layout-2 wp-block-columns-is-layout-flex\">\n<div class=\"wp-block-column ghostkit-custom-1AHVOz is-layout-flow wp-block-column-is-layout-flow\">\n<h4 class=\"wp-block-heading\" id=\"baudouin-marine-advanced-solutions-tailored-for-the-shipyards\">Soluzioni marine avanzate Baudouin per i cantieri<\/h4>\n\n\n\n<div style=\"height:40px\" aria-hidden=\"true\" class=\"wp-block-spacer\"><\/div>\n\n\n\n<p><\/p>\n\n\n\n<p>Baudouin comprende l\u2019importanza dell\u2019efficienza e della redditivit\u00e0 nel mercato competitivo di oggi. Per questo ogni motore \u00e8 progettato per massimizzare le prestazioni e ridurre i costi operativi, garantendo una soluzione sostenibile che offre valore e un eccellente ritorno sull\u2019investimento.<\/p>\n\n\n\n<div style=\"height:15px\" aria-hidden=\"true\" class=\"wp-block-spacer\"><\/div>\n\n\n\n<p>Baudouin pone la <strong>soddisfazione del cliente<\/strong> al primo posto, offrendo una gamma completa di <strong>ricambi originali<\/strong>. Questi componenti sono prontamente disponibili per ridurre i tempi di fermo e garantire la continuit\u00e0 delle operazioni.<\/p>\n\n\n\n<div style=\"height:20px\" aria-hidden=\"true\" class=\"wp-block-spacer\"><\/div>\n\n\n\n<p>Grazie a una<a href=\"https:\/\/baudouin.com\/it\/our-network\/\"> <strong>rete globale <\/strong><\/a><strong>di tecnici esperti<\/strong>, \u00e8 assicurato un supporto rapido ed efficiente, mantenendo i motori sempre al massimo delle prestazioni. <\/p>\n\n\n\n<div style=\"height:22px\" aria-hidden=\"true\" class=\"wp-block-spacer\"><\/div>\n\n\n\n<p>Con un\u2019assistenza di alta qualit\u00e0 e design compatti, Baudouin fornisce le migliori soluzioni marine per i cantieri navali.<\/p>\n\n\n\n<p><\/p>\n<\/div>\n\n\n\n<div class=\"wp-block-column is-vertically-aligned-center is-layout-flow wp-block-column-is-layout-flow\">\n<figure class=\"wp-block-image aligncenter size-full\"><img loading=\"lazy\" decoding=\"async\" width=\"1080\" height=\"849\" src=\"https:\/\/baudouin.com\/wp-content\/uploads\/2024\/03\/Shipyard-e1710411065542.png\" alt=\"Marine solutions for shipyards\" class=\"wp-image-69082\" srcset=\"https:\/\/baudouin.com\/wp-content\/uploads\/2024\/03\/Shipyard-e1710411065542.png 1080w, https:\/\/baudouin.com\/wp-content\/uploads\/2024\/03\/Shipyard-e1710411065542-300x236.png 300w, https:\/\/baudouin.com\/wp-content\/uploads\/2024\/03\/Shipyard-e1710411065542-1024x805.png 1024w, https:\/\/baudouin.com\/wp-content\/uploads\/2024\/03\/Shipyard-e1710411065542-768x604.png 768w\" sizes=\"auto, (max-width: 1080px) 100vw, 1080px\" \/><\/figure>\n<\/div>\n<\/div>\n\n\n\n<div style=\"height:64px\" aria-hidden=\"true\" class=\"wp-block-spacer\"><\/div>\n\n\n\n<div class=\"wp-block-columns is-layout-flex wp-container-core-columns-is-layout-3 wp-block-columns-is-layout-flex\">\n<div class=\"wp-block-column is-vertically-aligned-center is-layout-flow wp-block-column-is-layout-flow\">\n<figure class=\"wp-block-image aligncenter size-full\"><img loading=\"lazy\" decoding=\"async\" width=\"1080\" height=\"849\" src=\"https:\/\/baudouin.com\/wp-content\/uploads\/2024\/03\/Marine-propulsion-e1710410889800.png\" alt=\"Ship in a shipyard equipped with a Baudouin engine\" class=\"wp-image-69086\" srcset=\"https:\/\/baudouin.com\/wp-content\/uploads\/2024\/03\/Marine-propulsion-e1710410889800.png 1080w, https:\/\/baudouin.com\/wp-content\/uploads\/2024\/03\/Marine-propulsion-e1710410889800-300x236.png 300w, https:\/\/baudouin.com\/wp-content\/uploads\/2024\/03\/Marine-propulsion-e1710410889800-1024x805.png 1024w, https:\/\/baudouin.com\/wp-content\/uploads\/2024\/03\/Marine-propulsion-e1710410889800-768x604.png 768w\" sizes=\"auto, (max-width: 1080px) 100vw, 1080px\" \/><\/figure>\n<\/div>\n\n\n\n<div class=\"wp-block-column ghostkit-custom-pr6JB is-layout-flow wp-block-column-is-layout-flow\">\n<h4 class=\"wp-block-heading\" id=\"accessibility-and-versatility-for-shipyard-operations\">Accessibilit\u00e0 e versatilit\u00e0 per le operazioni nei cantieri<\/h4>\n\n\n\n<div style=\"height:21px\" aria-hidden=\"true\" class=\"wp-block-spacer\"><\/div>\n\n\n\n<p>La filosofia di progettazione Baudouin valorizza l\u2019accessibilit\u00e0 e le dimensioni del motore. Riconosciamo la diversit\u00e0 delle esigenze dei nostri clienti e offriamo diverse soluzioni marine per i cantieri navali. Questi motori sono disponibili in varie dimensioni e configurazioni, adatte a differenti applicazioni e vincoli di spazio.<\/p>\n\n\n\n<div style=\"height:19px\" aria-hidden=\"true\" class=\"wp-block-spacer\"><\/div>\n\n\n\n<p>Che tu abbia bisogno di un motore compatto per piccole imbarcazioni o di un\u2019unit\u00e0 pi\u00f9 potente per applicazioni industriali, Baudouin garantisce accessibilit\u00e0 senza compromessi su prestazioni e affidabilit\u00e0.<\/p>\n\n\n\n<div style=\"height:20px\" aria-hidden=\"true\" class=\"wp-block-spacer\"><\/div>\n\n\n\n<p>Ogni motore \u00e8 progettato per ottimizzare lo spazio disponibile, offrendo al contempo un accesso semplice per manutenzione e assistenza. Questo garantisce prestazioni ottimali e una maggiore durata.<\/p>\n<\/div>\n<\/div>\n<\/div>\n<\/div>\n\n\n\n<div style=\"height:50px\" aria-hidden=\"true\" class=\"wp-block-spacer\"><\/div>\n\n\n\n<div class=\"wp-block-columns ghostkit-custom-28DVvd is-layout-flex wp-container-core-columns-is-layout-4 wp-block-columns-is-layout-flex\">\n<div class=\"wp-block-column is-layout-flow wp-block-column-is-layout-flow\">\n<h2 class=\"wp-block-heading has-text-align-center ghostkit-custom-Z24I2ee has-text-color\" id=\"the-baudouin-global-service-network\" style=\"color:#c7d53d;font-size:40px\">Scopri i nostri motori di propulsione marina<\/h2>\n\n\n\n<div class=\"wp-block-buttons ghostkit-custom-Z2qjpTq is-content-justification-center is-layout-flex wp-container-core-buttons-is-layout-1 wp-block-buttons-is-layout-flex\">\n<div class=\"wp-block-button\"><a class=\"wp-block-button__link has-white-color has-text-color has-background wp-element-button\" href=\"https:\/\/baudouin.com\/it\/engine_product-category\/motori-per-propulsione-marina\/\" style=\"border-radius:0px;background-color:#001e61\" target=\"_blank\" rel=\"noreferrer noopener\">Nostri motori di propulsione marina<\/a><\/div>\n<\/div>\n<\/div>\n<\/div>\n<\/div>\n\n\n\n<div class=\"wp-block-columns is-layout-flex wp-container-core-columns-is-layout-6 wp-block-columns-is-layout-flex\">\n<div class=\"wp-block-column is-layout-flow wp-block-column-is-layout-flow\">\n<div class=\"wp-block-columns is-layout-flex wp-container-core-columns-is-layout-5 wp-block-columns-is-layout-flex\">\n<div class=\"wp-block-column is-layout-flow wp-block-column-is-layout-flow\"><\/div>\n<\/div>\n<\/div>\n<\/div>\n\n\n\n<div class=\"wp-block-group is-layout-constrained wp-block-group-is-layout-constrained\">\n<div class=\"wp-block-cover ghostkit-custom-1uzAkj\"><span aria-hidden=\"true\" class=\"wp-block-cover__background has-background-dim-0 has-background-dim\"><\/span><img loading=\"lazy\" decoding=\"async\" width=\"2500\" height=\"1000\" class=\"wp-block-cover__image-background wp-image-60508\" alt=\"\" src=\"https:\/\/baudouin.com\/wp-content\/uploads\/2023\/10\/moteurs-baudouin-green-solutions-desktop-header.jpg\" data-object-fit=\"cover\" srcset=\"https:\/\/baudouin.com\/wp-content\/uploads\/2023\/10\/moteurs-baudouin-green-solutions-desktop-header.jpg 2500w, https:\/\/baudouin.com\/wp-content\/uploads\/2023\/10\/moteurs-baudouin-green-solutions-desktop-header-300x120.jpg 300w, https:\/\/baudouin.com\/wp-content\/uploads\/2023\/10\/moteurs-baudouin-green-solutions-desktop-header-1024x410.jpg 1024w, https:\/\/baudouin.com\/wp-content\/uploads\/2023\/10\/moteurs-baudouin-green-solutions-desktop-header-768x307.jpg 768w, https:\/\/baudouin.com\/wp-content\/uploads\/2023\/10\/moteurs-baudouin-green-solutions-desktop-header-1536x614.jpg 1536w, https:\/\/baudouin.com\/wp-content\/uploads\/2023\/10\/moteurs-baudouin-green-solutions-desktop-header-2048x819.jpg 2048w\" sizes=\"auto, (max-width: 2500px) 100vw, 2500px\" \/><div class=\"wp-block-cover__inner-container is-layout-flow wp-block-cover-is-layout-flow\">\n<h5 class=\"wp-block-heading has-text-align-center ghostkit-custom-ipn7X has-white-color has-text-color\" id=\"baudouin-green-solutions\">BAUDOUIN GREEN SOLUTIONS<\/h5>\n\n\n\n<p class=\"has-text-align-center ghostkit-custom-Z5kSCt has-white-color has-text-color\">Scopri le nostre iniziative ecologiche: sistemi <strong>SCR<\/strong> e soluzioni <strong>ibride<\/strong> per motori marini.<br><\/p>\n\n\n\n<div class=\"wp-block-buttons is-content-justification-center is-layout-flex wp-container-core-buttons-is-layout-2 wp-block-buttons-is-layout-flex\">\n<div class=\"wp-block-button\"><a class=\"wp-block-button__link has-white-background-color has-text-color has-background wp-element-button\" href=\"https:\/\/baudouin.com\/it\/baudouin-green-solutions\/\" style=\"border-radius:0px;color:#706f6f\">Scopri di pi\u00f9<\/a><\/div>\n<\/div>\n<\/div><\/div>\n\n\n\n<p><\/p>\n<\/div>\n","protected":false},"excerpt":{"rendered":"<p>Soluzioni marine autentiche Baudouin per i cantieri navali Dal 1918, Soci\u00e9t\u00e9 Internationale des Moteurs Baudouin \u00e8 un protagonista di primo piano nella produzione di motori, in particolare per il settore marino e&#8230;<\/p>\n","protected":false},"author":6,"featured_media":69183,"parent":0,"menu_order":0,"comment_status":"closed","ping_status":"closed","template":"","meta":{"_acf_changed":false,"content-type":"","ghostkit_customizer_options":"","ghostkit_custom_css":"","ghostkit_custom_js_head":"","ghostkit_custom_js_foot":"","ghostkit_typography":"","two_page_speed":[],"footnotes":""},"class_list":["post-76689","page","type-page","status-publish","has-post-thumbnail","hentry"],"acf":[],"yoast_head":"<!-- This site is optimized with the Yoast SEO plugin v26.8 - https:\/\/yoast.com\/product\/yoast-seo-wordpress\/ -->\n<title>Soluzioni marine avanzate per i cantieri navali - Baudouin<\/title>\n<meta name=\"description\" content=\"Baudouin pone l\u2019accento sull\u2019accessibilit\u00e0 e sulla completezza per offrire soluzioni marine affidabili e avanzate ai cantieri navali.\" \/>\n<meta name=\"robots\" content=\"index, follow, max-snippet:-1, max-image-preview:large, max-video-preview:-1\" \/>\n<link rel=\"canonical\" href=\"https:\/\/baudouin.com\/it\/soluzioni-marine-avanzate-per-i-cantieri-navali\/\" \/>\n<meta property=\"og:locale\" content=\"it_IT\" \/>\n<meta property=\"og:type\" content=\"article\" \/>\n<meta property=\"og:title\" content=\"Soluzioni marine avanzate per i cantieri navali - Baudouin\" \/>\n<meta property=\"og:description\" content=\"Baudouin pone l\u2019accento sull\u2019accessibilit\u00e0 e sulla completezza per offrire soluzioni marine affidabili e avanzate ai cantieri navali.\" \/>\n<meta property=\"og:url\" content=\"https:\/\/baudouin.com\/it\/soluzioni-marine-avanzate-per-i-cantieri-navali\/\" \/>\n<meta property=\"og:site_name\" content=\"Baudouin\" \/>\n<meta property=\"article:modified_time\" content=\"2025-11-03T13:34:03+00:00\" \/>\n<meta property=\"og:image\" content=\"https:\/\/baudouin.com\/wp-content\/uploads\/2024\/03\/Shipyard-mobile.png\" \/>\n\t<meta property=\"og:image:width\" content=\"1000\" \/>\n\t<meta property=\"og:image:height\" content=\"1000\" \/>\n\t<meta property=\"og:image:type\" content=\"image\/png\" \/>\n<meta name=\"twitter:card\" content=\"summary_large_image\" \/>\n<meta name=\"twitter:label1\" content=\"Tempo di lettura stimato\" \/>\n\t<meta name=\"twitter:data1\" content=\"4 minuti\" \/>\n<script type=\"application\/ld+json\" class=\"yoast-schema-graph\">{\"@context\":\"https:\/\/schema.org\",\"@graph\":[{\"@type\":\"WebPage\",\"@id\":\"https:\/\/baudouin.com\/it\/soluzioni-marine-avanzate-per-i-cantieri-navali\/\",\"url\":\"https:\/\/baudouin.com\/it\/soluzioni-marine-avanzate-per-i-cantieri-navali\/\",\"name\":\"Soluzioni marine avanzate per i cantieri navali - Baudouin\",\"isPartOf\":{\"@id\":\"https:\/\/baudouin.com\/#website\"},\"primaryImageOfPage\":{\"@id\":\"https:\/\/baudouin.com\/it\/soluzioni-marine-avanzate-per-i-cantieri-navali\/#primaryimage\"},\"image\":{\"@id\":\"https:\/\/baudouin.com\/it\/soluzioni-marine-avanzate-per-i-cantieri-navali\/#primaryimage\"},\"thumbnailUrl\":\"https:\/\/baudouin.com\/wp-content\/uploads\/2024\/03\/Shipyard-mobile.png\",\"datePublished\":\"2024-03-19T14:56:27+00:00\",\"dateModified\":\"2025-11-03T13:34:03+00:00\",\"description\":\"Baudouin pone l\u2019accento sull\u2019accessibilit\u00e0 e sulla completezza per offrire soluzioni marine affidabili e avanzate ai cantieri navali.\",\"breadcrumb\":{\"@id\":\"https:\/\/baudouin.com\/it\/soluzioni-marine-avanzate-per-i-cantieri-navali\/#breadcrumb\"},\"inLanguage\":\"it-IT\",\"potentialAction\":[{\"@type\":\"ReadAction\",\"target\":[\"https:\/\/baudouin.com\/it\/soluzioni-marine-avanzate-per-i-cantieri-navali\/\"]}]},{\"@type\":\"ImageObject\",\"inLanguage\":\"it-IT\",\"@id\":\"https:\/\/baudouin.com\/it\/soluzioni-marine-avanzate-per-i-cantieri-navali\/#primaryimage\",\"url\":\"https:\/\/baudouin.com\/wp-content\/uploads\/2024\/03\/Shipyard-mobile.png\",\"contentUrl\":\"https:\/\/baudouin.com\/wp-content\/uploads\/2024\/03\/Shipyard-mobile.png\",\"width\":1000,\"height\":1000,\"caption\":\"Shipyard marine and compact\"},{\"@type\":\"BreadcrumbList\",\"@id\":\"https:\/\/baudouin.com\/it\/soluzioni-marine-avanzate-per-i-cantieri-navali\/#breadcrumb\",\"itemListElement\":[{\"@type\":\"ListItem\",\"position\":1,\"name\":\"Home\",\"item\":\"https:\/\/baudouin.com\/it\/\"},{\"@type\":\"ListItem\",\"position\":2,\"name\":\"Soluzioni marine avanzate per i cantieri navali\"}]},{\"@type\":\"WebSite\",\"@id\":\"https:\/\/baudouin.com\/#website\",\"url\":\"https:\/\/baudouin.com\/\",\"name\":\"Baudouin\",\"description\":\"\",\"publisher\":{\"@id\":\"https:\/\/baudouin.com\/#organization\"},\"potentialAction\":[{\"@type\":\"SearchAction\",\"target\":{\"@type\":\"EntryPoint\",\"urlTemplate\":\"https:\/\/baudouin.com\/?s={search_term_string}\"},\"query-input\":{\"@type\":\"PropertyValueSpecification\",\"valueRequired\":true,\"valueName\":\"search_term_string\"}}],\"inLanguage\":\"it-IT\"},{\"@type\":\"Organization\",\"@id\":\"https:\/\/baudouin.com\/#organization\",\"name\":\"Moteurs Baudouin\",\"alternateName\":\"Moteurs Baudouin\",\"url\":\"https:\/\/baudouin.com\/\",\"logo\":{\"@type\":\"ImageObject\",\"inLanguage\":\"it-IT\",\"@id\":\"https:\/\/baudouin.com\/#\/schema\/logo\/image\/\",\"url\":\"https:\/\/baudouin.com\/wp-content\/uploads\/2024\/12\/Moteur-Baudouin-jpg.webp\",\"contentUrl\":\"https:\/\/baudouin.com\/wp-content\/uploads\/2024\/12\/Moteur-Baudouin-jpg.webp\",\"width\":150,\"height\":150,\"caption\":\"Moteurs Baudouin\"},\"image\":{\"@id\":\"https:\/\/baudouin.com\/#\/schema\/logo\/image\/\"}}]}<\/script>\n<!-- \/ Yoast SEO plugin. -->","yoast_head_json":{"title":"Soluzioni marine avanzate per i cantieri navali - Baudouin","description":"Baudouin pone l\u2019accento sull\u2019accessibilit\u00e0 e sulla completezza per offrire soluzioni marine affidabili e avanzate ai cantieri navali.","robots":{"index":"index","follow":"follow","max-snippet":"max-snippet:-1","max-image-preview":"max-image-preview:large","max-video-preview":"max-video-preview:-1"},"canonical":"https:\/\/baudouin.com\/it\/soluzioni-marine-avanzate-per-i-cantieri-navali\/","og_locale":"it_IT","og_type":"article","og_title":"Soluzioni marine avanzate per i cantieri navali - Baudouin","og_description":"Baudouin pone l\u2019accento sull\u2019accessibilit\u00e0 e sulla completezza per offrire soluzioni marine affidabili e avanzate ai cantieri navali.","og_url":"https:\/\/baudouin.com\/it\/soluzioni-marine-avanzate-per-i-cantieri-navali\/","og_site_name":"Baudouin","article_modified_time":"2025-11-03T13:34:03+00:00","og_image":[{"width":1000,"height":1000,"url":"https:\/\/baudouin.com\/wp-content\/uploads\/2024\/03\/Shipyard-mobile.png","type":"image\/png"}],"twitter_card":"summary_large_image","twitter_misc":{"Tempo di lettura stimato":"4 minuti"},"schema":{"@context":"https:\/\/schema.org","@graph":[{"@type":"WebPage","@id":"https:\/\/baudouin.com\/it\/soluzioni-marine-avanzate-per-i-cantieri-navali\/","url":"https:\/\/baudouin.com\/it\/soluzioni-marine-avanzate-per-i-cantieri-navali\/","name":"Soluzioni marine avanzate per i cantieri navali - Baudouin","isPartOf":{"@id":"https:\/\/baudouin.com\/#website"},"primaryImageOfPage":{"@id":"https:\/\/baudouin.com\/it\/soluzioni-marine-avanzate-per-i-cantieri-navali\/#primaryimage"},"image":{"@id":"https:\/\/baudouin.com\/it\/soluzioni-marine-avanzate-per-i-cantieri-navali\/#primaryimage"},"thumbnailUrl":"https:\/\/baudouin.com\/wp-content\/uploads\/2024\/03\/Shipyard-mobile.png","datePublished":"2024-03-19T14:56:27+00:00","dateModified":"2025-11-03T13:34:03+00:00","description":"Baudouin pone l\u2019accento sull\u2019accessibilit\u00e0 e sulla completezza per offrire soluzioni marine affidabili e avanzate ai cantieri navali.","breadcrumb":{"@id":"https:\/\/baudouin.com\/it\/soluzioni-marine-avanzate-per-i-cantieri-navali\/#breadcrumb"},"inLanguage":"it-IT","potentialAction":[{"@type":"ReadAction","target":["https:\/\/baudouin.com\/it\/soluzioni-marine-avanzate-per-i-cantieri-navali\/"]}]},{"@type":"ImageObject","inLanguage":"it-IT","@id":"https:\/\/baudouin.com\/it\/soluzioni-marine-avanzate-per-i-cantieri-navali\/#primaryimage","url":"https:\/\/baudouin.com\/wp-content\/uploads\/2024\/03\/Shipyard-mobile.png","contentUrl":"https:\/\/baudouin.com\/wp-content\/uploads\/2024\/03\/Shipyard-mobile.png","width":1000,"height":1000,"caption":"Shipyard marine and compact"},{"@type":"BreadcrumbList","@id":"https:\/\/baudouin.com\/it\/soluzioni-marine-avanzate-per-i-cantieri-navali\/#breadcrumb","itemListElement":[{"@type":"ListItem","position":1,"name":"Home","item":"https:\/\/baudouin.com\/it\/"},{"@type":"ListItem","position":2,"name":"Soluzioni marine avanzate per i cantieri navali"}]},{"@type":"WebSite","@id":"https:\/\/baudouin.com\/#website","url":"https:\/\/baudouin.com\/","name":"Baudouin","description":"","publisher":{"@id":"https:\/\/baudouin.com\/#organization"},"potentialAction":[{"@type":"SearchAction","target":{"@type":"EntryPoint","urlTemplate":"https:\/\/baudouin.com\/?s={search_term_string}"},"query-input":{"@type":"PropertyValueSpecification","valueRequired":true,"valueName":"search_term_string"}}],"inLanguage":"it-IT"},{"@type":"Organization","@id":"https:\/\/baudouin.com\/#organization","name":"Moteurs Baudouin","alternateName":"Moteurs Baudouin","url":"https:\/\/baudouin.com\/","logo":{"@type":"ImageObject","inLanguage":"it-IT","@id":"https:\/\/baudouin.com\/#\/schema\/logo\/image\/","url":"https:\/\/baudouin.com\/wp-content\/uploads\/2024\/12\/Moteur-Baudouin-jpg.webp","contentUrl":"https:\/\/baudouin.com\/wp-content\/uploads\/2024\/12\/Moteur-Baudouin-jpg.webp","width":150,"height":150,"caption":"Moteurs Baudouin"},"image":{"@id":"https:\/\/baudouin.com\/#\/schema\/logo\/image\/"}}]}},"_links":{"self":[{"href":"https:\/\/baudouin.com\/it\/wp-json\/wp\/v2\/pages\/76689","targetHints":{"allow":["GET"]}}],"collection":[{"href":"https:\/\/baudouin.com\/it\/wp-json\/wp\/v2\/pages"}],"about":[{"href":"https:\/\/baudouin.com\/it\/wp-json\/wp\/v2\/types\/page"}],"author":[{"embeddable":true,"href":"https:\/\/baudouin.com\/it\/wp-json\/wp\/v2\/users\/6"}],"replies":[{"embeddable":true,"href":"https:\/\/baudouin.com\/it\/wp-json\/wp\/v2\/comments?post=76689"}],"version-history":[{"count":14,"href":"https:\/\/baudouin.com\/it\/wp-json\/wp\/v2\/pages\/76689\/revisions"}],"predecessor-version":[{"id":80140,"href":"https:\/\/baudouin.com\/it\/wp-json\/wp\/v2\/pages\/76689\/revisions\/80140"}],"wp:featuredmedia":[{"embeddable":true,"href":"https:\/\/baudouin.com\/it\/wp-json\/wp\/v2\/media\/69183"}],"wp:attachment":[{"href":"https:\/\/baudouin.com\/it\/wp-json\/wp\/v2\/media?parent=76689"}],"curies":[{"name":"wp","href":"https:\/\/api.w.org\/{rel}","templated":true}]}}