{"id":76912,"date":"2025-03-10T14:35:44","date_gmt":"2025-03-10T14:35:44","guid":{"rendered":"https:\/\/baudouin.com\/?page_id=76912"},"modified":"2025-03-31T13:46:31","modified_gmt":"2025-03-31T13:46:31","slug":"moteurs-baudouin-powerkit","status":"publish","type":"page","link":"https:\/\/baudouin.com\/fr\/moteurs-baudouin-powerkit\/","title":{"rendered":"Moteurs Baudouin PowerKit"},"content":{"rendered":"<style>\n    .page-hero {\n        background-image:linear-gradient(rgba(0, 0, 0, 0.25), rgba(0, 0, 0, 0.25)), url('https:\/\/baudouin.com\/wp-content\/uploads\/2025\/03\/PowerKit-engines-mobile.webp');\n        background-repeat: no-repeat;\n    }\n    p, h2 {\n        color: #fff;\n    }\n    @media screen and (min-width: 768px) {\n        .page-hero {\n        background-image:linear-gradient(rgba(0, 0, 0, 0.25), rgba(0, 0, 0, 0.25)), url('https:\/\/baudouin.com\/wp-content\/uploads\/2025\/03\/PowerKit-engines.webp');\n    }\n    }\n<\/style>\n<section id=\"page-hero-block_21fdc4e0be6f42bf7c95e1192802332a\" class=\"page-hero py-[85px] lg:py-[100px] xl:pt-[100px] xl:pb-[242px] bg-dark-blue \">\n        <div class=\"hero-container mx-auto my-0 md:max-w-[1920px]\">\n        \n            \n        \n        <div class=\"page-hero__container flex flex-col-reverse md:flex-row lg:justify-between\">\n            <div class=\"page-hero__container--left text-center text-white lg:text-left\">\n                                    <div class=\"page-hero__container--left__breadcrumbs mb-7 lg:mb-[32px]\">\n                        <p id=\"breadcrumbs\" class=\"text-xsm text-white leading-5 font-semibold uppercase\"><span><span><a href=\"https:\/\/baudouin.com\/fr\/\">Home<\/a><\/span><\/span><\/p>                    <\/div>\n                                <h1 class=\"text-white  mb-[12px] uppercase font-bold md:mb-2.5 lg:mb-[33px]\">Moteurs Baudouin PowerKit <\/h1>\n                <!-- <p class=\"text-gray-form leading-[21px] w-full md:text-sm md:leading-6 md:max-w-[564px]\"><p>Les moteurs Baudouin PowerKit sont des moteurs haute performance disponibles en configuration diesel, gaz pauvre et gaz riche. Ils sont con\u00e7us pour offrir un rendement \u00e9nerg\u00e9tique optimal, une faible consommation de carburant et une grande fiabilit\u00e9. Adapt\u00e9s \u00e0 diverses industries, ils r\u00e9pondent \u00e0 des normes strictes en mati\u00e8re de performances et d&rsquo;\u00e9missions.<\/p>\n<\/p> -->\n                <p>Les moteurs Baudouin PowerKit sont des moteurs haute performance disponibles en configuration diesel, gaz pauvre et gaz riche. Ils sont con\u00e7us pour offrir un rendement \u00e9nerg\u00e9tique optimal, une faible consommation de carburant et une grande fiabilit\u00e9. Adapt\u00e9s \u00e0 diverses industries, ils r\u00e9pondent \u00e0 des normes strictes en mati\u00e8re de performances et d&rsquo;\u00e9missions.<\/p>\n            <\/div>\n           \n            \n        <\/div>\n\n    <\/div>\n<\/section>\n\n\n<div class=\"wp-block-group alignfull is-layout-constrained wp-block-group-is-layout-constrained\"><\/div>\n\n\n\n<div class=\"wp-block-group ghostkit-custom-2qqkUG is-layout-flow wp-block-group-is-layout-flow\">\n<div class=\"wp-block-columns is-layout-flex wp-container-core-columns-is-layout-1 wp-block-columns-is-layout-flex\">\n<div class=\"wp-block-column ghostkit-custom-X3dFF is-layout-flow wp-block-column-is-layout-flow\">\n<div class=\"wp-block-cover has-custom-content-position is-position-bottom-center ghostkit-custom-ZfoML2\"><span aria-hidden=\"true\" class=\"wp-block-cover__background has-background-dim-30 has-background-dim\"><\/span><img loading=\"lazy\" decoding=\"async\" width=\"1000\" height=\"780\" class=\"wp-block-cover__image-background wp-image-60981\" alt=\"\" src=\"https:\/\/baudouin.com\/wp-content\/uploads\/2023\/10\/moteurs-baudouin-powergen-solutions-powerkit-diesel-engines.jpg\" data-object-fit=\"cover\" srcset=\"https:\/\/baudouin.com\/wp-content\/uploads\/2023\/10\/moteurs-baudouin-powergen-solutions-powerkit-diesel-engines.jpg 1000w, https:\/\/baudouin.com\/wp-content\/uploads\/2023\/10\/moteurs-baudouin-powergen-solutions-powerkit-diesel-engines-300x234.jpg 300w, https:\/\/baudouin.com\/wp-content\/uploads\/2023\/10\/moteurs-baudouin-powergen-solutions-powerkit-diesel-engines-768x599.jpg 768w\" sizes=\"auto, (max-width: 1000px) 100vw, 1000px\" \/><div class=\"wp-block-cover__inner-container is-layout-flow wp-block-cover-is-layout-flow\">\n<h2 class=\"wp-block-heading has-text-align-center has-large-font-size\" id=\"moteurs-baudouin-powerkit-diesel\">MOTEURS BAUDOUIN POWERKIT DIESEL<\/h2>\n<\/div><\/div>\n\n\n\n<p class=\"has-text-align-center ghostkit-custom-JOOo3\">Notre gamme compl\u00e8te de Moteurs Baudouin PowerKit s&rsquo;\u00e9tend de 18 \u00e0 4\u00a0125\u00a0kVA, une gamme que peu de fabricants de moteurs peuvent \u00e9galer. Nous atteignons l&rsquo;excellence en mati\u00e8re de consommation de carburant, d&rsquo;acceptation de charge et de densit\u00e9 de puissance, ce qui fait de PowerKit la gamme de choix.<\/p>\n\n\n\n<div style=\"height:56px\" aria-hidden=\"true\" class=\"wp-block-spacer\"><\/div>\n\n\n\n<div class=\"wp-block-buttons is-content-justification-center is-layout-flex wp-container-core-buttons-is-layout-1 wp-block-buttons-is-layout-flex\">\n<div class=\"wp-block-button ghostkit-custom-FVO6i\"><a class=\"wp-block-button__link has-white-color has-text-color has-background wp-element-button\" href=\"\/fr\/engine_product-category\/moteur-baudouin-powerkit\/\" style=\"border-radius:0px;background-color:#001e61\">VOIR NOTRE GAMME DE MOTEURS POWERKIT DIESEL<\/a><\/div>\n<\/div>\n<\/div>\n\n\n\n<div class=\"wp-block-column is-layout-flow wp-block-column-is-layout-flow\">\n<div class=\"wp-block-cover is-light has-custom-content-position is-position-bottom-center ghostkit-custom-ZkkGxs\"><span aria-hidden=\"true\" class=\"wp-block-cover__background has-background-dim-30 has-background-dim\"><\/span><img loading=\"lazy\" decoding=\"async\" width=\"1000\" height=\"780\" class=\"wp-block-cover__image-background wp-image-60977\" alt=\"\" src=\"https:\/\/baudouin.com\/wp-content\/uploads\/2023\/10\/moteurs-baudouin-powergen-solutions-lean-burn-gas-engines.jpg\" data-object-fit=\"cover\" srcset=\"https:\/\/baudouin.com\/wp-content\/uploads\/2023\/10\/moteurs-baudouin-powergen-solutions-lean-burn-gas-engines.jpg 1000w, https:\/\/baudouin.com\/wp-content\/uploads\/2023\/10\/moteurs-baudouin-powergen-solutions-lean-burn-gas-engines-300x234.jpg 300w, https:\/\/baudouin.com\/wp-content\/uploads\/2023\/10\/moteurs-baudouin-powergen-solutions-lean-burn-gas-engines-768x599.jpg 768w\" sizes=\"auto, (max-width: 1000px) 100vw, 1000px\" \/><div class=\"wp-block-cover__inner-container is-layout-flow wp-block-cover-is-layout-flow\">\n<h2 class=\"wp-block-heading has-text-align-center has-white-color has-text-color has-large-font-size\" id=\"baudouin-propulsion-engines\">MOTEUR BAUDOUIN POWERKIT \u00c0 GAZ \u00c0 COMBUSTION PAUVRE<\/h2>\n<\/div><\/div>\n\n\n\n<p class=\"has-text-align-center ghostkit-custom-Z103oGr\">Les moteurs \u00e0 gaz Baudouin offrent une gamme de puissance allant de 63 \u00e0 1&nbsp;750&nbsp;kVA, ce qui est le compl\u00e9ment parfait \u00e0 la production d&rsquo;\u00e9nergie renouvelable, car leur flexibilit\u00e9 de fonctionnement et leur haut rendement peuvent compenser l&rsquo;intermittence de ces sources de production d&rsquo;\u00e9nergie. Les moteurs \u00e0 gaz PowerKit permettront d&rsquo;assurer une transition en douceur vers l&rsquo;absence d&rsquo;\u00e9missions, jusqu&rsquo;\u00e0 ce que l&rsquo;hydrog\u00e8ne et les \u00e9nergies enti\u00e8rement renouvelables soient disponibles \u00e0 grande \u00e9chelle.<\/p>\n\n\n\n<div class=\"wp-block-buttons is-content-justification-center is-layout-flex wp-container-core-buttons-is-layout-2 wp-block-buttons-is-layout-flex\">\n<div class=\"wp-block-button\"><a class=\"wp-block-button__link has-white-color has-text-color has-background wp-element-button\" href=\"\/fr\/engine_product-category\/moteur-powerkit-a-gaz-a-combustion-pauvre\/\" style=\"border-radius:0px;background-color:#001e61\">VOIR NOTRE GAMME POWERKIT \u00c0 GAZ \u00c0 COMBUSTION PAUVRE<\/a><\/div>\n<\/div>\n<\/div>\n<\/div>\n<\/div>\n\n\n\n<div class=\"wp-block-group ghostkit-custom-Z4oG29 is-layout-flow wp-block-group-is-layout-flow\">\n<div class=\"wp-block-columns is-layout-flex wp-container-core-columns-is-layout-2 wp-block-columns-is-layout-flex\">\n<div class=\"wp-block-column ghostkit-custom-ubY0e is-layout-flow wp-block-column-is-layout-flow\">\n<div class=\"wp-block-cover has-custom-content-position is-position-bottom-center ghostkit-custom-ZCGSJq\"><span aria-hidden=\"true\" class=\"wp-block-cover__background has-background-dim-30 has-background-dim\"><\/span><img loading=\"lazy\" decoding=\"async\" width=\"1000\" height=\"780\" class=\"wp-block-cover__image-background wp-image-60985\" alt=\"\" src=\"https:\/\/baudouin.com\/wp-content\/uploads\/2023\/10\/moteurs-baudouin-powergen-solutions-psi-rich-burn-gas-engines.jpg\" data-object-fit=\"cover\" srcset=\"https:\/\/baudouin.com\/wp-content\/uploads\/2023\/10\/moteurs-baudouin-powergen-solutions-psi-rich-burn-gas-engines.jpg 1000w, https:\/\/baudouin.com\/wp-content\/uploads\/2023\/10\/moteurs-baudouin-powergen-solutions-psi-rich-burn-gas-engines-300x234.jpg 300w, https:\/\/baudouin.com\/wp-content\/uploads\/2023\/10\/moteurs-baudouin-powergen-solutions-psi-rich-burn-gas-engines-768x599.jpg 768w\" sizes=\"auto, (max-width: 1000px) 100vw, 1000px\" \/><div class=\"wp-block-cover__inner-container is-layout-flow wp-block-cover-is-layout-flow\">\n<h2 class=\"wp-block-heading has-text-align-center has-white-color has-text-color has-large-font-size\" id=\"baudouin-propulsion-engines\">MOTEURS PSI \u00c0 GAZ \u00c0 COMBUSTION RICHE<\/h2>\n<\/div><\/div>\n\n\n\n<p class=\"has-text-align-center ghostkit-custom-2vmh5G\">PSI propose une gamme compl\u00e8te de solutions pour la production d&rsquo;\u00e9nergie \u00e9lectrique, comprenant des syst\u00e8mes int\u00e9gr\u00e9s sur mesure ainsi que des moteurs \u00e0 combustion riche sp\u00e9cialement adapt\u00e9s aux applications exigeantes et critiques. En savoir plus concernant <a href=\"https:\/\/psiengines.com\/\" target=\"_blank\" rel=\"noreferrer noopener\">Power Systems International<strong> <\/strong>(PSI)<\/a><\/p>\n\n\n\n<div class=\"wp-block-buttons is-content-justification-center is-layout-flex wp-container-core-buttons-is-layout-3 wp-block-buttons-is-layout-flex\">\n<div class=\"wp-block-button ghostkit-custom-Z2eWofJ\"><a class=\"wp-block-button__link has-white-color has-text-color has-background wp-element-button\" href=\"\/fr\/engine_product-category\/psi-a-gaz-a-combustion-riche\/\" style=\"border-radius:0px;background-color:#001e61\">VOIR NOTRE GAMME DE MOTEURS PSI \u00c0 GAZ \u00c0 COMBUSTION RICHE<\/a><\/div>\n<\/div>\n<\/div>\n\n\n\n<div class=\"wp-block-column ghostkit-custom-28yh5H is-layout-flow wp-block-column-is-layout-flow\"><\/div>\n<\/div>\n<\/div>\n\n\n\n<p><\/p>\n","protected":false},"excerpt":{"rendered":"<p>Notre gamme compl\u00e8te de Moteurs Baudouin PowerKit s&rsquo;\u00e9tend de 18 \u00e0 4\u00a0125\u00a0kVA, une gamme que peu de fabricants de moteurs peuvent \u00e9galer. Nous atteignons l&rsquo;excellence en mati\u00e8re de consommation de carburant, d&rsquo;acceptation&#8230;<\/p>\n","protected":false},"author":6,"featured_media":76937,"parent":0,"menu_order":0,"comment_status":"closed","ping_status":"closed","template":"","meta":{"_acf_changed":false,"content-type":"","ghostkit_customizer_options":"","ghostkit_custom_css":"","ghostkit_custom_js_head":"","ghostkit_custom_js_foot":"","ghostkit_typography":"","two_page_speed":[],"footnotes":""},"class_list":["post-76912","page","type-page","status-publish","has-post-thumbnail","hentry"],"acf":[],"yoast_head":"<!-- This site is optimized with the Yoast SEO plugin v26.8 - https:\/\/yoast.com\/product\/yoast-seo-wordpress\/ -->\n<title>Moteurs Baudouin PowerKit - Baudouin<\/title>\n<meta name=\"description\" content=\"Baudouin est fier d&#039;offrir la gamme la plus compl\u00e8te de moteurs PowerKit diesel et gaz disponibles sur le march\u00e9.\" \/>\n<meta name=\"robots\" content=\"index, follow, max-snippet:-1, max-image-preview:large, max-video-preview:-1\" \/>\n<link rel=\"canonical\" href=\"https:\/\/baudouin.com\/fr\/moteurs-baudouin-powerkit\/\" \/>\n<meta property=\"og:locale\" content=\"fr_FR\" \/>\n<meta property=\"og:type\" content=\"article\" \/>\n<meta property=\"og:title\" content=\"Moteurs Baudouin PowerKit - Baudouin\" \/>\n<meta property=\"og:description\" content=\"Baudouin est fier d&#039;offrir la gamme la plus compl\u00e8te de moteurs PowerKit diesel et gaz disponibles sur le march\u00e9.\" \/>\n<meta property=\"og:url\" content=\"https:\/\/baudouin.com\/fr\/moteurs-baudouin-powerkit\/\" \/>\n<meta property=\"og:site_name\" content=\"Baudouin\" \/>\n<meta property=\"article:modified_time\" content=\"2025-03-31T13:46:31+00:00\" \/>\n<meta property=\"og:image\" content=\"https:\/\/baudouin.com\/wp-content\/uploads\/2025\/03\/PowerKit-engines-mobile.webp\" \/>\n\t<meta property=\"og:image:width\" content=\"1000\" \/>\n\t<meta property=\"og:image:height\" content=\"780\" \/>\n\t<meta property=\"og:image:type\" content=\"image\/jpeg\" \/>\n<meta name=\"twitter:card\" content=\"summary_large_image\" \/>\n<meta name=\"twitter:label1\" content=\"Dur\u00e9e de lecture estim\u00e9e\" \/>\n\t<meta name=\"twitter:data1\" content=\"2 minutes\" \/>\n<script type=\"application\/ld+json\" class=\"yoast-schema-graph\">{\"@context\":\"https:\/\/schema.org\",\"@graph\":[{\"@type\":\"WebPage\",\"@id\":\"https:\/\/baudouin.com\/fr\/moteurs-baudouin-powerkit\/\",\"url\":\"https:\/\/baudouin.com\/fr\/moteurs-baudouin-powerkit\/\",\"name\":\"Moteurs Baudouin PowerKit - Baudouin\",\"isPartOf\":{\"@id\":\"https:\/\/baudouin.com\/#website\"},\"primaryImageOfPage\":{\"@id\":\"https:\/\/baudouin.com\/fr\/moteurs-baudouin-powerkit\/#primaryimage\"},\"image\":{\"@id\":\"https:\/\/baudouin.com\/fr\/moteurs-baudouin-powerkit\/#primaryimage\"},\"thumbnailUrl\":\"https:\/\/baudouin.com\/wp-content\/uploads\/2025\/03\/PowerKit-engines-mobile.webp\",\"datePublished\":\"2025-03-10T14:35:44+00:00\",\"dateModified\":\"2025-03-31T13:46:31+00:00\",\"description\":\"Baudouin est fier d'offrir la gamme la plus compl\u00e8te de moteurs PowerKit diesel et gaz disponibles sur le march\u00e9.\",\"breadcrumb\":{\"@id\":\"https:\/\/baudouin.com\/fr\/moteurs-baudouin-powerkit\/#breadcrumb\"},\"inLanguage\":\"fr-FR\",\"potentialAction\":[{\"@type\":\"ReadAction\",\"target\":[\"https:\/\/baudouin.com\/fr\/moteurs-baudouin-powerkit\/\"]}]},{\"@type\":\"ImageObject\",\"inLanguage\":\"fr-FR\",\"@id\":\"https:\/\/baudouin.com\/fr\/moteurs-baudouin-powerkit\/#primaryimage\",\"url\":\"https:\/\/baudouin.com\/wp-content\/uploads\/2025\/03\/PowerKit-engines-mobile.webp\",\"contentUrl\":\"https:\/\/baudouin.com\/wp-content\/uploads\/2025\/03\/PowerKit-engines-mobile.webp\",\"width\":1000,\"height\":780},{\"@type\":\"BreadcrumbList\",\"@id\":\"https:\/\/baudouin.com\/fr\/moteurs-baudouin-powerkit\/#breadcrumb\",\"itemListElement\":[{\"@type\":\"ListItem\",\"position\":1,\"name\":\"Home\",\"item\":\"https:\/\/baudouin.com\/fr\/\"},{\"@type\":\"ListItem\",\"position\":2,\"name\":\"Moteurs Baudouin PowerKit\"}]},{\"@type\":\"WebSite\",\"@id\":\"https:\/\/baudouin.com\/#website\",\"url\":\"https:\/\/baudouin.com\/\",\"name\":\"Baudouin\",\"description\":\"\",\"publisher\":{\"@id\":\"https:\/\/baudouin.com\/#organization\"},\"potentialAction\":[{\"@type\":\"SearchAction\",\"target\":{\"@type\":\"EntryPoint\",\"urlTemplate\":\"https:\/\/baudouin.com\/?s={search_term_string}\"},\"query-input\":{\"@type\":\"PropertyValueSpecification\",\"valueRequired\":true,\"valueName\":\"search_term_string\"}}],\"inLanguage\":\"fr-FR\"},{\"@type\":\"Organization\",\"@id\":\"https:\/\/baudouin.com\/#organization\",\"name\":\"Moteurs Baudouin\",\"alternateName\":\"Moteurs Baudouin\",\"url\":\"https:\/\/baudouin.com\/\",\"logo\":{\"@type\":\"ImageObject\",\"inLanguage\":\"fr-FR\",\"@id\":\"https:\/\/baudouin.com\/#\/schema\/logo\/image\/\",\"url\":\"https:\/\/baudouin.com\/wp-content\/uploads\/2024\/12\/Moteur-Baudouin-jpg.webp\",\"contentUrl\":\"https:\/\/baudouin.com\/wp-content\/uploads\/2024\/12\/Moteur-Baudouin-jpg.webp\",\"width\":150,\"height\":150,\"caption\":\"Moteurs Baudouin\"},\"image\":{\"@id\":\"https:\/\/baudouin.com\/#\/schema\/logo\/image\/\"}}]}<\/script>\n<!-- \/ Yoast SEO plugin. -->","yoast_head_json":{"title":"Moteurs Baudouin PowerKit - Baudouin","description":"Baudouin est fier d'offrir la gamme la plus compl\u00e8te de moteurs PowerKit diesel et gaz disponibles sur le march\u00e9.","robots":{"index":"index","follow":"follow","max-snippet":"max-snippet:-1","max-image-preview":"max-image-preview:large","max-video-preview":"max-video-preview:-1"},"canonical":"https:\/\/baudouin.com\/fr\/moteurs-baudouin-powerkit\/","og_locale":"fr_FR","og_type":"article","og_title":"Moteurs Baudouin PowerKit - Baudouin","og_description":"Baudouin est fier d'offrir la gamme la plus compl\u00e8te de moteurs PowerKit diesel et gaz disponibles sur le march\u00e9.","og_url":"https:\/\/baudouin.com\/fr\/moteurs-baudouin-powerkit\/","og_site_name":"Baudouin","article_modified_time":"2025-03-31T13:46:31+00:00","og_image":[{"width":1000,"height":780,"url":"https:\/\/baudouin.com\/wp-content\/uploads\/2025\/03\/PowerKit-engines-mobile.webp","type":"image\/jpeg"}],"twitter_card":"summary_large_image","twitter_misc":{"Dur\u00e9e de lecture estim\u00e9e":"2 minutes"},"schema":{"@context":"https:\/\/schema.org","@graph":[{"@type":"WebPage","@id":"https:\/\/baudouin.com\/fr\/moteurs-baudouin-powerkit\/","url":"https:\/\/baudouin.com\/fr\/moteurs-baudouin-powerkit\/","name":"Moteurs Baudouin PowerKit - Baudouin","isPartOf":{"@id":"https:\/\/baudouin.com\/#website"},"primaryImageOfPage":{"@id":"https:\/\/baudouin.com\/fr\/moteurs-baudouin-powerkit\/#primaryimage"},"image":{"@id":"https:\/\/baudouin.com\/fr\/moteurs-baudouin-powerkit\/#primaryimage"},"thumbnailUrl":"https:\/\/baudouin.com\/wp-content\/uploads\/2025\/03\/PowerKit-engines-mobile.webp","datePublished":"2025-03-10T14:35:44+00:00","dateModified":"2025-03-31T13:46:31+00:00","description":"Baudouin est fier d'offrir la gamme la plus compl\u00e8te de moteurs PowerKit diesel et gaz disponibles sur le march\u00e9.","breadcrumb":{"@id":"https:\/\/baudouin.com\/fr\/moteurs-baudouin-powerkit\/#breadcrumb"},"inLanguage":"fr-FR","potentialAction":[{"@type":"ReadAction","target":["https:\/\/baudouin.com\/fr\/moteurs-baudouin-powerkit\/"]}]},{"@type":"ImageObject","inLanguage":"fr-FR","@id":"https:\/\/baudouin.com\/fr\/moteurs-baudouin-powerkit\/#primaryimage","url":"https:\/\/baudouin.com\/wp-content\/uploads\/2025\/03\/PowerKit-engines-mobile.webp","contentUrl":"https:\/\/baudouin.com\/wp-content\/uploads\/2025\/03\/PowerKit-engines-mobile.webp","width":1000,"height":780},{"@type":"BreadcrumbList","@id":"https:\/\/baudouin.com\/fr\/moteurs-baudouin-powerkit\/#breadcrumb","itemListElement":[{"@type":"ListItem","position":1,"name":"Home","item":"https:\/\/baudouin.com\/fr\/"},{"@type":"ListItem","position":2,"name":"Moteurs Baudouin PowerKit"}]},{"@type":"WebSite","@id":"https:\/\/baudouin.com\/#website","url":"https:\/\/baudouin.com\/","name":"Baudouin","description":"","publisher":{"@id":"https:\/\/baudouin.com\/#organization"},"potentialAction":[{"@type":"SearchAction","target":{"@type":"EntryPoint","urlTemplate":"https:\/\/baudouin.com\/?s={search_term_string}"},"query-input":{"@type":"PropertyValueSpecification","valueRequired":true,"valueName":"search_term_string"}}],"inLanguage":"fr-FR"},{"@type":"Organization","@id":"https:\/\/baudouin.com\/#organization","name":"Moteurs Baudouin","alternateName":"Moteurs Baudouin","url":"https:\/\/baudouin.com\/","logo":{"@type":"ImageObject","inLanguage":"fr-FR","@id":"https:\/\/baudouin.com\/#\/schema\/logo\/image\/","url":"https:\/\/baudouin.com\/wp-content\/uploads\/2024\/12\/Moteur-Baudouin-jpg.webp","contentUrl":"https:\/\/baudouin.com\/wp-content\/uploads\/2024\/12\/Moteur-Baudouin-jpg.webp","width":150,"height":150,"caption":"Moteurs Baudouin"},"image":{"@id":"https:\/\/baudouin.com\/#\/schema\/logo\/image\/"}}]}},"_links":{"self":[{"href":"https:\/\/baudouin.com\/fr\/wp-json\/wp\/v2\/pages\/76912","targetHints":{"allow":["GET"]}}],"collection":[{"href":"https:\/\/baudouin.com\/fr\/wp-json\/wp\/v2\/pages"}],"about":[{"href":"https:\/\/baudouin.com\/fr\/wp-json\/wp\/v2\/types\/page"}],"author":[{"embeddable":true,"href":"https:\/\/baudouin.com\/fr\/wp-json\/wp\/v2\/users\/6"}],"replies":[{"embeddable":true,"href":"https:\/\/baudouin.com\/fr\/wp-json\/wp\/v2\/comments?post=76912"}],"version-history":[{"count":6,"href":"https:\/\/baudouin.com\/fr\/wp-json\/wp\/v2\/pages\/76912\/revisions"}],"predecessor-version":[{"id":77315,"href":"https:\/\/baudouin.com\/fr\/wp-json\/wp\/v2\/pages\/76912\/revisions\/77315"}],"wp:featuredmedia":[{"embeddable":true,"href":"https:\/\/baudouin.com\/fr\/wp-json\/wp\/v2\/media\/76937"}],"wp:attachment":[{"href":"https:\/\/baudouin.com\/fr\/wp-json\/wp\/v2\/media?parent=76912"}],"curies":[{"name":"wp","href":"https:\/\/api.w.org\/{rel}","templated":true}]}}