{"id":71614,"date":"2024-06-19T15:06:08","date_gmt":"2024-06-19T15:06:08","guid":{"rendered":"https:\/\/baudouin.com\/?page_id=71614"},"modified":"2026-03-31T08:25:10","modified_gmt":"2026-03-31T08:25:10","slug":"engins-mobiles-non-routiers-baudouin","status":"publish","type":"page","link":"https:\/\/baudouin.com\/fr\/engins-mobiles-non-routiers-baudouin\/","title":{"rendered":"Moteurs mobiles non routiers"},"content":{"rendered":"\n<div style=\"height:56px\" aria-hidden=\"true\" class=\"wp-block-spacer\"><\/div>\n\n\n\n<h1 class=\"wp-block-heading has-text-align-center has-large-font-size\" id=\"moteurs-mobiles-non-routiers\">Moteurs mobiles non routiers<\/h1>\n\n\n\n<div class=\"wp-block-group ghostkit-custom-jUvqY is-layout-flow wp-block-group-is-layout-flow\">\n<div class=\"wp-block-columns is-layout-flex wp-container-core-columns-is-layout-1 wp-block-columns-is-layout-flex\">\n<div class=\"wp-block-column ghostkit-custom-GCbUl is-layout-flow wp-block-column-is-layout-flow\">\n<div class=\"wp-block-cover is-light has-custom-content-position is-position-bottom-center ghostkit-custom-gddBL\"><span aria-hidden=\"true\" class=\"wp-block-cover__background has-background-dim-30 has-background-dim\" style=\"background-color:#cd963b\"><\/span><img loading=\"lazy\" decoding=\"async\" width=\"1300\" height=\"1100\" class=\"wp-block-cover__image-background wp-image-71119\" alt=\"Moteurs mobiles non routiers pour agriculture. \" src=\"https:\/\/baudouin.com\/wp-content\/uploads\/2024\/05\/Agricultural-sector.png\" data-object-fit=\"cover\" srcset=\"https:\/\/baudouin.com\/wp-content\/uploads\/2024\/05\/Agricultural-sector.png 1300w, https:\/\/baudouin.com\/wp-content\/uploads\/2024\/05\/Agricultural-sector-300x254.png 300w, https:\/\/baudouin.com\/wp-content\/uploads\/2024\/05\/Agricultural-sector-1024x866.png 1024w, https:\/\/baudouin.com\/wp-content\/uploads\/2024\/05\/Agricultural-sector-768x650.png 768w\" sizes=\"auto, (max-width: 1300px) 100vw, 1300px\" \/><div class=\"wp-block-cover__inner-container is-layout-flow wp-block-cover-is-layout-flow\">\n<h2 class=\"wp-block-heading has-text-align-center has-white-color has-text-color has-link-color has-large-font-size wp-elements-40d2a6b9017efc166b5a50ff1893990b\" id=\"agricultural-pump-1\">AGRICULTURE  <\/h2>\n<\/div><\/div>\n\n\n\n<p class=\"has-text-align-center ghostkit-custom-2qfKVG\">Les moteurs mobiles non routiers sont essentiels au secteur agricole. Ils fournissent la puissance n\u00e9cessaire \u00e0 une large gamme de machines agricoles. Qu&rsquo;il s&rsquo;agisse de tracteurs, de moissonneuses-batteuses ou de pulv\u00e9risateurs, ces moteurs sont con\u00e7us pour fonctionner efficacement dans des conditions exigeantes, garantissant ainsi des performances fiables et durables.<\/p>\n<\/div>\n\n\n\n<div class=\"wp-block-column is-layout-flow wp-block-column-is-layout-flow\">\n<div class=\"wp-block-cover is-light has-custom-content-position is-position-bottom-center ghostkit-custom-ZOSsRT\"><span aria-hidden=\"true\" class=\"wp-block-cover__background has-background-dim-30 has-background-dim\" style=\"background-color:#9a9484\"><\/span><img loading=\"lazy\" decoding=\"async\" width=\"1300\" height=\"1100\" class=\"wp-block-cover__image-background wp-image-71617\" alt=\"Moteurs mobiles non routiers pour constructions. \" src=\"https:\/\/baudouin.com\/wp-content\/uploads\/2024\/06\/Construction-mobile-engine.png\" data-object-fit=\"cover\" srcset=\"https:\/\/baudouin.com\/wp-content\/uploads\/2024\/06\/Construction-mobile-engine.png 1300w, https:\/\/baudouin.com\/wp-content\/uploads\/2024\/06\/Construction-mobile-engine-300x254.png 300w, https:\/\/baudouin.com\/wp-content\/uploads\/2024\/06\/Construction-mobile-engine-1024x866.png 1024w, https:\/\/baudouin.com\/wp-content\/uploads\/2024\/06\/Construction-mobile-engine-768x650.png 768w\" sizes=\"auto, (max-width: 1300px) 100vw, 1300px\" \/><div class=\"wp-block-cover__inner-container is-layout-flow wp-block-cover-is-layout-flow\">\n<h2 class=\"wp-block-heading has-text-align-center has-large-font-size\" id=\"baudouin-propulsion-engines\"><mark style=\"background-color:rgba(0, 0, 0, 0)\" class=\"has-inline-color has-white-color\">CONSTRUCTION<\/mark><\/h2>\n<\/div><\/div>\n\n\n\n<p class=\"has-text-align-center ghostkit-custom-1yWFUx\">Dans le secteur de la construction, les \u00e9quipements tels que les excavateurs, les bulldozers, les engins de manutention, les camions \u00e0 benne et les grues sont \u00e9quip\u00e9s de moteurs con\u00e7us pour des applications mobiles. Ces moteurs offrent une puissance \u00e9lev\u00e9e et des performances fiables, m\u00eame dans les conditions les plus difficiles.<\/p>\n<\/div>\n\n\n\n<div class=\"wp-block-column is-layout-flow wp-block-column-is-layout-flow\">\n<div class=\"wp-block-cover is-light has-custom-content-position is-position-bottom-center ghostkit-custom-26wEwJ\"><span aria-hidden=\"true\" class=\"wp-block-cover__background has-background-dim-30 has-background-dim\" style=\"background-color:#9b959d\"><\/span><img loading=\"lazy\" decoding=\"async\" width=\"1300\" height=\"1100\" class=\"wp-block-cover__image-background wp-image-71622\" alt=\"\" src=\"https:\/\/baudouin.com\/wp-content\/uploads\/2024\/06\/Material-handling.png\" data-object-fit=\"cover\" srcset=\"https:\/\/baudouin.com\/wp-content\/uploads\/2024\/06\/Material-handling.png 1300w, https:\/\/baudouin.com\/wp-content\/uploads\/2024\/06\/Material-handling-300x254.png 300w, https:\/\/baudouin.com\/wp-content\/uploads\/2024\/06\/Material-handling-1024x866.png 1024w, https:\/\/baudouin.com\/wp-content\/uploads\/2024\/06\/Material-handling-768x650.png 768w\" sizes=\"auto, (max-width: 1300px) 100vw, 1300px\" \/><div class=\"wp-block-cover__inner-container is-layout-flow wp-block-cover-is-layout-flow\">\n<h2 class=\"wp-block-heading has-text-align-center has-white-color has-text-color has-large-font-size\" id=\"baudouin-propulsion-engines\">MANUTENTION <\/h2>\n<\/div><\/div>\n\n\n\n<p class=\"has-text-align-center ghostkit-custom-1S4BPI\">Les \u00e9quipements de manutention tels que les chariots \u00e9l\u00e9vateurs, les transpalettes, les grues RTG et d&rsquo;autres types de grues sont \u00e9quip\u00e9s de moteurs con\u00e7us pour des applications mobiles. Ces moteurs offrent une puissance fiable et des performances efficaces, facilitant la manutention et le transport de mat\u00e9riaux dans divers <a href=\"https:\/\/baudouin.com\/fr\/solutions-avancees-pour-les-moteurs-industriels\/\">environnements industriels<\/a>.<\/p>\n<\/div>\n<\/div>\n<\/div>\n\n\n\n<div class=\"wp-block-group ghostkit-custom-Z1RMEiA is-layout-flow wp-block-group-is-layout-flow\">\n<div class=\"wp-block-columns is-layout-flex wp-container-core-columns-is-layout-2 wp-block-columns-is-layout-flex\">\n<div class=\"wp-block-column is-vertically-aligned-top ghostkit-custom-ubY0e is-layout-flow wp-block-column-is-layout-flow\">\n<div class=\"wp-block-cover is-light has-custom-content-position is-position-bottom-center ghostkit-custom-ZCGSJq\"><span aria-hidden=\"true\" class=\"wp-block-cover__background has-background-dim-30 has-background-dim\" style=\"background-color:#a4abae\"><\/span><img loading=\"lazy\" decoding=\"async\" width=\"1300\" height=\"1100\" class=\"wp-block-cover__image-background wp-image-71626\" alt=\"\" src=\"https:\/\/baudouin.com\/wp-content\/uploads\/2024\/06\/Forestry.png\" data-object-fit=\"cover\" srcset=\"https:\/\/baudouin.com\/wp-content\/uploads\/2024\/06\/Forestry.png 1300w, https:\/\/baudouin.com\/wp-content\/uploads\/2024\/06\/Forestry-300x254.png 300w, https:\/\/baudouin.com\/wp-content\/uploads\/2024\/06\/Forestry-1024x866.png 1024w, https:\/\/baudouin.com\/wp-content\/uploads\/2024\/06\/Forestry-768x650.png 768w\" sizes=\"auto, (max-width: 1300px) 100vw, 1300px\" \/><div class=\"wp-block-cover__inner-container is-layout-flow wp-block-cover-is-layout-flow\">\n<h2 class=\"wp-block-heading has-text-align-center has-white-color has-text-color has-large-font-size\" id=\"baudouin-propulsion-engines\">INDUSTRIE FORESTI\u00c8RE<\/h2>\n<\/div><\/div>\n\n\n\n<p class=\"has-text-align-center ghostkit-custom-2vmh5G\">Baudouin permet \u00e0 l&rsquo;industrie foresti\u00e8re d&rsquo;augmenter sa productivit\u00e9 en fournissant une puissance constante et en r\u00e9sistant aux environnements difficiles. Ils conviennent aux machines telles que les d\u00e9busqueuses, les moissonneuses, les dumpers, les chargeuses compactes et les d\u00e9chiqueteuses.<\/p>\n<\/div>\n\n\n\n<div class=\"wp-block-column is-vertically-aligned-top ghostkit-custom-1jYmWb is-layout-flow wp-block-column-is-layout-flow\">\n<div class=\"wp-block-cover has-custom-content-position is-position-bottom-center ghostkit-custom-ZyzBId\"><span aria-hidden=\"true\" class=\"wp-block-cover__background has-background-dim-30 has-background-dim\" style=\"background-color:#554f4c\"><\/span><img loading=\"lazy\" decoding=\"async\" width=\"1300\" height=\"1100\" class=\"wp-block-cover__image-background wp-image-71631\" alt=\"Moteurs mobiles non routiers pour les mines. \" src=\"https:\/\/baudouin.com\/wp-content\/uploads\/2024\/06\/Mining.png\" data-object-fit=\"cover\" srcset=\"https:\/\/baudouin.com\/wp-content\/uploads\/2024\/06\/Mining.png 1300w, https:\/\/baudouin.com\/wp-content\/uploads\/2024\/06\/Mining-300x254.png 300w, https:\/\/baudouin.com\/wp-content\/uploads\/2024\/06\/Mining-1024x866.png 1024w, https:\/\/baudouin.com\/wp-content\/uploads\/2024\/06\/Mining-768x650.png 768w\" sizes=\"auto, (max-width: 1300px) 100vw, 1300px\" \/><div class=\"wp-block-cover__inner-container is-layout-flow wp-block-cover-is-layout-flow\">\n<h2 class=\"wp-block-heading has-text-align-center has-large-font-size\" id=\"baudouin-propulsion-engines\">EXPLOITATION MINIERE  <\/h2>\n<\/div><\/div>\n\n\n\n<p class=\"has-text-align-center ghostkit-custom-DD43c\">Pour l&rsquo;industrie mini\u00e8re, Baudouin fournit l&rsquo;\u00e9nergie n\u00e9cessaire aux \u00e9quipements tels que les foreuses, les chargeurs et les camions de transport. Con\u00e7us pour fonctionner dans des environnements extr\u00eames, ces moteurs offrent des performances fiables et une durabilit\u00e9 exceptionnelle.<\/p>\n<\/div>\n\n\n\n<div class=\"wp-block-column is-vertically-aligned-top is-layout-flow wp-block-column-is-layout-flow\">\n<div class=\"wp-block-cover has-custom-content-position is-position-bottom-center ghostkit-custom-xeTgx\"><span aria-hidden=\"true\" class=\"wp-block-cover__background has-background-dim-30 has-background-dim\" style=\"background-color:#6d8c54\"><\/span><img loading=\"lazy\" decoding=\"async\" width=\"1300\" height=\"1100\" class=\"wp-block-cover__image-background wp-image-71827\" alt=\"\" src=\"https:\/\/baudouin.com\/wp-content\/uploads\/2024\/06\/Locomotive.png\" data-object-fit=\"cover\" srcset=\"https:\/\/baudouin.com\/wp-content\/uploads\/2024\/06\/Locomotive.png 1300w, https:\/\/baudouin.com\/wp-content\/uploads\/2024\/06\/Locomotive-300x254.png 300w, https:\/\/baudouin.com\/wp-content\/uploads\/2024\/06\/Locomotive-1024x866.png 1024w, https:\/\/baudouin.com\/wp-content\/uploads\/2024\/06\/Locomotive-768x650.png 768w\" sizes=\"auto, (max-width: 1300px) 100vw, 1300px\" \/><div class=\"wp-block-cover__inner-container is-layout-flow wp-block-cover-is-layout-flow\">\n<h2 class=\"wp-block-heading has-text-align-center has-white-color has-text-color has-link-color has-large-font-size wp-elements-19d9ed9414ca65a8d0ca58e64305b2e1\" id=\"baudouin-propulsion-engines\">LOCOMOTIVE<\/h2>\n<\/div><\/div>\n\n\n\n<p class=\"has-text-align-center\">Dans l&rsquo;<a href=\"https:\/\/industrie-ferroviaire.fr\/\">industrie ferroviaire<\/a>, les moteurs mobiles non routiers offrent des performances optimales et une fiabilit\u00e9 exceptionnelle sont essentielles. Ils s&rsquo;adaptent parfaitement comme aux \u00e9quipements de soutien au fret et \u00e0 la logistique<\/p>\n<\/div>\n<\/div>\n<\/div>\n\n\n\n<div class=\"wp-block-cover aligncenter ghostkit-custom-Z1velyB\"><span aria-hidden=\"true\" class=\"wp-block-cover__background has-background-dim-60 has-background-dim\"><\/span><img loading=\"lazy\" decoding=\"async\" width=\"2500\" height=\"1000\" class=\"wp-block-cover__image-background wp-image-60156\" alt=\"\" src=\"https:\/\/baudouin.com\/wp-content\/uploads\/2023\/10\/moteurs-baudouin-become-a-trusted-partner.jpg\" data-object-fit=\"cover\" srcset=\"https:\/\/baudouin.com\/wp-content\/uploads\/2023\/10\/moteurs-baudouin-become-a-trusted-partner.jpg 2500w, https:\/\/baudouin.com\/wp-content\/uploads\/2023\/10\/moteurs-baudouin-become-a-trusted-partner-300x120.jpg 300w, https:\/\/baudouin.com\/wp-content\/uploads\/2023\/10\/moteurs-baudouin-become-a-trusted-partner-1024x410.jpg 1024w, https:\/\/baudouin.com\/wp-content\/uploads\/2023\/10\/moteurs-baudouin-become-a-trusted-partner-768x307.jpg 768w, https:\/\/baudouin.com\/wp-content\/uploads\/2023\/10\/moteurs-baudouin-become-a-trusted-partner-1536x614.jpg 1536w, https:\/\/baudouin.com\/wp-content\/uploads\/2023\/10\/moteurs-baudouin-become-a-trusted-partner-2048x819.jpg 2048w\" sizes=\"auto, (max-width: 2500px) 100vw, 2500px\" \/><div class=\"wp-block-cover__inner-container is-layout-flow wp-block-cover-is-layout-flow\">\n<h5 class=\"wp-block-heading has-text-align-center ghostkit-custom-Z1Yozpi has-white-color has-text-color\" id=\"become-a-trusted-partner-1\">Moteurs Mobiles<\/h5>\n\n\n\n<p class=\"has-text-align-center ghostkit-custom-ZyNXoB has-white-color has-text-color\">D\u00e9couvrez les fonctionnalit\u00e9s de notre gamme de moteurs mobiles.<\/p>\n\n\n\n<div class=\"wp-block-buttons is-content-justification-center is-layout-flex wp-container-core-buttons-is-layout-1 wp-block-buttons-is-layout-flex\">\n<div class=\"wp-block-button\"><a class=\"wp-block-button__link has-white-background-color has-text-color has-background wp-element-button\" href=\"https:\/\/baudouin.com\/fr\/engine_product-category\/moteurs-mobiles-non-routiers\/\" style=\"border-radius:0px;color:#706f6f\" target=\"_blank\" rel=\"noreferrer noopener\">D\u00e9couvrir nos moteurs<\/a><\/div>\n<\/div>\n<\/div><\/div>\n\n\n\n<p><\/p>\n","protected":false},"excerpt":{"rendered":"<p>Moteurs mobiles non routiers Les moteurs mobiles non routiers sont essentiels au secteur agricole. Ils fournissent la puissance n\u00e9cessaire \u00e0 une large gamme de machines agricoles. Qu&rsquo;il s&rsquo;agisse de tracteurs, de moissonneuses-batteuses&#8230;<\/p>\n","protected":false},"author":6,"featured_media":72045,"parent":0,"menu_order":0,"comment_status":"closed","ping_status":"closed","template":"","meta":{"_acf_changed":false,"content-type":"","ghostkit_customizer_options":"","ghostkit_custom_css":"","ghostkit_custom_js_head":"","ghostkit_custom_js_foot":"","ghostkit_typography":"","two_page_speed":[],"footnotes":""},"class_list":["post-71614","page","type-page","status-publish","has-post-thumbnail","hentry"],"acf":[],"yoast_head":"<!-- This site is optimized with the Yoast SEO plugin v26.8 - https:\/\/yoast.com\/product\/yoast-seo-wordpress\/ -->\n<title>Moteurs mobiles non routiers - Baudouin<\/title>\n<meta name=\"description\" content=\"Baudouin offre des moteurs mobiles non routiers pour l&#039;agriculture, la construction et les projets sp\u00e9ciaux, adapt\u00e9es \u00e0 vos besoins.\" \/>\n<meta name=\"robots\" content=\"index, follow, max-snippet:-1, max-image-preview:large, max-video-preview:-1\" \/>\n<link rel=\"canonical\" href=\"https:\/\/baudouin.com\/fr\/engins-mobiles-non-routiers-baudouin\/\" \/>\n<meta property=\"og:locale\" content=\"fr_FR\" \/>\n<meta property=\"og:type\" content=\"article\" \/>\n<meta property=\"og:title\" content=\"Moteurs mobiles non routiers - Baudouin\" \/>\n<meta property=\"og:description\" content=\"Baudouin offre des moteurs mobiles non routiers pour l&#039;agriculture, la construction et les projets sp\u00e9ciaux, adapt\u00e9es \u00e0 vos besoins.\" \/>\n<meta property=\"og:url\" content=\"https:\/\/baudouin.com\/fr\/engins-mobiles-non-routiers-baudouin\/\" \/>\n<meta property=\"og:site_name\" content=\"Baudouin\" \/>\n<meta property=\"article:modified_time\" content=\"2026-03-31T08:25:10+00:00\" \/>\n<meta property=\"og:image\" content=\"https:\/\/baudouin.com\/wp-content\/uploads\/2024\/06\/Industrial-Non-Road-Mobile-applications.png\" \/>\n\t<meta property=\"og:image:width\" content=\"1000\" \/>\n\t<meta property=\"og:image:height\" content=\"1000\" \/>\n\t<meta property=\"og:image:type\" content=\"image\/png\" \/>\n<meta name=\"twitter:card\" content=\"summary_large_image\" \/>\n<meta name=\"twitter:label1\" content=\"Dur\u00e9e de lecture estim\u00e9e\" \/>\n\t<meta name=\"twitter:data1\" content=\"4 minutes\" \/>\n<script type=\"application\/ld+json\" class=\"yoast-schema-graph\">{\"@context\":\"https:\/\/schema.org\",\"@graph\":[{\"@type\":\"WebPage\",\"@id\":\"https:\/\/baudouin.com\/fr\/engins-mobiles-non-routiers-baudouin\/\",\"url\":\"https:\/\/baudouin.com\/fr\/engins-mobiles-non-routiers-baudouin\/\",\"name\":\"Moteurs mobiles non routiers - Baudouin\",\"isPartOf\":{\"@id\":\"https:\/\/baudouin.com\/#website\"},\"primaryImageOfPage\":{\"@id\":\"https:\/\/baudouin.com\/fr\/engins-mobiles-non-routiers-baudouin\/#primaryimage\"},\"image\":{\"@id\":\"https:\/\/baudouin.com\/fr\/engins-mobiles-non-routiers-baudouin\/#primaryimage\"},\"thumbnailUrl\":\"https:\/\/baudouin.com\/wp-content\/uploads\/2024\/06\/Industrial-Non-Road-Mobile-applications.png\",\"datePublished\":\"2024-06-19T15:06:08+00:00\",\"dateModified\":\"2026-03-31T08:25:10+00:00\",\"description\":\"Baudouin offre des moteurs mobiles non routiers pour l'agriculture, la construction et les projets sp\u00e9ciaux, adapt\u00e9es \u00e0 vos besoins.\",\"breadcrumb\":{\"@id\":\"https:\/\/baudouin.com\/fr\/engins-mobiles-non-routiers-baudouin\/#breadcrumb\"},\"inLanguage\":\"fr-FR\",\"potentialAction\":[{\"@type\":\"ReadAction\",\"target\":[\"https:\/\/baudouin.com\/fr\/engins-mobiles-non-routiers-baudouin\/\"]}]},{\"@type\":\"ImageObject\",\"inLanguage\":\"fr-FR\",\"@id\":\"https:\/\/baudouin.com\/fr\/engins-mobiles-non-routiers-baudouin\/#primaryimage\",\"url\":\"https:\/\/baudouin.com\/wp-content\/uploads\/2024\/06\/Industrial-Non-Road-Mobile-applications.png\",\"contentUrl\":\"https:\/\/baudouin.com\/wp-content\/uploads\/2024\/06\/Industrial-Non-Road-Mobile-applications.png\",\"width\":1000,\"height\":1000},{\"@type\":\"BreadcrumbList\",\"@id\":\"https:\/\/baudouin.com\/fr\/engins-mobiles-non-routiers-baudouin\/#breadcrumb\",\"itemListElement\":[{\"@type\":\"ListItem\",\"position\":1,\"name\":\"Home\",\"item\":\"https:\/\/baudouin.com\/fr\/\"},{\"@type\":\"ListItem\",\"position\":2,\"name\":\"Moteurs mobiles non routiers\"}]},{\"@type\":\"WebSite\",\"@id\":\"https:\/\/baudouin.com\/#website\",\"url\":\"https:\/\/baudouin.com\/\",\"name\":\"Baudouin\",\"description\":\"\",\"publisher\":{\"@id\":\"https:\/\/baudouin.com\/#organization\"},\"potentialAction\":[{\"@type\":\"SearchAction\",\"target\":{\"@type\":\"EntryPoint\",\"urlTemplate\":\"https:\/\/baudouin.com\/?s={search_term_string}\"},\"query-input\":{\"@type\":\"PropertyValueSpecification\",\"valueRequired\":true,\"valueName\":\"search_term_string\"}}],\"inLanguage\":\"fr-FR\"},{\"@type\":\"Organization\",\"@id\":\"https:\/\/baudouin.com\/#organization\",\"name\":\"Moteurs Baudouin\",\"alternateName\":\"Moteurs Baudouin\",\"url\":\"https:\/\/baudouin.com\/\",\"logo\":{\"@type\":\"ImageObject\",\"inLanguage\":\"fr-FR\",\"@id\":\"https:\/\/baudouin.com\/#\/schema\/logo\/image\/\",\"url\":\"https:\/\/baudouin.com\/wp-content\/uploads\/2024\/12\/Moteur-Baudouin-jpg.webp\",\"contentUrl\":\"https:\/\/baudouin.com\/wp-content\/uploads\/2024\/12\/Moteur-Baudouin-jpg.webp\",\"width\":150,\"height\":150,\"caption\":\"Moteurs Baudouin\"},\"image\":{\"@id\":\"https:\/\/baudouin.com\/#\/schema\/logo\/image\/\"}}]}<\/script>\n<!-- \/ Yoast SEO plugin. -->","yoast_head_json":{"title":"Moteurs mobiles non routiers - Baudouin","description":"Baudouin offre des moteurs mobiles non routiers pour l'agriculture, la construction et les projets sp\u00e9ciaux, adapt\u00e9es \u00e0 vos besoins.","robots":{"index":"index","follow":"follow","max-snippet":"max-snippet:-1","max-image-preview":"max-image-preview:large","max-video-preview":"max-video-preview:-1"},"canonical":"https:\/\/baudouin.com\/fr\/engins-mobiles-non-routiers-baudouin\/","og_locale":"fr_FR","og_type":"article","og_title":"Moteurs mobiles non routiers - Baudouin","og_description":"Baudouin offre des moteurs mobiles non routiers pour l'agriculture, la construction et les projets sp\u00e9ciaux, adapt\u00e9es \u00e0 vos besoins.","og_url":"https:\/\/baudouin.com\/fr\/engins-mobiles-non-routiers-baudouin\/","og_site_name":"Baudouin","article_modified_time":"2026-03-31T08:25:10+00:00","og_image":[{"width":1000,"height":1000,"url":"https:\/\/baudouin.com\/wp-content\/uploads\/2024\/06\/Industrial-Non-Road-Mobile-applications.png","type":"image\/png"}],"twitter_card":"summary_large_image","twitter_misc":{"Dur\u00e9e de lecture estim\u00e9e":"4 minutes"},"schema":{"@context":"https:\/\/schema.org","@graph":[{"@type":"WebPage","@id":"https:\/\/baudouin.com\/fr\/engins-mobiles-non-routiers-baudouin\/","url":"https:\/\/baudouin.com\/fr\/engins-mobiles-non-routiers-baudouin\/","name":"Moteurs mobiles non routiers - Baudouin","isPartOf":{"@id":"https:\/\/baudouin.com\/#website"},"primaryImageOfPage":{"@id":"https:\/\/baudouin.com\/fr\/engins-mobiles-non-routiers-baudouin\/#primaryimage"},"image":{"@id":"https:\/\/baudouin.com\/fr\/engins-mobiles-non-routiers-baudouin\/#primaryimage"},"thumbnailUrl":"https:\/\/baudouin.com\/wp-content\/uploads\/2024\/06\/Industrial-Non-Road-Mobile-applications.png","datePublished":"2024-06-19T15:06:08+00:00","dateModified":"2026-03-31T08:25:10+00:00","description":"Baudouin offre des moteurs mobiles non routiers pour l'agriculture, la construction et les projets sp\u00e9ciaux, adapt\u00e9es \u00e0 vos besoins.","breadcrumb":{"@id":"https:\/\/baudouin.com\/fr\/engins-mobiles-non-routiers-baudouin\/#breadcrumb"},"inLanguage":"fr-FR","potentialAction":[{"@type":"ReadAction","target":["https:\/\/baudouin.com\/fr\/engins-mobiles-non-routiers-baudouin\/"]}]},{"@type":"ImageObject","inLanguage":"fr-FR","@id":"https:\/\/baudouin.com\/fr\/engins-mobiles-non-routiers-baudouin\/#primaryimage","url":"https:\/\/baudouin.com\/wp-content\/uploads\/2024\/06\/Industrial-Non-Road-Mobile-applications.png","contentUrl":"https:\/\/baudouin.com\/wp-content\/uploads\/2024\/06\/Industrial-Non-Road-Mobile-applications.png","width":1000,"height":1000},{"@type":"BreadcrumbList","@id":"https:\/\/baudouin.com\/fr\/engins-mobiles-non-routiers-baudouin\/#breadcrumb","itemListElement":[{"@type":"ListItem","position":1,"name":"Home","item":"https:\/\/baudouin.com\/fr\/"},{"@type":"ListItem","position":2,"name":"Moteurs mobiles non routiers"}]},{"@type":"WebSite","@id":"https:\/\/baudouin.com\/#website","url":"https:\/\/baudouin.com\/","name":"Baudouin","description":"","publisher":{"@id":"https:\/\/baudouin.com\/#organization"},"potentialAction":[{"@type":"SearchAction","target":{"@type":"EntryPoint","urlTemplate":"https:\/\/baudouin.com\/?s={search_term_string}"},"query-input":{"@type":"PropertyValueSpecification","valueRequired":true,"valueName":"search_term_string"}}],"inLanguage":"fr-FR"},{"@type":"Organization","@id":"https:\/\/baudouin.com\/#organization","name":"Moteurs Baudouin","alternateName":"Moteurs Baudouin","url":"https:\/\/baudouin.com\/","logo":{"@type":"ImageObject","inLanguage":"fr-FR","@id":"https:\/\/baudouin.com\/#\/schema\/logo\/image\/","url":"https:\/\/baudouin.com\/wp-content\/uploads\/2024\/12\/Moteur-Baudouin-jpg.webp","contentUrl":"https:\/\/baudouin.com\/wp-content\/uploads\/2024\/12\/Moteur-Baudouin-jpg.webp","width":150,"height":150,"caption":"Moteurs Baudouin"},"image":{"@id":"https:\/\/baudouin.com\/#\/schema\/logo\/image\/"}}]}},"_links":{"self":[{"href":"https:\/\/baudouin.com\/fr\/wp-json\/wp\/v2\/pages\/71614","targetHints":{"allow":["GET"]}}],"collection":[{"href":"https:\/\/baudouin.com\/fr\/wp-json\/wp\/v2\/pages"}],"about":[{"href":"https:\/\/baudouin.com\/fr\/wp-json\/wp\/v2\/types\/page"}],"author":[{"embeddable":true,"href":"https:\/\/baudouin.com\/fr\/wp-json\/wp\/v2\/users\/6"}],"replies":[{"embeddable":true,"href":"https:\/\/baudouin.com\/fr\/wp-json\/wp\/v2\/comments?post=71614"}],"version-history":[{"count":12,"href":"https:\/\/baudouin.com\/fr\/wp-json\/wp\/v2\/pages\/71614\/revisions"}],"predecessor-version":[{"id":81644,"href":"https:\/\/baudouin.com\/fr\/wp-json\/wp\/v2\/pages\/71614\/revisions\/81644"}],"wp:featuredmedia":[{"embeddable":true,"href":"https:\/\/baudouin.com\/fr\/wp-json\/wp\/v2\/media\/72045"}],"wp:attachment":[{"href":"https:\/\/baudouin.com\/fr\/wp-json\/wp\/v2\/media?parent=71614"}],"curies":[{"name":"wp","href":"https:\/\/api.w.org\/{rel}","templated":true}]}}