{"id":71566,"date":"2024-06-19T15:06:40","date_gmt":"2024-06-19T15:06:40","guid":{"rendered":"https:\/\/baudouin.com\/?page_id=71566"},"modified":"2025-04-09T14:26:20","modified_gmt":"2025-04-09T14:26:20","slug":"applications-stationnaires-a-vitesse-variable","status":"publish","type":"page","link":"https:\/\/baudouin.com\/fr\/applications-stationnaires-a-vitesse-variable\/","title":{"rendered":"Applications stationnaires \u00e0 vitesse variable"},"content":{"rendered":"\n<div style=\"height:54px\" aria-hidden=\"true\" class=\"wp-block-spacer\"><\/div>\n\n<h1 class=\"wp-block-heading has-text-align-center has-large-font-size\" id=\"stationary-variable-speed-applications\">Stationary Variable Speed Applications<\/h1>\n\n<div class=\"wp-block-group ghostkit-custom-jUvqY is-layout-flow wp-block-group-is-layout-flow\">\n<div class=\"wp-block-columns is-layout-flex wp-container-core-columns-is-layout-1 wp-block-columns-is-layout-flex\">\n<div class=\"wp-block-column is-vertically-aligned-top is-layout-flow wp-block-column-is-layout-flow\">\n<div class=\"wp-block-cover has-custom-content-position is-position-bottom-center ghostkit-custom-xeTgx\"><span aria-hidden=\"true\" class=\"wp-block-cover__background has-background-dim-30 has-background-dim\" style=\"background-color:#6d8c54\"><\/span><img loading=\"lazy\" decoding=\"async\" width=\"1000\" height=\"1000\" class=\"wp-block-cover__image-background wp-image-71597\" alt=\"Stationary Variable Speed Applications irrigation\" src=\"https:\/\/baudouin.com\/wp-content\/uploads\/2024\/06\/Irrigations.png\" data-object-fit=\"cover\" srcset=\"https:\/\/baudouin.com\/wp-content\/uploads\/2024\/06\/Irrigations.png 1000w, https:\/\/baudouin.com\/wp-content\/uploads\/2024\/06\/Irrigations-300x300.png 300w, https:\/\/baudouin.com\/wp-content\/uploads\/2024\/06\/Irrigations-150x150.png 150w, https:\/\/baudouin.com\/wp-content\/uploads\/2024\/06\/Irrigations-768x768.png 768w\" sizes=\"auto, (max-width: 1000px) 100vw, 1000px\" \/><div class=\"wp-block-cover__inner-container is-layout-flow wp-block-cover-is-layout-flow\">\n<h2 class=\"wp-block-heading has-text-align-center has-white-color has-text-color has-link-color has-large-font-size wp-elements-01b2f517f111b68e0b919d3b978a25cb\" id=\"baudouin-propulsion-engines\"><a href=\"https:\/\/baudouin.com\/engine_product-category\/powerkit-variable-speed-engines\/\">IRRIGATION &amp; WATER PUMPS<\/a><\/h2>\n<\/div><\/div>\n\n\n\n<p class=\"has-text-align-center\">Les pompes \u00e0 eau jouent un r\u00f4le essentiel dans l&rsquo;agriculture, en fournissant l&rsquo;eau n\u00e9cessaire \u00e0 l&rsquo;irrigation des cultures et au fonctionnement des syst\u00e8mes de drainage. Baudouin reconna\u00eet l&rsquo;importance cruciale des pompes \u00e0 eau dans le secteur agricole. Nos moteurs \u00e0 vitesse variable sont sp\u00e9cialement con\u00e7us pour alimenter cet \u00e9quipement essentiel, offrant la puissance et la fiabilit\u00e9 n\u00e9cessaires pour r\u00e9pondre aux exigences de l&rsquo;agriculture moderne.<\/p>\n<\/div>\n\n\n\n<div class=\"wp-block-column is-layout-flow wp-block-column-is-layout-flow\">\n<div class=\"wp-block-cover is-light has-custom-content-position is-position-bottom-center ghostkit-custom-ZOSsRT\"><span aria-hidden=\"true\" class=\"wp-block-cover__background has-background-dim-30 has-background-dim\" style=\"background-color:#9a9484\"><\/span><img loading=\"lazy\" decoding=\"async\" width=\"1300\" height=\"1100\" class=\"wp-block-cover__image-background wp-image-71607\" alt=\"Stationary Variable Speed Applications sprinklers\" src=\"https:\/\/baudouin.com\/wp-content\/uploads\/2024\/06\/Sprinklers-1.png\" data-object-fit=\"cover\" srcset=\"https:\/\/baudouin.com\/wp-content\/uploads\/2024\/06\/Sprinklers-1.png 1300w, https:\/\/baudouin.com\/wp-content\/uploads\/2024\/06\/Sprinklers-1-300x254.png 300w, https:\/\/baudouin.com\/wp-content\/uploads\/2024\/06\/Sprinklers-1-1024x866.png 1024w, https:\/\/baudouin.com\/wp-content\/uploads\/2024\/06\/Sprinklers-1-768x650.png 768w\" sizes=\"auto, (max-width: 1300px) 100vw, 1300px\" \/><div class=\"wp-block-cover__inner-container is-layout-flow wp-block-cover-is-layout-flow\">\n<h2 class=\"wp-block-heading has-text-align-center has-white-color has-text-color has-link-color has-large-font-size wp-elements-1e5f3f9138fb9ec54a592d6fc977bbe6\" id=\"baudouin-propulsion-engines\"><mark style=\"background-color:rgba(0, 0, 0, 0)\" class=\"has-inline-color has-white-color\"><a href=\"https:\/\/baudouin.com\/engine_product-category\/powerkit-variable-speed-engines\/\">SPRINKLERS<\/a><\/mark><\/h2>\n<\/div><\/div>\n\n\n\n<p class=\"has-text-align-center ghostkit-custom-1yWFUx\">Baudouin est aux c\u00f4t\u00e9s des \u00e9quipes de pompiers en proposant des moteurs \u00e0 vitesse variable, r\u00e9put\u00e9s pour leur rapport poids\/puissance sup\u00e9rieur. Con\u00e7us pour r\u00e9pondre aux exigences rigoureuses de la lutte contre les incendies, ces moteurs offrent une puissance constante et des performances optimales dans les situations critiques. Nous proposons \u00e9galement des solutions \u00e0 vitesse fixe pour r\u00e9pondre \u00e0 divers besoins op\u00e9rationnels.<\/p>\n<\/div>\n\n\n\n<div class=\"wp-block-column is-layout-flow wp-block-column-is-layout-flow\">\n<div class=\"wp-block-cover is-light has-custom-content-position is-position-bottom-center ghostkit-custom-26wEwJ\"><span aria-hidden=\"true\" class=\"wp-block-cover__background has-background-dim-30 has-background-dim\"><\/span><img loading=\"lazy\" decoding=\"async\" width=\"1000\" height=\"780\" class=\"wp-block-cover__image-background wp-image-60277\" alt=\"Stationary Variable Speed Applications air compressor\" src=\"https:\/\/baudouin.com\/wp-content\/uploads\/2023\/10\/moteurs-baudouin-applications-construction.jpg\" data-object-fit=\"cover\" srcset=\"https:\/\/baudouin.com\/wp-content\/uploads\/2023\/10\/moteurs-baudouin-applications-construction.jpg 1000w, https:\/\/baudouin.com\/wp-content\/uploads\/2023\/10\/moteurs-baudouin-applications-construction-300x234.jpg 300w, https:\/\/baudouin.com\/wp-content\/uploads\/2023\/10\/moteurs-baudouin-applications-construction-768x599.jpg 768w\" sizes=\"auto, (max-width: 1000px) 100vw, 1000px\" \/><div class=\"wp-block-cover__inner-container is-layout-flow wp-block-cover-is-layout-flow\">\n<h2 class=\"wp-block-heading has-text-align-center has-white-color has-text-color has-link-color has-large-font-size wp-elements-23452f1f284836cc65560f835a3f5cae\" id=\"baudouin-propulsion-engines\"><a href=\"https:\/\/baudouin.com\/engine_product-category\/powerkit-variable-speed-engines\/\">CONSTRUCTION &amp; AIR COMPRESSOR<\/a><\/h2>\n<\/div><\/div>\n\n\n\n<p class=\"has-text-align-center ghostkit-custom-1S4BPI\">Whether powering pneumatic tools, pumping concrete over long distances or supplying power to site equipment, variable speed engines offer a reliable and adaptable solution. Their energy efficiency and robustness make them the ideal choice for construction professionals looking to maximise productivity while minimising <a href=\"https:\/\/www.sciencedirect.com\/topics\/economics-econometrics-and-finance\/environmental-impact\">environmental impact<\/a>.<\/p>\n<\/div>\n<\/div>\n<\/div>\n\n<div class=\"wp-block-group ghostkit-custom-Z1RMEiA is-layout-flow wp-block-group-is-layout-flow\">\n<div class=\"wp-block-columns is-layout-flex wp-container-core-columns-is-layout-2 wp-block-columns-is-layout-flex\">\n<div class=\"wp-block-column is-vertically-aligned-top ghostkit-custom-ubY0e is-layout-flow wp-block-column-is-layout-flow\">\n<div class=\"wp-block-cover is-light has-custom-content-position is-position-bottom-center ghostkit-custom-ZCGSJq\"><span aria-hidden=\"true\" class=\"wp-block-cover__background has-background-dim-30 has-background-dim\" style=\"background-color:#a4abae\"><\/span><img loading=\"lazy\" decoding=\"async\" width=\"1300\" height=\"1100\" class=\"wp-block-cover__image-background wp-image-71575\" alt=\"Stationary Variable Speed Applications ground power unit\" src=\"https:\/\/baudouin.com\/wp-content\/uploads\/2024\/06\/Ground-Power-Unit.png\" data-object-fit=\"cover\" srcset=\"https:\/\/baudouin.com\/wp-content\/uploads\/2024\/06\/Ground-Power-Unit.png 1300w, https:\/\/baudouin.com\/wp-content\/uploads\/2024\/06\/Ground-Power-Unit-300x254.png 300w, https:\/\/baudouin.com\/wp-content\/uploads\/2024\/06\/Ground-Power-Unit-1024x866.png 1024w, https:\/\/baudouin.com\/wp-content\/uploads\/2024\/06\/Ground-Power-Unit-768x650.png 768w\" sizes=\"auto, (max-width: 1300px) 100vw, 1300px\" \/><div class=\"wp-block-cover__inner-container is-layout-flow wp-block-cover-is-layout-flow\">\n<h2 class=\"wp-block-heading has-text-align-center has-white-color has-text-color has-link-color has-large-font-size wp-elements-eae0e76a94cc28382c506d39f0662ab2\" id=\"baudouin-propulsion-engines\"><a href=\"https:\/\/baudouin.com\/engine_product-category\/powerkit-variable-speed-engines\/\">GROUND POWER UNITS<\/a><\/h2>\n<\/div><\/div>\n\n\n\n<p class=\"has-text-align-center ghostkit-custom-2vmh5G\">Les unit\u00e9s d&rsquo;alimentation au sol (GPU) sont essentielles dans l&rsquo;industrie a\u00e9ronautique pour fournir de l&rsquo;\u00e9nergie aux avions lorsqu&rsquo;ils sont au sol. Les moteurs \u00e0 vitesse variable Baudouin offrent une efficacit\u00e9 accrue en ajustant automatiquement leur vitesse en fonction de la demande de puissance. Cela permet de r\u00e9duire la consommation de carburant et de garantir une alimentation \u00e9lectrique stable, ce qui am\u00e9liore l&rsquo;efficacit\u00e9 des op\u00e9rations au sol et contribue \u00e0 r\u00e9duire les co\u00fbts d&rsquo;exploitation.<\/p>\n<\/div>\n\n\n\n<div class=\"wp-block-column is-vertically-aligned-top ghostkit-custom-1jYmWb is-layout-flow wp-block-column-is-layout-flow\">\n<div class=\"wp-block-cover has-custom-content-position is-position-bottom-center ghostkit-custom-ZyzBId\"><span aria-hidden=\"true\" class=\"wp-block-cover__background has-background-dim-30 has-background-dim\"><\/span><img loading=\"lazy\" decoding=\"async\" width=\"1000\" height=\"780\" class=\"wp-block-cover__image-background wp-image-60294\" alt=\"\" src=\"https:\/\/baudouin.com\/wp-content\/uploads\/2023\/10\/moteurs-baudouin-applications-mining.jpg\" data-object-fit=\"cover\" srcset=\"https:\/\/baudouin.com\/wp-content\/uploads\/2023\/10\/moteurs-baudouin-applications-mining.jpg 1000w, https:\/\/baudouin.com\/wp-content\/uploads\/2023\/10\/moteurs-baudouin-applications-mining-300x234.jpg 300w, https:\/\/baudouin.com\/wp-content\/uploads\/2023\/10\/moteurs-baudouin-applications-mining-768x599.jpg 768w\" sizes=\"auto, (max-width: 1000px) 100vw, 1000px\" \/><div class=\"wp-block-cover__inner-container is-layout-flow wp-block-cover-is-layout-flow\">\n<h2 class=\"wp-block-heading has-text-align-center has-white-color has-text-color has-link-color has-large-font-size wp-elements-0392cbf5c3ac491bb47dbce14878c569\" id=\"baudouin-propulsion-engines\"><a href=\"https:\/\/baudouin.com\/engine_product-category\/powerkit-variable-speed-engines\/\">OIL &amp; GAS<\/a><\/h2>\n<\/div><\/div>\n\n\n\n<p class=\"has-text-align-center ghostkit-custom-DD43c\">Baudouin Variable Speed engines are typically designed for mining and stationary viarable speed applications as resistant to hostile environmental conditions, they provide reliable and efficient power in remote locations. These engines automatically adjust their speed to the specific needs of each task, optimising performance and reducing energy consumption.<\/p>\n<\/div>\n\n\n\n<div class=\"wp-block-column is-vertically-aligned-top ghostkit-custom-Z17bc4F is-layout-flow wp-block-column-is-layout-flow\"><\/div>\n<\/div>\n<\/div>\n\n<div class=\"wp-block-cover aligncenter ghostkit-custom-Z1YvKCm\"><span aria-hidden=\"true\" class=\"wp-block-cover__background has-background-dim-60 has-background-dim\"><\/span><img loading=\"lazy\" decoding=\"async\" width=\"2500\" height=\"1000\" class=\"wp-block-cover__image-background wp-image-60156\" alt=\"\" src=\"https:\/\/baudouin.com\/wp-content\/uploads\/2023\/10\/moteurs-baudouin-become-a-trusted-partner.jpg\" data-object-fit=\"cover\" srcset=\"https:\/\/baudouin.com\/wp-content\/uploads\/2023\/10\/moteurs-baudouin-become-a-trusted-partner.jpg 2500w, https:\/\/baudouin.com\/wp-content\/uploads\/2023\/10\/moteurs-baudouin-become-a-trusted-partner-300x120.jpg 300w, https:\/\/baudouin.com\/wp-content\/uploads\/2023\/10\/moteurs-baudouin-become-a-trusted-partner-1024x410.jpg 1024w, https:\/\/baudouin.com\/wp-content\/uploads\/2023\/10\/moteurs-baudouin-become-a-trusted-partner-768x307.jpg 768w, https:\/\/baudouin.com\/wp-content\/uploads\/2023\/10\/moteurs-baudouin-become-a-trusted-partner-1536x614.jpg 1536w, https:\/\/baudouin.com\/wp-content\/uploads\/2023\/10\/moteurs-baudouin-become-a-trusted-partner-2048x819.jpg 2048w\" sizes=\"auto, (max-width: 2500px) 100vw, 2500px\" \/><div class=\"wp-block-cover__inner-container is-layout-flow wp-block-cover-is-layout-flow\">\n<h5 class=\"wp-block-heading has-text-align-center ghostkit-custom-Z1Yozpi has-white-color has-text-color\" id=\"become-a-trusted-partner-1\">VITESSE VARIABLE STATIONNAIRE BAUDOUIN<\/h5>\n\n\n\n<p class=\"has-text-align-center ghostkit-custom-ZyNXoB has-white-color has-text-color\">D\u00e9couvrez les capacit\u00e9s de notre gamme de produits stationnaires \u00e0 vitesse variable.<\/p>\n\n\n\n<div class=\"wp-block-buttons is-content-justification-center is-layout-flex wp-container-core-buttons-is-layout-1 wp-block-buttons-is-layout-flex\">\n<div class=\"wp-block-button\"><a class=\"wp-block-button__link has-white-background-color has-text-color has-background wp-element-button\" href=\"https:\/\/baudouin.com\/fr\/engine_product-category\/moteurs-a-vitesse-variable\/\" style=\"border-radius:0px;color:#706f6f\">Voir notre gamme de moteurs stationnaires \u00e0 vitesse variable<\/a><\/div>\n<\/div>\n<\/div><\/div>\n","protected":false},"excerpt":{"rendered":"<p>Stationary Variable Speed Applications Les pompes \u00e0 eau jouent un r\u00f4le essentiel dans l&rsquo;agriculture, en fournissant l&rsquo;eau n\u00e9cessaire \u00e0 l&rsquo;irrigation des cultures et au fonctionnement des syst\u00e8mes de drainage. Baudouin reconna\u00eet l&rsquo;importance&#8230;<\/p>\n","protected":false},"author":6,"featured_media":71641,"parent":0,"menu_order":0,"comment_status":"closed","ping_status":"closed","template":"","meta":{"_acf_changed":false,"content-type":"","ghostkit_customizer_options":"","ghostkit_custom_css":"","ghostkit_custom_js_head":"","ghostkit_custom_js_foot":"","ghostkit_typography":"","two_page_speed":[],"footnotes":""},"class_list":["post-71566","page","type-page","status-publish","has-post-thumbnail","hentry"],"acf":[],"yoast_head":"<!-- This site is optimized with the Yoast SEO plugin v26.8 - https:\/\/yoast.com\/product\/yoast-seo-wordpress\/ -->\n<title>Applications stationnaires \u00e0 vitesse variable - Baudouin<\/title>\n<meta name=\"description\" content=\"Les moteurs Baudouin sont fiables et \u00e9conomes en carburant, parfaits pour les applications stationnaires \u00e0 vitesse variable.\" \/>\n<meta name=\"robots\" content=\"index, follow, max-snippet:-1, max-image-preview:large, max-video-preview:-1\" \/>\n<link rel=\"canonical\" href=\"https:\/\/baudouin.com\/fr\/applications-stationnaires-a-vitesse-variable\/\" \/>\n<meta property=\"og:locale\" content=\"fr_FR\" \/>\n<meta property=\"og:type\" content=\"article\" \/>\n<meta property=\"og:title\" content=\"Applications stationnaires \u00e0 vitesse variable - Baudouin\" \/>\n<meta property=\"og:description\" content=\"Les moteurs Baudouin sont fiables et \u00e9conomes en carburant, parfaits pour les applications stationnaires \u00e0 vitesse variable.\" \/>\n<meta property=\"og:url\" content=\"https:\/\/baudouin.com\/fr\/applications-stationnaires-a-vitesse-variable\/\" \/>\n<meta property=\"og:site_name\" content=\"Baudouin\" \/>\n<meta property=\"article:modified_time\" content=\"2025-04-09T14:26:20+00:00\" \/>\n<meta property=\"og:image\" content=\"https:\/\/baudouin.com\/wp-content\/uploads\/2024\/06\/Water-pump-stationnary.png\" \/>\n\t<meta property=\"og:image:width\" content=\"1300\" \/>\n\t<meta property=\"og:image:height\" content=\"1100\" \/>\n\t<meta property=\"og:image:type\" content=\"image\/png\" \/>\n<meta name=\"twitter:card\" content=\"summary_large_image\" \/>\n<meta name=\"twitter:label1\" content=\"Dur\u00e9e de lecture estim\u00e9e\" \/>\n\t<meta name=\"twitter:data1\" content=\"3 minutes\" \/>\n<script type=\"application\/ld+json\" class=\"yoast-schema-graph\">{\"@context\":\"https:\/\/schema.org\",\"@graph\":[{\"@type\":\"WebPage\",\"@id\":\"https:\/\/baudouin.com\/fr\/applications-stationnaires-a-vitesse-variable\/\",\"url\":\"https:\/\/baudouin.com\/fr\/applications-stationnaires-a-vitesse-variable\/\",\"name\":\"Applications stationnaires \u00e0 vitesse variable - Baudouin\",\"isPartOf\":{\"@id\":\"https:\/\/baudouin.com\/#website\"},\"primaryImageOfPage\":{\"@id\":\"https:\/\/baudouin.com\/fr\/applications-stationnaires-a-vitesse-variable\/#primaryimage\"},\"image\":{\"@id\":\"https:\/\/baudouin.com\/fr\/applications-stationnaires-a-vitesse-variable\/#primaryimage\"},\"thumbnailUrl\":\"https:\/\/baudouin.com\/wp-content\/uploads\/2024\/06\/Water-pump-stationnary.png\",\"datePublished\":\"2024-06-19T15:06:40+00:00\",\"dateModified\":\"2025-04-09T14:26:20+00:00\",\"description\":\"Les moteurs Baudouin sont fiables et \u00e9conomes en carburant, parfaits pour les applications stationnaires \u00e0 vitesse variable.\",\"breadcrumb\":{\"@id\":\"https:\/\/baudouin.com\/fr\/applications-stationnaires-a-vitesse-variable\/#breadcrumb\"},\"inLanguage\":\"fr-FR\",\"potentialAction\":[{\"@type\":\"ReadAction\",\"target\":[\"https:\/\/baudouin.com\/fr\/applications-stationnaires-a-vitesse-variable\/\"]}]},{\"@type\":\"ImageObject\",\"inLanguage\":\"fr-FR\",\"@id\":\"https:\/\/baudouin.com\/fr\/applications-stationnaires-a-vitesse-variable\/#primaryimage\",\"url\":\"https:\/\/baudouin.com\/wp-content\/uploads\/2024\/06\/Water-pump-stationnary.png\",\"contentUrl\":\"https:\/\/baudouin.com\/wp-content\/uploads\/2024\/06\/Water-pump-stationnary.png\",\"width\":1300,\"height\":1100},{\"@type\":\"BreadcrumbList\",\"@id\":\"https:\/\/baudouin.com\/fr\/applications-stationnaires-a-vitesse-variable\/#breadcrumb\",\"itemListElement\":[{\"@type\":\"ListItem\",\"position\":1,\"name\":\"Home\",\"item\":\"https:\/\/baudouin.com\/fr\/\"},{\"@type\":\"ListItem\",\"position\":2,\"name\":\"Applications stationnaires \u00e0 vitesse variable\"}]},{\"@type\":\"WebSite\",\"@id\":\"https:\/\/baudouin.com\/#website\",\"url\":\"https:\/\/baudouin.com\/\",\"name\":\"Baudouin\",\"description\":\"\",\"publisher\":{\"@id\":\"https:\/\/baudouin.com\/#organization\"},\"potentialAction\":[{\"@type\":\"SearchAction\",\"target\":{\"@type\":\"EntryPoint\",\"urlTemplate\":\"https:\/\/baudouin.com\/?s={search_term_string}\"},\"query-input\":{\"@type\":\"PropertyValueSpecification\",\"valueRequired\":true,\"valueName\":\"search_term_string\"}}],\"inLanguage\":\"fr-FR\"},{\"@type\":\"Organization\",\"@id\":\"https:\/\/baudouin.com\/#organization\",\"name\":\"Moteurs Baudouin\",\"alternateName\":\"Moteurs Baudouin\",\"url\":\"https:\/\/baudouin.com\/\",\"logo\":{\"@type\":\"ImageObject\",\"inLanguage\":\"fr-FR\",\"@id\":\"https:\/\/baudouin.com\/#\/schema\/logo\/image\/\",\"url\":\"https:\/\/baudouin.com\/wp-content\/uploads\/2024\/12\/Moteur-Baudouin-jpg.webp\",\"contentUrl\":\"https:\/\/baudouin.com\/wp-content\/uploads\/2024\/12\/Moteur-Baudouin-jpg.webp\",\"width\":150,\"height\":150,\"caption\":\"Moteurs Baudouin\"},\"image\":{\"@id\":\"https:\/\/baudouin.com\/#\/schema\/logo\/image\/\"}}]}<\/script>\n<!-- \/ Yoast SEO plugin. -->","yoast_head_json":{"title":"Applications stationnaires \u00e0 vitesse variable - Baudouin","description":"Les moteurs Baudouin sont fiables et \u00e9conomes en carburant, parfaits pour les applications stationnaires \u00e0 vitesse variable.","robots":{"index":"index","follow":"follow","max-snippet":"max-snippet:-1","max-image-preview":"max-image-preview:large","max-video-preview":"max-video-preview:-1"},"canonical":"https:\/\/baudouin.com\/fr\/applications-stationnaires-a-vitesse-variable\/","og_locale":"fr_FR","og_type":"article","og_title":"Applications stationnaires \u00e0 vitesse variable - Baudouin","og_description":"Les moteurs Baudouin sont fiables et \u00e9conomes en carburant, parfaits pour les applications stationnaires \u00e0 vitesse variable.","og_url":"https:\/\/baudouin.com\/fr\/applications-stationnaires-a-vitesse-variable\/","og_site_name":"Baudouin","article_modified_time":"2025-04-09T14:26:20+00:00","og_image":[{"width":1300,"height":1100,"url":"https:\/\/baudouin.com\/wp-content\/uploads\/2024\/06\/Water-pump-stationnary.png","type":"image\/png"}],"twitter_card":"summary_large_image","twitter_misc":{"Dur\u00e9e de lecture estim\u00e9e":"3 minutes"},"schema":{"@context":"https:\/\/schema.org","@graph":[{"@type":"WebPage","@id":"https:\/\/baudouin.com\/fr\/applications-stationnaires-a-vitesse-variable\/","url":"https:\/\/baudouin.com\/fr\/applications-stationnaires-a-vitesse-variable\/","name":"Applications stationnaires \u00e0 vitesse variable - Baudouin","isPartOf":{"@id":"https:\/\/baudouin.com\/#website"},"primaryImageOfPage":{"@id":"https:\/\/baudouin.com\/fr\/applications-stationnaires-a-vitesse-variable\/#primaryimage"},"image":{"@id":"https:\/\/baudouin.com\/fr\/applications-stationnaires-a-vitesse-variable\/#primaryimage"},"thumbnailUrl":"https:\/\/baudouin.com\/wp-content\/uploads\/2024\/06\/Water-pump-stationnary.png","datePublished":"2024-06-19T15:06:40+00:00","dateModified":"2025-04-09T14:26:20+00:00","description":"Les moteurs Baudouin sont fiables et \u00e9conomes en carburant, parfaits pour les applications stationnaires \u00e0 vitesse variable.","breadcrumb":{"@id":"https:\/\/baudouin.com\/fr\/applications-stationnaires-a-vitesse-variable\/#breadcrumb"},"inLanguage":"fr-FR","potentialAction":[{"@type":"ReadAction","target":["https:\/\/baudouin.com\/fr\/applications-stationnaires-a-vitesse-variable\/"]}]},{"@type":"ImageObject","inLanguage":"fr-FR","@id":"https:\/\/baudouin.com\/fr\/applications-stationnaires-a-vitesse-variable\/#primaryimage","url":"https:\/\/baudouin.com\/wp-content\/uploads\/2024\/06\/Water-pump-stationnary.png","contentUrl":"https:\/\/baudouin.com\/wp-content\/uploads\/2024\/06\/Water-pump-stationnary.png","width":1300,"height":1100},{"@type":"BreadcrumbList","@id":"https:\/\/baudouin.com\/fr\/applications-stationnaires-a-vitesse-variable\/#breadcrumb","itemListElement":[{"@type":"ListItem","position":1,"name":"Home","item":"https:\/\/baudouin.com\/fr\/"},{"@type":"ListItem","position":2,"name":"Applications stationnaires \u00e0 vitesse variable"}]},{"@type":"WebSite","@id":"https:\/\/baudouin.com\/#website","url":"https:\/\/baudouin.com\/","name":"Baudouin","description":"","publisher":{"@id":"https:\/\/baudouin.com\/#organization"},"potentialAction":[{"@type":"SearchAction","target":{"@type":"EntryPoint","urlTemplate":"https:\/\/baudouin.com\/?s={search_term_string}"},"query-input":{"@type":"PropertyValueSpecification","valueRequired":true,"valueName":"search_term_string"}}],"inLanguage":"fr-FR"},{"@type":"Organization","@id":"https:\/\/baudouin.com\/#organization","name":"Moteurs Baudouin","alternateName":"Moteurs Baudouin","url":"https:\/\/baudouin.com\/","logo":{"@type":"ImageObject","inLanguage":"fr-FR","@id":"https:\/\/baudouin.com\/#\/schema\/logo\/image\/","url":"https:\/\/baudouin.com\/wp-content\/uploads\/2024\/12\/Moteur-Baudouin-jpg.webp","contentUrl":"https:\/\/baudouin.com\/wp-content\/uploads\/2024\/12\/Moteur-Baudouin-jpg.webp","width":150,"height":150,"caption":"Moteurs Baudouin"},"image":{"@id":"https:\/\/baudouin.com\/#\/schema\/logo\/image\/"}}]}},"_links":{"self":[{"href":"https:\/\/baudouin.com\/fr\/wp-json\/wp\/v2\/pages\/71566","targetHints":{"allow":["GET"]}}],"collection":[{"href":"https:\/\/baudouin.com\/fr\/wp-json\/wp\/v2\/pages"}],"about":[{"href":"https:\/\/baudouin.com\/fr\/wp-json\/wp\/v2\/types\/page"}],"author":[{"embeddable":true,"href":"https:\/\/baudouin.com\/fr\/wp-json\/wp\/v2\/users\/6"}],"replies":[{"embeddable":true,"href":"https:\/\/baudouin.com\/fr\/wp-json\/wp\/v2\/comments?post=71566"}],"version-history":[{"count":9,"href":"https:\/\/baudouin.com\/fr\/wp-json\/wp\/v2\/pages\/71566\/revisions"}],"predecessor-version":[{"id":77666,"href":"https:\/\/baudouin.com\/fr\/wp-json\/wp\/v2\/pages\/71566\/revisions\/77666"}],"wp:featuredmedia":[{"embeddable":true,"href":"https:\/\/baudouin.com\/fr\/wp-json\/wp\/v2\/media\/71641"}],"wp:attachment":[{"href":"https:\/\/baudouin.com\/fr\/wp-json\/wp\/v2\/media?parent=71566"}],"curies":[{"name":"wp","href":"https:\/\/api.w.org\/{rel}","templated":true}]}}