{"id":71562,"date":"2024-06-19T15:15:21","date_gmt":"2024-06-19T15:15:21","guid":{"rendered":"https:\/\/baudouin.com\/?page_id=71562"},"modified":"2026-03-25T09:10:18","modified_gmt":"2026-03-25T09:10:18","slug":"baudouin-applications-industrielles","status":"publish","type":"page","link":"https:\/\/baudouin.com\/fr\/baudouin-applications-industrielles\/","title":{"rendered":"Applications Industrielles"},"content":{"rendered":"<style>\n    .page-hero {\n        background-image:linear-gradient(rgba(0, 0, 0, 0.25), rgba(0, 0, 0, 0.25)), url('https:\/\/baudouin.com\/wp-content\/uploads\/2024\/06\/Industrial-solutions-applications.png');\n        background-repeat: no-repeat;\n    }\n    p, h2 {\n        color: #fff;\n    }\n    @media screen and (min-width: 768px) {\n        .page-hero {\n        background-image:linear-gradient(rgba(0, 0, 0, 0.25), rgba(0, 0, 0, 0.25)), url('https:\/\/baudouin.com\/wp-content\/uploads\/2024\/06\/Industrial-engines-1.png');\n    }\n    }\n<\/style>\n<section id=\"page-hero-block_680e8f5dc6cadcd80fe87f78a0a4f3cc\" class=\"page-hero py-[85px] lg:py-[100px] xl:pt-[100px] xl:pb-[242px] bg-dark-blue \">\n        <div class=\"hero-container mx-auto my-0 md:max-w-[1920px]\">\n        \n            \n        \n        <div class=\"page-hero__container flex flex-col-reverse md:flex-row lg:justify-between\">\n            <div class=\"page-hero__container--left text-center text-white lg:text-left\">\n                                    <div class=\"page-hero__container--left__breadcrumbs mb-7 lg:mb-[32px]\">\n                        <p id=\"breadcrumbs\" class=\"text-xsm text-white leading-5 font-semibold uppercase\"><span><span><a href=\"https:\/\/baudouin.com\/fr\/\">Home<\/a><\/span><\/span><\/p>                    <\/div>\n                                <h1 class=\"text-white  mb-[12px] uppercase font-bold md:mb-2.5 lg:mb-[33px]\">Applications industrielles <\/h1>\n                <!-- <p class=\"text-gray-form leading-[21px] w-full md:text-sm md:leading-6 md:max-w-[564px]\"><p>Depuis 1918, Baudouin s&rsquo;est forg\u00e9 une r\u00e9putation de qualit\u00e9 et de fiabilit\u00e9. Aujourd&rsquo;hui, Baudouin est fier d&rsquo;offrir une gamme polyvalente de moteurs industriels mobiles et stationnaires destin\u00e9 aux applications industrielles.<\/p>\n<\/p> -->\n                <p>Depuis 1918, Baudouin s&rsquo;est forg\u00e9 une r\u00e9putation de qualit\u00e9 et de fiabilit\u00e9. Aujourd&rsquo;hui, Baudouin est fier d&rsquo;offrir une gamme polyvalente de moteurs industriels mobiles et stationnaires destin\u00e9 aux applications industrielles.<\/p>\n            <\/div>\n           \n            \n        <\/div>\n\n    <\/div>\n<\/section>\n\n\n<div class=\"wp-block-group alignfull is-layout-constrained wp-block-group-is-layout-constrained\"><\/div>\n\n\n\n<div class=\"wp-block-group ghostkit-custom-2qqkUG is-layout-flow wp-block-group-is-layout-flow\">\n<div class=\"wp-block-columns is-layout-flex wp-container-core-columns-is-layout-1 wp-block-columns-is-layout-flex\">\n<div class=\"wp-block-column ghostkit-custom-X3dFF is-layout-flow wp-block-column-is-layout-flow\">\n<div class=\"wp-block-cover is-light has-custom-content-position is-position-bottom-center ghostkit-custom-ZfoML2\"><span aria-hidden=\"true\" class=\"wp-block-cover__background has-background-dim-30 has-background-dim\" style=\"background-color:#bf9769\"><\/span><img loading=\"lazy\" decoding=\"async\" width=\"1300\" height=\"1100\" class=\"wp-block-cover__image-background wp-image-71640\" alt=\"Baudouin propose des moteurs pour l'irrigation et d'autres applications industrielles.\" src=\"https:\/\/baudouin.com\/wp-content\/uploads\/2024\/06\/Water-pump-stationnary.png\" data-object-fit=\"cover\" srcset=\"https:\/\/baudouin.com\/wp-content\/uploads\/2024\/06\/Water-pump-stationnary.png 1300w, https:\/\/baudouin.com\/wp-content\/uploads\/2024\/06\/Water-pump-stationnary-300x254.png 300w, https:\/\/baudouin.com\/wp-content\/uploads\/2024\/06\/Water-pump-stationnary-1024x866.png 1024w, https:\/\/baudouin.com\/wp-content\/uploads\/2024\/06\/Water-pump-stationnary-768x650.png 768w\" sizes=\"auto, (max-width: 1300px) 100vw, 1300px\" \/><div class=\"wp-block-cover__inner-container is-layout-flow wp-block-cover-is-layout-flow\">\n<h2 class=\"wp-block-heading has-text-align-center has-white-color has-text-color has-link-color has-large-font-size wp-elements-80a8994e547134151a27d0609b4b6014\" id=\"stationary-variable-speed\">VITESSE VARIABLE STATIONNAIRE<\/h2>\n<\/div><\/div>\n\n\n\n<p class=\"has-text-align-center ghostkit-custom-JOOo3\">La gamme Baudouin \u00e0 vitesse variable offre un fonctionnement fiable et est con\u00e7ue pour une maintenance facile et une r\u00e9sistance aux variations de qualit\u00e9 des combustibles pour les applications industrielles. La gamme VS est optimis\u00e9e avec une plage allant de 30 \u00e0 1715 kW.<\/p>\n\n\n\n<div class=\"wp-block-buttons is-content-justification-center is-layout-flex wp-container-core-buttons-is-layout-1 wp-block-buttons-is-layout-flex\">\n<div class=\"wp-block-button ghostkit-custom-FVO6i\"><a class=\"wp-block-button__link has-white-color has-text-color has-background wp-element-button\" href=\"https:\/\/baudouin.com\/fr\/applications-stationnaires-a-vitesse-variable\/\" style=\"border-radius:0px;background-color:#001e61\">D\u00c9COUVREZ NOS APPLICATIONS STATIONNAIRES BAUDOUIN<\/a><\/div>\n<\/div>\n<\/div>\n\n\n\n<div class=\"wp-block-column is-layout-flow wp-block-column-is-layout-flow\">\n<div class=\"wp-block-cover is-light has-custom-content-position is-position-bottom-center ghostkit-custom-ZkkGxs\"><span aria-hidden=\"true\" class=\"wp-block-cover__background has-background-dim-30 has-background-dim\" style=\"background-color:#cd963b\"><\/span><img loading=\"lazy\" decoding=\"async\" width=\"1000\" height=\"1000\" class=\"wp-block-cover__image-background wp-image-72044\" alt=\"Des moteurs mobiles pour les applications industrielles. \" src=\"https:\/\/baudouin.com\/wp-content\/uploads\/2024\/06\/Industrial-Non-Road-Mobile-applications.png\" style=\"object-position:55% 82%\" data-object-fit=\"cover\" data-object-position=\"55% 82%\" srcset=\"https:\/\/baudouin.com\/wp-content\/uploads\/2024\/06\/Industrial-Non-Road-Mobile-applications.png 1000w, https:\/\/baudouin.com\/wp-content\/uploads\/2024\/06\/Industrial-Non-Road-Mobile-applications-300x300.png 300w, https:\/\/baudouin.com\/wp-content\/uploads\/2024\/06\/Industrial-Non-Road-Mobile-applications-150x150.png 150w, https:\/\/baudouin.com\/wp-content\/uploads\/2024\/06\/Industrial-Non-Road-Mobile-applications-768x768.png 768w\" sizes=\"auto, (max-width: 1000px) 100vw, 1000px\" \/><div class=\"wp-block-cover__inner-container is-layout-flow wp-block-cover-is-layout-flow\">\n<h2 class=\"wp-block-heading has-text-align-center has-white-color has-text-color has-large-font-size\" id=\"baudouin-propulsion-engines\">MOTEURS <strong>MOBILES NON ROUTIERS<\/strong><\/h2>\n<\/div><\/div>\n\n\n\n<p class=\"has-text-align-center\">Baudouin propose une large gamme de solutions flexibles pour r\u00e9pondre \u00e0 vos besoins sp\u00e9cifiques. Nous fournissons une vari\u00e9t\u00e9 de moteurs pour les secteurs de<a href=\"https:\/\/agriculture.gouv.fr\/\"> l&rsquo;agriculture<\/a>, de la construction et des projets sp\u00e9ciaux, garantissant ainsi une solution adapt\u00e9e \u00e0 vos besoins.<\/p>\n\n\n\n<div style=\"height:24px\" aria-hidden=\"true\" class=\"wp-block-spacer\"><\/div>\n\n\n\n<div class=\"wp-block-buttons is-content-justification-center is-layout-flex wp-container-core-buttons-is-layout-2 wp-block-buttons-is-layout-flex\">\n<div class=\"wp-block-button\"><a class=\"wp-block-button__link has-white-color has-text-color has-background wp-element-button\" href=\"https:\/\/baudouin.com\/fr\/engins-mobiles-non-routiers-baudouin\/\" style=\"border-radius:0px;background-color:#001e61\">D\u00c9COUVREZ NOS APPLICATIONS MOBILES BAUDOUIN<\/a><\/div>\n<\/div>\n<\/div>\n<\/div>\n<\/div>\n\n\n\n<h2 class=\"wp-block-heading has-white-color has-text-color has-link-color wp-elements-a2afed2ab27c8dc62163dca05add080b\" id=\"applications-industrielles\">Applications Industrielles<\/h2>\n\n\n\n<p><\/p>\n","protected":false},"excerpt":{"rendered":"<p>La gamme Baudouin \u00e0 vitesse variable offre un fonctionnement fiable et est con\u00e7ue pour une maintenance facile et une r\u00e9sistance aux variations de qualit\u00e9 des combustibles pour les applications industrielles. La gamme&#8230;<\/p>\n","protected":false},"author":6,"featured_media":71540,"parent":0,"menu_order":0,"comment_status":"closed","ping_status":"closed","template":"","meta":{"_acf_changed":false,"content-type":"","ghostkit_customizer_options":"","ghostkit_custom_css":"","ghostkit_custom_js_head":"","ghostkit_custom_js_foot":"","ghostkit_typography":"","two_page_speed":[],"footnotes":""},"class_list":["post-71562","page","type-page","status-publish","has-post-thumbnail","hentry"],"acf":[],"yoast_head":"<!-- This site is optimized with the Yoast SEO plugin v26.8 - https:\/\/yoast.com\/product\/yoast-seo-wordpress\/ -->\n<title>Applications Industrielles - Baudouin<\/title>\n<meta name=\"description\" content=\"Baudouin propose des solutions, garantissant la fiabilit\u00e9 et la flexibilit\u00e9 du carburant pour les applications industrielles.\" \/>\n<meta name=\"robots\" content=\"index, follow, max-snippet:-1, max-image-preview:large, max-video-preview:-1\" \/>\n<link rel=\"canonical\" href=\"https:\/\/baudouin.com\/fr\/baudouin-applications-industrielles\/\" \/>\n<meta property=\"og:locale\" content=\"fr_FR\" \/>\n<meta property=\"og:type\" content=\"article\" \/>\n<meta property=\"og:title\" content=\"Applications Industrielles - Baudouin\" \/>\n<meta property=\"og:description\" content=\"Baudouin propose des solutions, garantissant la fiabilit\u00e9 et la flexibilit\u00e9 du carburant pour les applications industrielles.\" \/>\n<meta property=\"og:url\" content=\"https:\/\/baudouin.com\/fr\/baudouin-applications-industrielles\/\" \/>\n<meta property=\"og:site_name\" content=\"Baudouin\" \/>\n<meta property=\"article:modified_time\" content=\"2026-03-25T09:10:18+00:00\" \/>\n<meta property=\"og:image\" content=\"https:\/\/baudouin.com\/wp-content\/uploads\/2024\/06\/Industrial-engines-1-1024x410.png\" \/>\n\t<meta property=\"og:image:width\" content=\"1024\" \/>\n\t<meta property=\"og:image:height\" content=\"410\" \/>\n\t<meta property=\"og:image:type\" content=\"image\/png\" \/>\n<meta name=\"twitter:card\" content=\"summary_large_image\" \/>\n<meta name=\"twitter:label1\" content=\"Dur\u00e9e de lecture estim\u00e9e\" \/>\n\t<meta name=\"twitter:data1\" content=\"2 minutes\" \/>\n<script type=\"application\/ld+json\" class=\"yoast-schema-graph\">{\"@context\":\"https:\/\/schema.org\",\"@graph\":[{\"@type\":\"WebPage\",\"@id\":\"https:\/\/baudouin.com\/fr\/baudouin-applications-industrielles\/\",\"url\":\"https:\/\/baudouin.com\/fr\/baudouin-applications-industrielles\/\",\"name\":\"Applications Industrielles - Baudouin\",\"isPartOf\":{\"@id\":\"https:\/\/baudouin.com\/#website\"},\"primaryImageOfPage\":{\"@id\":\"https:\/\/baudouin.com\/fr\/baudouin-applications-industrielles\/#primaryimage\"},\"image\":{\"@id\":\"https:\/\/baudouin.com\/fr\/baudouin-applications-industrielles\/#primaryimage\"},\"thumbnailUrl\":\"https:\/\/baudouin.com\/wp-content\/uploads\/2024\/06\/Industrial-engines-1.png\",\"datePublished\":\"2024-06-19T15:15:21+00:00\",\"dateModified\":\"2026-03-25T09:10:18+00:00\",\"description\":\"Baudouin propose des solutions, garantissant la fiabilit\u00e9 et la flexibilit\u00e9 du carburant pour les applications industrielles.\",\"breadcrumb\":{\"@id\":\"https:\/\/baudouin.com\/fr\/baudouin-applications-industrielles\/#breadcrumb\"},\"inLanguage\":\"fr-FR\",\"potentialAction\":[{\"@type\":\"ReadAction\",\"target\":[\"https:\/\/baudouin.com\/fr\/baudouin-applications-industrielles\/\"]}]},{\"@type\":\"ImageObject\",\"inLanguage\":\"fr-FR\",\"@id\":\"https:\/\/baudouin.com\/fr\/baudouin-applications-industrielles\/#primaryimage\",\"url\":\"https:\/\/baudouin.com\/wp-content\/uploads\/2024\/06\/Industrial-engines-1.png\",\"contentUrl\":\"https:\/\/baudouin.com\/wp-content\/uploads\/2024\/06\/Industrial-engines-1.png\",\"width\":2500,\"height\":1000},{\"@type\":\"BreadcrumbList\",\"@id\":\"https:\/\/baudouin.com\/fr\/baudouin-applications-industrielles\/#breadcrumb\",\"itemListElement\":[{\"@type\":\"ListItem\",\"position\":1,\"name\":\"Home\",\"item\":\"https:\/\/baudouin.com\/fr\/\"},{\"@type\":\"ListItem\",\"position\":2,\"name\":\"Applications Industrielles\"}]},{\"@type\":\"WebSite\",\"@id\":\"https:\/\/baudouin.com\/#website\",\"url\":\"https:\/\/baudouin.com\/\",\"name\":\"Baudouin\",\"description\":\"\",\"publisher\":{\"@id\":\"https:\/\/baudouin.com\/#organization\"},\"potentialAction\":[{\"@type\":\"SearchAction\",\"target\":{\"@type\":\"EntryPoint\",\"urlTemplate\":\"https:\/\/baudouin.com\/?s={search_term_string}\"},\"query-input\":{\"@type\":\"PropertyValueSpecification\",\"valueRequired\":true,\"valueName\":\"search_term_string\"}}],\"inLanguage\":\"fr-FR\"},{\"@type\":\"Organization\",\"@id\":\"https:\/\/baudouin.com\/#organization\",\"name\":\"Moteurs Baudouin\",\"alternateName\":\"Moteurs Baudouin\",\"url\":\"https:\/\/baudouin.com\/\",\"logo\":{\"@type\":\"ImageObject\",\"inLanguage\":\"fr-FR\",\"@id\":\"https:\/\/baudouin.com\/#\/schema\/logo\/image\/\",\"url\":\"https:\/\/baudouin.com\/wp-content\/uploads\/2024\/12\/Moteur-Baudouin-jpg.webp\",\"contentUrl\":\"https:\/\/baudouin.com\/wp-content\/uploads\/2024\/12\/Moteur-Baudouin-jpg.webp\",\"width\":150,\"height\":150,\"caption\":\"Moteurs Baudouin\"},\"image\":{\"@id\":\"https:\/\/baudouin.com\/#\/schema\/logo\/image\/\"}}]}<\/script>\n<!-- \/ Yoast SEO plugin. -->","yoast_head_json":{"title":"Applications Industrielles - Baudouin","description":"Baudouin propose des solutions, garantissant la fiabilit\u00e9 et la flexibilit\u00e9 du carburant pour les applications industrielles.","robots":{"index":"index","follow":"follow","max-snippet":"max-snippet:-1","max-image-preview":"max-image-preview:large","max-video-preview":"max-video-preview:-1"},"canonical":"https:\/\/baudouin.com\/fr\/baudouin-applications-industrielles\/","og_locale":"fr_FR","og_type":"article","og_title":"Applications Industrielles - Baudouin","og_description":"Baudouin propose des solutions, garantissant la fiabilit\u00e9 et la flexibilit\u00e9 du carburant pour les applications industrielles.","og_url":"https:\/\/baudouin.com\/fr\/baudouin-applications-industrielles\/","og_site_name":"Baudouin","article_modified_time":"2026-03-25T09:10:18+00:00","og_image":[{"width":1024,"height":410,"url":"https:\/\/baudouin.com\/wp-content\/uploads\/2024\/06\/Industrial-engines-1-1024x410.png","type":"image\/png"}],"twitter_card":"summary_large_image","twitter_misc":{"Dur\u00e9e de lecture estim\u00e9e":"2 minutes"},"schema":{"@context":"https:\/\/schema.org","@graph":[{"@type":"WebPage","@id":"https:\/\/baudouin.com\/fr\/baudouin-applications-industrielles\/","url":"https:\/\/baudouin.com\/fr\/baudouin-applications-industrielles\/","name":"Applications Industrielles - Baudouin","isPartOf":{"@id":"https:\/\/baudouin.com\/#website"},"primaryImageOfPage":{"@id":"https:\/\/baudouin.com\/fr\/baudouin-applications-industrielles\/#primaryimage"},"image":{"@id":"https:\/\/baudouin.com\/fr\/baudouin-applications-industrielles\/#primaryimage"},"thumbnailUrl":"https:\/\/baudouin.com\/wp-content\/uploads\/2024\/06\/Industrial-engines-1.png","datePublished":"2024-06-19T15:15:21+00:00","dateModified":"2026-03-25T09:10:18+00:00","description":"Baudouin propose des solutions, garantissant la fiabilit\u00e9 et la flexibilit\u00e9 du carburant pour les applications industrielles.","breadcrumb":{"@id":"https:\/\/baudouin.com\/fr\/baudouin-applications-industrielles\/#breadcrumb"},"inLanguage":"fr-FR","potentialAction":[{"@type":"ReadAction","target":["https:\/\/baudouin.com\/fr\/baudouin-applications-industrielles\/"]}]},{"@type":"ImageObject","inLanguage":"fr-FR","@id":"https:\/\/baudouin.com\/fr\/baudouin-applications-industrielles\/#primaryimage","url":"https:\/\/baudouin.com\/wp-content\/uploads\/2024\/06\/Industrial-engines-1.png","contentUrl":"https:\/\/baudouin.com\/wp-content\/uploads\/2024\/06\/Industrial-engines-1.png","width":2500,"height":1000},{"@type":"BreadcrumbList","@id":"https:\/\/baudouin.com\/fr\/baudouin-applications-industrielles\/#breadcrumb","itemListElement":[{"@type":"ListItem","position":1,"name":"Home","item":"https:\/\/baudouin.com\/fr\/"},{"@type":"ListItem","position":2,"name":"Applications Industrielles"}]},{"@type":"WebSite","@id":"https:\/\/baudouin.com\/#website","url":"https:\/\/baudouin.com\/","name":"Baudouin","description":"","publisher":{"@id":"https:\/\/baudouin.com\/#organization"},"potentialAction":[{"@type":"SearchAction","target":{"@type":"EntryPoint","urlTemplate":"https:\/\/baudouin.com\/?s={search_term_string}"},"query-input":{"@type":"PropertyValueSpecification","valueRequired":true,"valueName":"search_term_string"}}],"inLanguage":"fr-FR"},{"@type":"Organization","@id":"https:\/\/baudouin.com\/#organization","name":"Moteurs Baudouin","alternateName":"Moteurs Baudouin","url":"https:\/\/baudouin.com\/","logo":{"@type":"ImageObject","inLanguage":"fr-FR","@id":"https:\/\/baudouin.com\/#\/schema\/logo\/image\/","url":"https:\/\/baudouin.com\/wp-content\/uploads\/2024\/12\/Moteur-Baudouin-jpg.webp","contentUrl":"https:\/\/baudouin.com\/wp-content\/uploads\/2024\/12\/Moteur-Baudouin-jpg.webp","width":150,"height":150,"caption":"Moteurs Baudouin"},"image":{"@id":"https:\/\/baudouin.com\/#\/schema\/logo\/image\/"}}]}},"_links":{"self":[{"href":"https:\/\/baudouin.com\/fr\/wp-json\/wp\/v2\/pages\/71562","targetHints":{"allow":["GET"]}}],"collection":[{"href":"https:\/\/baudouin.com\/fr\/wp-json\/wp\/v2\/pages"}],"about":[{"href":"https:\/\/baudouin.com\/fr\/wp-json\/wp\/v2\/types\/page"}],"author":[{"embeddable":true,"href":"https:\/\/baudouin.com\/fr\/wp-json\/wp\/v2\/users\/6"}],"replies":[{"embeddable":true,"href":"https:\/\/baudouin.com\/fr\/wp-json\/wp\/v2\/comments?post=71562"}],"version-history":[{"count":16,"href":"https:\/\/baudouin.com\/fr\/wp-json\/wp\/v2\/pages\/71562\/revisions"}],"predecessor-version":[{"id":81612,"href":"https:\/\/baudouin.com\/fr\/wp-json\/wp\/v2\/pages\/71562\/revisions\/81612"}],"wp:featuredmedia":[{"embeddable":true,"href":"https:\/\/baudouin.com\/fr\/wp-json\/wp\/v2\/media\/71540"}],"wp:attachment":[{"href":"https:\/\/baudouin.com\/fr\/wp-json\/wp\/v2\/media?parent=71562"}],"curies":[{"name":"wp","href":"https:\/\/api.w.org\/{rel}","templated":true}]}}