{"id":61968,"date":"2023-02-13T11:22:23","date_gmt":"2023-02-13T11:22:23","guid":{"rendered":"https:\/\/baudouin.com\/baudouin-green-solutions\/"},"modified":"2025-04-08T12:48:35","modified_gmt":"2025-04-08T12:48:35","slug":"baudouin-green-solutions","status":"publish","type":"page","link":"https:\/\/baudouin.com\/fr\/baudouin-green-solutions\/","title":{"rendered":"Solutions Durables"},"content":{"rendered":"<style>\n    .page-hero {\n        background-image:linear-gradient(rgba(0, 0, 0, 0.25), rgba(0, 0, 0, 0.25)), url('https:\/\/baudouin.com\/wp-content\/uploads\/2023\/10\/moteurs-baudouin-green-solutions-mobile-header.jpg.jpg');\n        background-repeat: no-repeat;\n    }\n    p, h2 {\n        color: #fff;\n    }\n    @media screen and (min-width: 768px) {\n        .page-hero {\n        background-image:linear-gradient(rgba(0, 0, 0, 0.25), rgba(0, 0, 0, 0.25)), url('https:\/\/baudouin.com\/wp-content\/uploads\/2023\/10\/moteurs-baudouin-green-solutions-desktop-header.jpg');\n    }\n    }\n<\/style>\n<section id=\"page-hero-block_06c1fee261a8c66fadf9b9f24eea6691\" class=\"page-hero py-[85px] lg:py-[100px] xl:pt-[100px] xl:pb-[242px] bg-dark-blue \">\n        <div class=\"hero-container mx-auto my-0 md:max-w-[1920px]\">\n        \n            \n        \n        <div class=\"page-hero__container flex flex-col-reverse md:flex-row lg:justify-between\">\n            <div class=\"page-hero__container--left text-center text-white lg:text-left\">\n                                    <div class=\"page-hero__container--left__breadcrumbs mb-7 lg:mb-[32px]\">\n                        <p id=\"breadcrumbs\" class=\"text-xsm text-white leading-5 font-semibold uppercase\"><span><span><a href=\"https:\/\/baudouin.com\/fr\/\">Home<\/a><\/span><\/span><\/p>                    <\/div>\n                                <h1 class=\"text-white  mb-[12px] uppercase font-bold md:mb-2.5 lg:mb-[33px]\">SOLUTIONS DURABLES BAUDOUIN<\/h1>\n                <!-- <p class=\"text-gray-form leading-[21px] w-full md:text-sm md:leading-6 md:max-w-[564px]\"><p>Chez Baudouin, nos initiatives en mati\u00e8re de solutions durables alimentent l&rsquo;avenir des industries de la production d&rsquo;\u00e9nergie et maritime, garantissant une excellente durabilit\u00e9 \u00e0 chaque client.<\/p>\n<\/p> -->\n                <p>Chez Baudouin, nos initiatives en mati\u00e8re de solutions durables alimentent l&rsquo;avenir des industries de la production d&rsquo;\u00e9nergie et maritime, garantissant une excellente durabilit\u00e9 \u00e0 chaque client.<\/p>\n            <\/div>\n           \n            \n        <\/div>\n\n    <\/div>\n<\/section>\n\n\n<div class=\"wp-block-group is-layout-constrained wp-block-group-is-layout-constrained\">\n<div class=\"wp-block-columns is-layout-flex wp-container-core-columns-is-layout-1 wp-block-columns-is-layout-flex\">\n<div class=\"wp-block-column is-layout-flow wp-block-column-is-layout-flow\">\n<h2 class=\"wp-block-heading has-text-align-left ghostkit-custom-Z2kKwxj has-text-color\" id=\"reducing-emissions-and-enhancing-efficiency\" style=\"color:#c7d53d;font-size:40px\">R\u00c9DUCTION DES \u00c9MISSIONS ET AM\u00c9LIORATION DE L&rsquo;EFFICACIT\u00c9<\/h2>\n<\/div>\n<\/div>\n\n\n\n<div class=\"wp-block-columns ghostkit-custom-abzw9 is-layout-flex wp-container-core-columns-is-layout-2 wp-block-columns-is-layout-flex\">\n<div class=\"wp-block-column ghostkit-custom-1BBg0V is-layout-flow wp-block-column-is-layout-flow\">\n<p class=\"has-text-align-left ghostkit-custom-1Sgpbu\">Chez Baudouin, nous nous engageons \u00e0 fournir des solutions durables tout en minimisant l&rsquo;impact sur l&rsquo;environnement. La plupart de nos moteurs, pour des applications marines ou terrestres, sont \u00e9quip\u00e9s de technologies de pointe con\u00e7ues pour r\u00e9pondre aux normes d&rsquo;\u00e9missions les plus strictes. Nous mettons en \u0153uvre des technologies de pointe telles que l&rsquo;injection \u00e0 rampe commune pour une distribution pr\u00e9cise et efficace du carburant. Ce qui permet de r\u00e9duire les \u00e9missions et d&rsquo;am\u00e9liorer l&rsquo;\u00e9conomie de carburant.<\/p>\n<\/div>\n\n\n\n<div class=\"wp-block-column ghostkit-custom-VtuPd is-layout-flow wp-block-column-is-layout-flow\">\n<p class=\"has-text-align-left ghostkit-custom-UxgwL\">Gr\u00e2ce \u00e0 des commandes et des capteurs de moteur sophistiqu\u00e9s, nous garantissons des performances optimales en surveillant des facteurs cruciaux. Tels que le m\u00e9lange carburant-air et la recirculation des gaz d&rsquo;\u00e9chappement. Nos syst\u00e8mes de combustion avanc\u00e9s optimisent le m\u00e9lange air-carburant et la synchronisation de la combustion.  Ce qui minimise ainsi les \u00e9missions et maximise le rendement \u00e9nerg\u00e9tique. Gr\u00e2ce \u00e0 une optimisation et \u00e0 un calibrage m\u00e9ticuleux du moteur, nous parvenons \u00e0 un \u00e9quilibre parfait entre les performances, le rendement \u00e9nerg\u00e9tique et les \u00e9missions.<\/p>\n<\/div>\n<\/div>\n<\/div>\n\n\n\n<div class=\"wp-block-group is-layout-constrained wp-block-group-is-layout-constrained\">\n<h2 class=\"wp-block-heading has-text-align-center ghostkit-custom-1EXPu4 has-text-color\" id=\"reducing-emissions-and-enhancing-efficiency\" style=\"color:#c7d53d;font-size:40px\">FAVORISER LE D\u00c9VELOPPEMENT DE MOTEURS PLUS \u00c9COLOGIQUES POUR UN AVENIR MEILLEUR ET PLUS DURABLE<\/h2>\n\n\n\n<div class=\"wp-block-columns ghostkit-custom-1FbwSn is-layout-flex wp-container-core-columns-is-layout-3 wp-block-columns-is-layout-flex\">\n<div class=\"wp-block-column ghostkit-custom-Z1pt0Y4 is-layout-flow wp-block-column-is-layout-flow\">\n<figure class=\"wp-block-image aligncenter size-full ghostkit-custom-2oFoQY\"><img loading=\"lazy\" decoding=\"async\" width=\"1000\" height=\"780\" src=\"https:\/\/baudouin.com\/wp-content\/uploads\/2023\/11\/moteurs-baudouin-scr-solutions.jpg\" alt=\"Solutions durables marines\" class=\"wp-image-61888\" srcset=\"https:\/\/baudouin.com\/wp-content\/uploads\/2023\/11\/moteurs-baudouin-scr-solutions.jpg 1000w, https:\/\/baudouin.com\/wp-content\/uploads\/2023\/11\/moteurs-baudouin-scr-solutions-300x234.jpg 300w, https:\/\/baudouin.com\/wp-content\/uploads\/2023\/11\/moteurs-baudouin-scr-solutions-768x599.jpg 768w\" sizes=\"auto, (max-width: 1000px) 100vw, 1000px\" \/><\/figure>\n\n\n\n<div class=\"wp-block-buttons is-content-justification-center is-layout-flex wp-container-core-buttons-is-layout-1 wp-block-buttons-is-layout-flex\">\n<div class=\"wp-block-button ghostkit-custom-Z2eWofJ\"><a class=\"wp-block-button__link has-white-color has-text-color has-background wp-element-button\" href=\"https:\/\/baudouin.com\/fr\/baudouin-scr-solutions\/\" style=\"border-radius:0px;background-color:#001e61\">TECHNOLOGIE SCR<\/a><\/div>\n<\/div>\n<\/div>\n\n\n\n<div class=\"wp-block-column ghostkit-custom-2sB9Qn is-layout-flow wp-block-column-is-layout-flow\">\n<figure class=\"wp-block-image aligncenter size-full ghostkit-custom-Z1bjW5F\"><img loading=\"lazy\" decoding=\"async\" width=\"1000\" height=\"780\" src=\"https:\/\/baudouin.com\/wp-content\/uploads\/2023\/11\/moteurs-baudouin-hvo-2.jpg\" alt=\"Solutions durables \u00e9nergies\" class=\"wp-image-61908\" style=\"object-fit:cover\" srcset=\"https:\/\/baudouin.com\/wp-content\/uploads\/2023\/11\/moteurs-baudouin-hvo-2.jpg 1000w, https:\/\/baudouin.com\/wp-content\/uploads\/2023\/11\/moteurs-baudouin-hvo-2-300x234.jpg 300w, https:\/\/baudouin.com\/wp-content\/uploads\/2023\/11\/moteurs-baudouin-hvo-2-768x599.jpg 768w\" sizes=\"auto, (max-width: 1000px) 100vw, 1000px\" \/><\/figure>\n\n\n\n<div class=\"wp-block-buttons is-content-justification-center is-layout-flex wp-container-core-buttons-is-layout-2 wp-block-buttons-is-layout-flex\">\n<div class=\"wp-block-button\"><a class=\"wp-block-button__link has-white-color has-text-color has-background wp-element-button\" href=\"\/fr\/hydrotreated-vegetable-oil-compatibility-hvo\/\" style=\"border-radius:0px;background-color:#001e61\">HVO<\/a><\/div>\n<\/div>\n<\/div>\n<\/div>\n<\/div>\n\n\n\n<div class=\"wp-block-group ghostkit-custom-12r5d2 is-layout-flow wp-block-group-is-layout-flow\">\n<h2 class=\"wp-block-heading has-text-align-center ghostkit-custom-1kXSva has-text-color\" id=\"the-baudouin-global-service-network\" style=\"color:#c7d53d;font-size:40px\">SOLUTIONS DURABLES &#8211; RESPECT DES NORMES D&rsquo;\u00c9MISSIONS<\/h2>\n\n\n\n<div class=\"wp-block-columns is-layout-flex wp-container-core-columns-is-layout-4 wp-block-columns-is-layout-flex\">\n<div class=\"wp-block-column is-layout-flow wp-block-column-is-layout-flow\">\n<figure class=\"wp-block-image aligncenter size-full ghostkit-custom-1ATXtu\"><img loading=\"lazy\" decoding=\"async\" width=\"70\" height=\"73\" src=\"https:\/\/baudouin.com\/wp-content\/uploads\/2023\/10\/moteurs-baudouin-stage-v.png\" alt=\"\" class=\"wp-image-60524\"\/><\/figure>\n\n\n\n<h2 class=\"wp-block-heading has-text-align-center ghostkit-custom-Z1qzmku has-text-color\" id=\"the-baudouin-global-service-network\" style=\"color:#001e61;font-size:18px\">PHASE 5<br>RESPECT DES R\u00c9GLEMENTATIONS<\/h2>\n\n\n\n<p class=\"has-text-align-center ghostkit-custom-ZfJWzn\">Nos moteurs respectent ou d\u00e9passent les normes d&rsquo;\u00e9mission les plus r\u00e9centes, garantissant ainsi la conformit\u00e9 avec les r\u00e9glementations environnementales en vigueur dans le monde entier.<\/p>\n<\/div>\n\n\n\n<div class=\"wp-block-column is-layout-flow wp-block-column-is-layout-flow\">\n<figure class=\"wp-block-image aligncenter size-full ghostkit-custom-ZOMS0X\"><img loading=\"lazy\" decoding=\"async\" width=\"44\" height=\"87\" src=\"https:\/\/baudouin.com\/wp-content\/uploads\/2023\/10\/moteurs-baudouin-epa-tier-2-epa-4.png\" alt=\"\" class=\"wp-image-60504\"\/><\/figure>\n\n\n\n<h2 class=\"wp-block-heading has-text-align-center ghostkit-custom-GAyrB has-text-color\" id=\"the-baudouin-global-service-network\" style=\"color:#001e61;font-size:18px\">EPA TIER 2 &amp; EPA 4<br>EFFICIENCE AM\u00c9LIOR\u00c9E<\/h2>\n\n\n\n<p class=\"has-text-align-center ghostkit-custom-Z1Ijs4d\">Nos syst\u00e8mes \u00e0 faibles \u00e9missions sont con\u00e7us pour optimiser la combustion du carburant, am\u00e9liorant ainsi l&rsquo;efficacit\u00e9 globale et l&rsquo;\u00e9conomie de carburant, r\u00e9duisant ainsi les co\u00fbts d&rsquo;exploitation.<\/p>\n<\/div>\n<\/div>\n<\/div>\n","protected":false},"excerpt":{"rendered":"<p>R\u00c9DUCTION DES \u00c9MISSIONS ET AM\u00c9LIORATION DE L&rsquo;EFFICACIT\u00c9 Chez Baudouin, nous nous engageons \u00e0 fournir des solutions durables tout en minimisant l&rsquo;impact sur l&rsquo;environnement. La plupart de nos moteurs, pour des applications marines&#8230;<\/p>\n","protected":false},"author":1,"featured_media":60513,"parent":0,"menu_order":0,"comment_status":"closed","ping_status":"closed","template":"","meta":{"_acf_changed":false,"content-type":"","ghostkit_customizer_options":"","ghostkit_custom_css":"","ghostkit_custom_js_head":"","ghostkit_custom_js_foot":"","ghostkit_typography":"","two_page_speed":[],"footnotes":""},"class_list":["post-61968","page","type-page","status-publish","has-post-thumbnail","hentry"],"acf":[],"yoast_head":"<!-- This site is optimized with the Yoast SEO plugin v26.8 - https:\/\/yoast.com\/product\/yoast-seo-wordpress\/ -->\n<title>Solutions Durables - Baudouin<\/title>\n<meta name=\"description\" content=\"Chez Baudouin, nos initiatives en mati\u00e8re de solutions durables alimentent l&#039;avenir des secteurs de la production d&#039;\u00e9nergie et de la marine.\" \/>\n<meta name=\"robots\" content=\"index, follow, max-snippet:-1, max-image-preview:large, max-video-preview:-1\" \/>\n<link rel=\"canonical\" href=\"https:\/\/baudouin.com\/fr\/baudouin-green-solutions\/\" \/>\n<meta property=\"og:locale\" content=\"fr_FR\" \/>\n<meta property=\"og:type\" content=\"article\" \/>\n<meta property=\"og:title\" content=\"Solutions Durables - Baudouin\" \/>\n<meta property=\"og:description\" content=\"Chez Baudouin, nos initiatives en mati\u00e8re de solutions durables alimentent l&#039;avenir des secteurs de la production d&#039;\u00e9nergie et de la marine.\" \/>\n<meta property=\"og:url\" content=\"https:\/\/baudouin.com\/fr\/baudouin-green-solutions\/\" \/>\n<meta property=\"og:site_name\" content=\"Baudouin\" \/>\n<meta property=\"article:modified_time\" content=\"2025-04-08T12:48:35+00:00\" \/>\n<meta property=\"og:image\" content=\"https:\/\/baudouin.com\/wp-content\/uploads\/2023\/10\/moteurs-baudouin-green-solutions-mobile-header.jpg.jpg\" \/>\n\t<meta property=\"og:image:width\" content=\"1000\" \/>\n\t<meta property=\"og:image:height\" content=\"1000\" \/>\n\t<meta property=\"og:image:type\" content=\"image\/jpeg\" \/>\n<meta name=\"twitter:card\" content=\"summary_large_image\" \/>\n<meta name=\"twitter:label1\" content=\"Dur\u00e9e de lecture estim\u00e9e\" \/>\n\t<meta name=\"twitter:data1\" content=\"3 minutes\" \/>\n<script type=\"application\/ld+json\" class=\"yoast-schema-graph\">{\"@context\":\"https:\/\/schema.org\",\"@graph\":[{\"@type\":\"WebPage\",\"@id\":\"https:\/\/baudouin.com\/fr\/baudouin-green-solutions\/\",\"url\":\"https:\/\/baudouin.com\/fr\/baudouin-green-solutions\/\",\"name\":\"Solutions Durables - Baudouin\",\"isPartOf\":{\"@id\":\"https:\/\/baudouin.com\/#website\"},\"primaryImageOfPage\":{\"@id\":\"https:\/\/baudouin.com\/fr\/baudouin-green-solutions\/#primaryimage\"},\"image\":{\"@id\":\"https:\/\/baudouin.com\/fr\/baudouin-green-solutions\/#primaryimage\"},\"thumbnailUrl\":\"https:\/\/baudouin.com\/wp-content\/uploads\/2023\/10\/moteurs-baudouin-green-solutions-mobile-header.jpg.jpg\",\"datePublished\":\"2023-02-13T11:22:23+00:00\",\"dateModified\":\"2025-04-08T12:48:35+00:00\",\"description\":\"Chez Baudouin, nos initiatives en mati\u00e8re de solutions durables alimentent l'avenir des secteurs de la production d'\u00e9nergie et de la marine.\",\"breadcrumb\":{\"@id\":\"https:\/\/baudouin.com\/fr\/baudouin-green-solutions\/#breadcrumb\"},\"inLanguage\":\"fr-FR\",\"potentialAction\":[{\"@type\":\"ReadAction\",\"target\":[\"https:\/\/baudouin.com\/fr\/baudouin-green-solutions\/\"]}]},{\"@type\":\"ImageObject\",\"inLanguage\":\"fr-FR\",\"@id\":\"https:\/\/baudouin.com\/fr\/baudouin-green-solutions\/#primaryimage\",\"url\":\"https:\/\/baudouin.com\/wp-content\/uploads\/2023\/10\/moteurs-baudouin-green-solutions-mobile-header.jpg.jpg\",\"contentUrl\":\"https:\/\/baudouin.com\/wp-content\/uploads\/2023\/10\/moteurs-baudouin-green-solutions-mobile-header.jpg.jpg\",\"width\":1000,\"height\":1000,\"caption\":\"Earth from space.\"},{\"@type\":\"BreadcrumbList\",\"@id\":\"https:\/\/baudouin.com\/fr\/baudouin-green-solutions\/#breadcrumb\",\"itemListElement\":[{\"@type\":\"ListItem\",\"position\":1,\"name\":\"Home\",\"item\":\"https:\/\/baudouin.com\/fr\/\"},{\"@type\":\"ListItem\",\"position\":2,\"name\":\"Solutions Durables\"}]},{\"@type\":\"WebSite\",\"@id\":\"https:\/\/baudouin.com\/#website\",\"url\":\"https:\/\/baudouin.com\/\",\"name\":\"Baudouin\",\"description\":\"\",\"publisher\":{\"@id\":\"https:\/\/baudouin.com\/#organization\"},\"potentialAction\":[{\"@type\":\"SearchAction\",\"target\":{\"@type\":\"EntryPoint\",\"urlTemplate\":\"https:\/\/baudouin.com\/?s={search_term_string}\"},\"query-input\":{\"@type\":\"PropertyValueSpecification\",\"valueRequired\":true,\"valueName\":\"search_term_string\"}}],\"inLanguage\":\"fr-FR\"},{\"@type\":\"Organization\",\"@id\":\"https:\/\/baudouin.com\/#organization\",\"name\":\"Moteurs Baudouin\",\"alternateName\":\"Moteurs Baudouin\",\"url\":\"https:\/\/baudouin.com\/\",\"logo\":{\"@type\":\"ImageObject\",\"inLanguage\":\"fr-FR\",\"@id\":\"https:\/\/baudouin.com\/#\/schema\/logo\/image\/\",\"url\":\"https:\/\/baudouin.com\/wp-content\/uploads\/2024\/12\/Moteur-Baudouin-jpg.webp\",\"contentUrl\":\"https:\/\/baudouin.com\/wp-content\/uploads\/2024\/12\/Moteur-Baudouin-jpg.webp\",\"width\":150,\"height\":150,\"caption\":\"Moteurs Baudouin\"},\"image\":{\"@id\":\"https:\/\/baudouin.com\/#\/schema\/logo\/image\/\"}}]}<\/script>\n<!-- \/ Yoast SEO plugin. -->","yoast_head_json":{"title":"Solutions Durables - Baudouin","description":"Chez Baudouin, nos initiatives en mati\u00e8re de solutions durables alimentent l'avenir des secteurs de la production d'\u00e9nergie et de la marine.","robots":{"index":"index","follow":"follow","max-snippet":"max-snippet:-1","max-image-preview":"max-image-preview:large","max-video-preview":"max-video-preview:-1"},"canonical":"https:\/\/baudouin.com\/fr\/baudouin-green-solutions\/","og_locale":"fr_FR","og_type":"article","og_title":"Solutions Durables - Baudouin","og_description":"Chez Baudouin, nos initiatives en mati\u00e8re de solutions durables alimentent l'avenir des secteurs de la production d'\u00e9nergie et de la marine.","og_url":"https:\/\/baudouin.com\/fr\/baudouin-green-solutions\/","og_site_name":"Baudouin","article_modified_time":"2025-04-08T12:48:35+00:00","og_image":[{"width":1000,"height":1000,"url":"https:\/\/baudouin.com\/wp-content\/uploads\/2023\/10\/moteurs-baudouin-green-solutions-mobile-header.jpg.jpg","type":"image\/jpeg"}],"twitter_card":"summary_large_image","twitter_misc":{"Dur\u00e9e de lecture estim\u00e9e":"3 minutes"},"schema":{"@context":"https:\/\/schema.org","@graph":[{"@type":"WebPage","@id":"https:\/\/baudouin.com\/fr\/baudouin-green-solutions\/","url":"https:\/\/baudouin.com\/fr\/baudouin-green-solutions\/","name":"Solutions Durables - Baudouin","isPartOf":{"@id":"https:\/\/baudouin.com\/#website"},"primaryImageOfPage":{"@id":"https:\/\/baudouin.com\/fr\/baudouin-green-solutions\/#primaryimage"},"image":{"@id":"https:\/\/baudouin.com\/fr\/baudouin-green-solutions\/#primaryimage"},"thumbnailUrl":"https:\/\/baudouin.com\/wp-content\/uploads\/2023\/10\/moteurs-baudouin-green-solutions-mobile-header.jpg.jpg","datePublished":"2023-02-13T11:22:23+00:00","dateModified":"2025-04-08T12:48:35+00:00","description":"Chez Baudouin, nos initiatives en mati\u00e8re de solutions durables alimentent l'avenir des secteurs de la production d'\u00e9nergie et de la marine.","breadcrumb":{"@id":"https:\/\/baudouin.com\/fr\/baudouin-green-solutions\/#breadcrumb"},"inLanguage":"fr-FR","potentialAction":[{"@type":"ReadAction","target":["https:\/\/baudouin.com\/fr\/baudouin-green-solutions\/"]}]},{"@type":"ImageObject","inLanguage":"fr-FR","@id":"https:\/\/baudouin.com\/fr\/baudouin-green-solutions\/#primaryimage","url":"https:\/\/baudouin.com\/wp-content\/uploads\/2023\/10\/moteurs-baudouin-green-solutions-mobile-header.jpg.jpg","contentUrl":"https:\/\/baudouin.com\/wp-content\/uploads\/2023\/10\/moteurs-baudouin-green-solutions-mobile-header.jpg.jpg","width":1000,"height":1000,"caption":"Earth from space."},{"@type":"BreadcrumbList","@id":"https:\/\/baudouin.com\/fr\/baudouin-green-solutions\/#breadcrumb","itemListElement":[{"@type":"ListItem","position":1,"name":"Home","item":"https:\/\/baudouin.com\/fr\/"},{"@type":"ListItem","position":2,"name":"Solutions Durables"}]},{"@type":"WebSite","@id":"https:\/\/baudouin.com\/#website","url":"https:\/\/baudouin.com\/","name":"Baudouin","description":"","publisher":{"@id":"https:\/\/baudouin.com\/#organization"},"potentialAction":[{"@type":"SearchAction","target":{"@type":"EntryPoint","urlTemplate":"https:\/\/baudouin.com\/?s={search_term_string}"},"query-input":{"@type":"PropertyValueSpecification","valueRequired":true,"valueName":"search_term_string"}}],"inLanguage":"fr-FR"},{"@type":"Organization","@id":"https:\/\/baudouin.com\/#organization","name":"Moteurs Baudouin","alternateName":"Moteurs Baudouin","url":"https:\/\/baudouin.com\/","logo":{"@type":"ImageObject","inLanguage":"fr-FR","@id":"https:\/\/baudouin.com\/#\/schema\/logo\/image\/","url":"https:\/\/baudouin.com\/wp-content\/uploads\/2024\/12\/Moteur-Baudouin-jpg.webp","contentUrl":"https:\/\/baudouin.com\/wp-content\/uploads\/2024\/12\/Moteur-Baudouin-jpg.webp","width":150,"height":150,"caption":"Moteurs Baudouin"},"image":{"@id":"https:\/\/baudouin.com\/#\/schema\/logo\/image\/"}}]}},"_links":{"self":[{"href":"https:\/\/baudouin.com\/fr\/wp-json\/wp\/v2\/pages\/61968","targetHints":{"allow":["GET"]}}],"collection":[{"href":"https:\/\/baudouin.com\/fr\/wp-json\/wp\/v2\/pages"}],"about":[{"href":"https:\/\/baudouin.com\/fr\/wp-json\/wp\/v2\/types\/page"}],"author":[{"embeddable":true,"href":"https:\/\/baudouin.com\/fr\/wp-json\/wp\/v2\/users\/1"}],"replies":[{"embeddable":true,"href":"https:\/\/baudouin.com\/fr\/wp-json\/wp\/v2\/comments?post=61968"}],"version-history":[{"count":2,"href":"https:\/\/baudouin.com\/fr\/wp-json\/wp\/v2\/pages\/61968\/revisions"}],"predecessor-version":[{"id":77616,"href":"https:\/\/baudouin.com\/fr\/wp-json\/wp\/v2\/pages\/61968\/revisions\/77616"}],"wp:featuredmedia":[{"embeddable":true,"href":"https:\/\/baudouin.com\/fr\/wp-json\/wp\/v2\/media\/60513"}],"wp:attachment":[{"href":"https:\/\/baudouin.com\/fr\/wp-json\/wp\/v2\/media?parent=61968"}],"curies":[{"name":"wp","href":"https:\/\/api.w.org\/{rel}","templated":true}]}}