{"id":76479,"date":"2025-02-19T09:56:19","date_gmt":"2025-02-19T09:56:19","guid":{"rendered":"https:\/\/baudouin.com\/?page_id=76479"},"modified":"2025-12-19T13:31:23","modified_gmt":"2025-12-19T13:31:23","slug":"esg","status":"publish","type":"page","link":"https:\/\/baudouin.com\/es\/esg\/","title":{"rendered":"ESG"},"content":{"rendered":"<style>\n    .page-hero {\n        background-image:linear-gradient(rgba(0, 0, 0, 0.25), rgba(0, 0, 0, 0.25)), url('https:\/\/baudouin.com\/wp-content\/uploads\/2025\/02\/ESG-Mobile.webp');\n        background-repeat: no-repeat;\n    }\n    p, h2 {\n        color: #fff;\n    }\n    @media screen and (min-width: 768px) {\n        .page-hero {\n        background-image:linear-gradient(rgba(0, 0, 0, 0.25), rgba(0, 0, 0, 0.25)), url('https:\/\/baudouin.com\/wp-content\/uploads\/2025\/02\/ESG.webp');\n    }\n    }\n<\/style>\n<section id=\"page-hero-block_05b2f1cce8dbe9a0db799018178251c2\" class=\"page-hero py-[85px] lg:py-[100px] xl:pt-[100px] xl:pb-[242px] bg-dark-blue \">\n        <div class=\"hero-container mx-auto my-0 md:max-w-[1920px]\">\n        \n            \n        \n        <div class=\"page-hero__container flex flex-col-reverse md:flex-row lg:justify-between\">\n            <div class=\"page-hero__container--left text-center text-white lg:text-left\">\n                                <h1 class=\"text-white  mb-[12px] uppercase font-bold md:mb-2.5 lg:mb-[33px]\">ESG<\/h1>\n                <!-- <p class=\"text-gray-form leading-[21px] w-full md:text-sm md:leading-6 md:max-w-[564px]\"><p>En Baudouin, creemos que el rendimiento industrial debe ir de la mano de la responsabilidad medioambiental y social y de un gobierno corporativo ejemplar (ESG). Llevamos m\u00e1s de 100 a\u00f1os dise\u00f1ando motores marinos e industriales fiables y de alto rendimiento, y nos comprometemos a desarrollar nuestras tecnolog\u00edas para afrontar los retos de hoy y de ma\u00f1ana.<\/p>\n<\/p> -->\n                <p>En Baudouin, creemos que el rendimiento industrial debe ir de la mano de la responsabilidad medioambiental y social y de un gobierno corporativo ejemplar (ESG). Llevamos m\u00e1s de 100 a\u00f1os dise\u00f1ando motores marinos e industriales fiables y de alto rendimiento, y nos comprometemos a desarrollar nuestras tecnolog\u00edas para afrontar los retos de hoy y de ma\u00f1ana.<\/p>\n            <\/div>\n           \n            \n        <\/div>\n\n    <\/div>\n<\/section>\n\n\n<div class=\"wp-block-group ghostkit-custom-Z3uy8o is-layout-constrained wp-block-group-is-layout-constrained\">\n<div style=\"height:100px\" aria-hidden=\"true\" class=\"wp-block-spacer\"><\/div>\n\n\n\n<div class=\"wp-block-columns is-layout-flex wp-container-core-columns-is-layout-1 wp-block-columns-is-layout-flex\">\n<div class=\"wp-block-column is-layout-flow wp-block-column-is-layout-flow\">\n<h2 class=\"wp-block-heading has-text-align-left has-text-color has-link-color wp-elements-38e0626c8daeb23b7c7fd55bb97f5032\" id=\"company-documentation\" style=\"color:#0f0256;font-size:32px;font-style:normal;font-weight:700;line-height:1.3\">Informe ESG: Compromisos medioambientales, sociales y de gobernanza de Baudouin<\/h2>\n\n\n\n<div style=\"height:52px\" aria-hidden=\"true\" class=\"wp-block-spacer\"><\/div>\n<\/div>\n<\/div>\n\n\n\n<div class=\"wp-block-columns ghostkit-custom-9wPq9 is-layout-flex wp-container-core-columns-is-layout-2 wp-block-columns-is-layout-flex\">\n<div class=\"wp-block-column is-layout-flow wp-block-column-is-layout-flow\">\n<h2 class=\"wp-block-heading has-text-color\" id=\"6m26-3\" style=\"color:#001e61;font-size:24px;font-style:normal;font-weight:600\">2023<\/h2>\n\n\n\n<p class=\"ghostkit-custom-P9rTx has-text-color\" style=\"color:#706f6f;font-size:18px\"><img decoding=\"async\" class=\"wp-image-55559\" style=\"width: 25px;\" src=\"https:\/\/baudouin.com\/wp-content\/uploads\/2023\/08\/GB_Flag-1.jpg\" alt=\"\">  <mark style=\"background-color:rgba(0, 0, 0, 0);color:#706f6f\" class=\"has-inline-color\"><a href=\"https:\/\/baudouin.com\/wp-content\/uploads\/2025\/02\/Rapport-ESG-2023-24-EN-210125.pdf\" target=\"_blank\" rel=\"noreferrer noopener\">2023 ESG Report<\/a><\/mark><\/p>\n<\/div>\n\n\n\n<div class=\"wp-block-column is-layout-flow wp-block-column-is-layout-flow\">\n<h2 class=\"wp-block-heading has-text-color\" id=\"6f21\" style=\"color:#001e61;font-size:24px;font-style:normal;font-weight:600\">2024<\/h2>\n\n\n\n<p><img decoding=\"async\" class=\"wp-image-55559\" style=\"width: 25px;\" src=\"https:\/\/baudouin.com\/wp-content\/uploads\/2023\/08\/GB_Flag-1.jpg\" alt=\"\"> <mark style=\"background-color:rgba(0, 0, 0, 0);color:#706f6f\" class=\"has-inline-color\"><a href=\"https:\/\/baudouin.com\/wp-content\/uploads\/2025\/12\/ESG-REPORT-2024-MOTEURS-BAUDOUIN.pdf\" target=\"_blank\" rel=\"noreferrer noopener\">2024 ESG Report<\/a><\/mark><\/p>\n\n\n\n<p class=\"ghostkit-custom-Z2qmaaA has-text-color\" style=\"color:#706f6f;font-size:18px\"><\/p>\n<\/div>\n\n\n\n<div class=\"wp-block-column is-layout-flow wp-block-column-is-layout-flow\">\n<h2 class=\"wp-block-heading has-text-color\" id=\"6m26-3\" style=\"color:#001e61;font-size:24px;font-style:normal;font-weight:600\"><\/h2>\n\n\n\n<p class=\"ghostkit-custom-Z1d0MbF has-text-color\" style=\"color:#706f6f;font-size:18px\"><\/p>\n<\/div>\n\n\n\n<div class=\"wp-block-column is-layout-flow wp-block-column-is-layout-flow\">\n<h2 class=\"wp-block-heading has-text-color\" id=\"6w105s\" style=\"color:#001e61;font-size:24px;font-style:normal;font-weight:600\"><\/h2>\n\n\n\n<p class=\"ghostkit-custom-UWTvu has-text-color\" style=\"color:#706f6f;font-size:18px\"><\/p>\n<\/div>\n\n\n\n<div class=\"wp-block-column is-layout-flow wp-block-column-is-layout-flow\">\n<h2 class=\"wp-block-heading has-text-color\" id=\"6-w126m\" style=\"color:#001e61;font-size:24px;font-style:normal;font-weight:600\"><\/h2>\n\n\n\n<p class=\"ghostkit-custom-2diwsS has-text-color\" style=\"color:#706f6f;font-size:18px\"><\/p>\n<\/div>\n<\/div>\n<\/div>\n\n\n\n<p><\/p>\n","protected":false},"excerpt":{"rendered":"<p>Informe ESG: Compromisos medioambientales, sociales y de gobernanza de Baudouin 2023 2023 ESG Report 2024 2024 ESG Report<\/p>\n","protected":false},"author":6,"featured_media":76484,"parent":0,"menu_order":0,"comment_status":"closed","ping_status":"closed","template":"","meta":{"_acf_changed":false,"content-type":"","ghostkit_customizer_options":"","ghostkit_custom_css":"","ghostkit_custom_js_head":"","ghostkit_custom_js_foot":"","ghostkit_typography":"","two_page_speed":[],"footnotes":""},"class_list":["post-76479","page","type-page","status-publish","has-post-thumbnail","hentry"],"acf":[],"yoast_head":"<!-- This site is optimized with the Yoast SEO plugin v26.8 - https:\/\/yoast.com\/product\/yoast-seo-wordpress\/ -->\n<title>ESG - Baudouin<\/title>\n<meta name=\"description\" content=\"Descubra los compromisos ESG de Baudouin: sostenibilidad, gobernanza \u00e9tica y responsabilidad social para un futuro m\u00e1s inclusivo.\" \/>\n<meta name=\"robots\" content=\"index, follow, max-snippet:-1, max-image-preview:large, max-video-preview:-1\" \/>\n<link rel=\"canonical\" href=\"https:\/\/baudouin.com\/es\/esg\/\" \/>\n<meta property=\"og:locale\" content=\"es_ES\" \/>\n<meta property=\"og:type\" content=\"article\" \/>\n<meta property=\"og:title\" content=\"ESG - Baudouin\" \/>\n<meta property=\"og:description\" content=\"Descubra los compromisos ESG de Baudouin: sostenibilidad, gobernanza \u00e9tica y responsabilidad social para un futuro m\u00e1s inclusivo.\" \/>\n<meta property=\"og:url\" content=\"https:\/\/baudouin.com\/es\/esg\/\" \/>\n<meta property=\"og:site_name\" content=\"Baudouin\" \/>\n<meta property=\"article:modified_time\" content=\"2025-12-19T13:31:23+00:00\" \/>\n<meta property=\"og:image\" content=\"https:\/\/baudouin.com\/wp-content\/uploads\/2025\/02\/ESG.webp\" \/>\n\t<meta property=\"og:image:width\" content=\"2500\" \/>\n\t<meta property=\"og:image:height\" content=\"1000\" \/>\n\t<meta property=\"og:image:type\" content=\"image\/jpeg\" \/>\n<meta name=\"twitter:card\" content=\"summary_large_image\" \/>\n<meta name=\"twitter:label1\" content=\"Tiempo de lectura\" \/>\n\t<meta name=\"twitter:data1\" content=\"1 minuto\" \/>\n<script type=\"application\/ld+json\" class=\"yoast-schema-graph\">{\"@context\":\"https:\/\/schema.org\",\"@graph\":[{\"@type\":\"WebPage\",\"@id\":\"https:\/\/baudouin.com\/es\/esg\/\",\"url\":\"https:\/\/baudouin.com\/es\/esg\/\",\"name\":\"ESG - Baudouin\",\"isPartOf\":{\"@id\":\"https:\/\/baudouin.com\/#website\"},\"primaryImageOfPage\":{\"@id\":\"https:\/\/baudouin.com\/es\/esg\/#primaryimage\"},\"image\":{\"@id\":\"https:\/\/baudouin.com\/es\/esg\/#primaryimage\"},\"thumbnailUrl\":\"https:\/\/baudouin.com\/wp-content\/uploads\/2025\/02\/ESG.webp\",\"datePublished\":\"2025-02-19T09:56:19+00:00\",\"dateModified\":\"2025-12-19T13:31:23+00:00\",\"description\":\"Descubra los compromisos ESG de Baudouin: sostenibilidad, gobernanza \u00e9tica y responsabilidad social para un futuro m\u00e1s inclusivo.\",\"breadcrumb\":{\"@id\":\"https:\/\/baudouin.com\/es\/esg\/#breadcrumb\"},\"inLanguage\":\"es\",\"potentialAction\":[{\"@type\":\"ReadAction\",\"target\":[\"https:\/\/baudouin.com\/es\/esg\/\"]}]},{\"@type\":\"ImageObject\",\"inLanguage\":\"es\",\"@id\":\"https:\/\/baudouin.com\/es\/esg\/#primaryimage\",\"url\":\"https:\/\/baudouin.com\/wp-content\/uploads\/2025\/02\/ESG.webp\",\"contentUrl\":\"https:\/\/baudouin.com\/wp-content\/uploads\/2025\/02\/ESG.webp\",\"width\":2500,\"height\":1000,\"caption\":\"Badouin\"},{\"@type\":\"BreadcrumbList\",\"@id\":\"https:\/\/baudouin.com\/es\/esg\/#breadcrumb\",\"itemListElement\":[{\"@type\":\"ListItem\",\"position\":1,\"name\":\"Home\",\"item\":\"https:\/\/baudouin.com\/es\/\"},{\"@type\":\"ListItem\",\"position\":2,\"name\":\"ESG\"}]},{\"@type\":\"WebSite\",\"@id\":\"https:\/\/baudouin.com\/#website\",\"url\":\"https:\/\/baudouin.com\/\",\"name\":\"Baudouin\",\"description\":\"\",\"publisher\":{\"@id\":\"https:\/\/baudouin.com\/#organization\"},\"potentialAction\":[{\"@type\":\"SearchAction\",\"target\":{\"@type\":\"EntryPoint\",\"urlTemplate\":\"https:\/\/baudouin.com\/?s={search_term_string}\"},\"query-input\":{\"@type\":\"PropertyValueSpecification\",\"valueRequired\":true,\"valueName\":\"search_term_string\"}}],\"inLanguage\":\"es\"},{\"@type\":\"Organization\",\"@id\":\"https:\/\/baudouin.com\/#organization\",\"name\":\"Moteurs Baudouin\",\"alternateName\":\"Moteurs Baudouin\",\"url\":\"https:\/\/baudouin.com\/\",\"logo\":{\"@type\":\"ImageObject\",\"inLanguage\":\"es\",\"@id\":\"https:\/\/baudouin.com\/#\/schema\/logo\/image\/\",\"url\":\"https:\/\/baudouin.com\/wp-content\/uploads\/2024\/12\/Moteur-Baudouin-jpg.webp\",\"contentUrl\":\"https:\/\/baudouin.com\/wp-content\/uploads\/2024\/12\/Moteur-Baudouin-jpg.webp\",\"width\":150,\"height\":150,\"caption\":\"Moteurs Baudouin\"},\"image\":{\"@id\":\"https:\/\/baudouin.com\/#\/schema\/logo\/image\/\"}}]}<\/script>\n<!-- \/ Yoast SEO plugin. -->","yoast_head_json":{"title":"ESG - Baudouin","description":"Descubra los compromisos ESG de Baudouin: sostenibilidad, gobernanza \u00e9tica y responsabilidad social para un futuro m\u00e1s inclusivo.","robots":{"index":"index","follow":"follow","max-snippet":"max-snippet:-1","max-image-preview":"max-image-preview:large","max-video-preview":"max-video-preview:-1"},"canonical":"https:\/\/baudouin.com\/es\/esg\/","og_locale":"es_ES","og_type":"article","og_title":"ESG - Baudouin","og_description":"Descubra los compromisos ESG de Baudouin: sostenibilidad, gobernanza \u00e9tica y responsabilidad social para un futuro m\u00e1s inclusivo.","og_url":"https:\/\/baudouin.com\/es\/esg\/","og_site_name":"Baudouin","article_modified_time":"2025-12-19T13:31:23+00:00","og_image":[{"width":2500,"height":1000,"url":"https:\/\/baudouin.com\/wp-content\/uploads\/2025\/02\/ESG.webp","type":"image\/jpeg"}],"twitter_card":"summary_large_image","twitter_misc":{"Tiempo de lectura":"1 minuto"},"schema":{"@context":"https:\/\/schema.org","@graph":[{"@type":"WebPage","@id":"https:\/\/baudouin.com\/es\/esg\/","url":"https:\/\/baudouin.com\/es\/esg\/","name":"ESG - Baudouin","isPartOf":{"@id":"https:\/\/baudouin.com\/#website"},"primaryImageOfPage":{"@id":"https:\/\/baudouin.com\/es\/esg\/#primaryimage"},"image":{"@id":"https:\/\/baudouin.com\/es\/esg\/#primaryimage"},"thumbnailUrl":"https:\/\/baudouin.com\/wp-content\/uploads\/2025\/02\/ESG.webp","datePublished":"2025-02-19T09:56:19+00:00","dateModified":"2025-12-19T13:31:23+00:00","description":"Descubra los compromisos ESG de Baudouin: sostenibilidad, gobernanza \u00e9tica y responsabilidad social para un futuro m\u00e1s inclusivo.","breadcrumb":{"@id":"https:\/\/baudouin.com\/es\/esg\/#breadcrumb"},"inLanguage":"es","potentialAction":[{"@type":"ReadAction","target":["https:\/\/baudouin.com\/es\/esg\/"]}]},{"@type":"ImageObject","inLanguage":"es","@id":"https:\/\/baudouin.com\/es\/esg\/#primaryimage","url":"https:\/\/baudouin.com\/wp-content\/uploads\/2025\/02\/ESG.webp","contentUrl":"https:\/\/baudouin.com\/wp-content\/uploads\/2025\/02\/ESG.webp","width":2500,"height":1000,"caption":"Badouin"},{"@type":"BreadcrumbList","@id":"https:\/\/baudouin.com\/es\/esg\/#breadcrumb","itemListElement":[{"@type":"ListItem","position":1,"name":"Home","item":"https:\/\/baudouin.com\/es\/"},{"@type":"ListItem","position":2,"name":"ESG"}]},{"@type":"WebSite","@id":"https:\/\/baudouin.com\/#website","url":"https:\/\/baudouin.com\/","name":"Baudouin","description":"","publisher":{"@id":"https:\/\/baudouin.com\/#organization"},"potentialAction":[{"@type":"SearchAction","target":{"@type":"EntryPoint","urlTemplate":"https:\/\/baudouin.com\/?s={search_term_string}"},"query-input":{"@type":"PropertyValueSpecification","valueRequired":true,"valueName":"search_term_string"}}],"inLanguage":"es"},{"@type":"Organization","@id":"https:\/\/baudouin.com\/#organization","name":"Moteurs Baudouin","alternateName":"Moteurs Baudouin","url":"https:\/\/baudouin.com\/","logo":{"@type":"ImageObject","inLanguage":"es","@id":"https:\/\/baudouin.com\/#\/schema\/logo\/image\/","url":"https:\/\/baudouin.com\/wp-content\/uploads\/2024\/12\/Moteur-Baudouin-jpg.webp","contentUrl":"https:\/\/baudouin.com\/wp-content\/uploads\/2024\/12\/Moteur-Baudouin-jpg.webp","width":150,"height":150,"caption":"Moteurs Baudouin"},"image":{"@id":"https:\/\/baudouin.com\/#\/schema\/logo\/image\/"}}]}},"_links":{"self":[{"href":"https:\/\/baudouin.com\/es\/wp-json\/wp\/v2\/pages\/76479","targetHints":{"allow":["GET"]}}],"collection":[{"href":"https:\/\/baudouin.com\/es\/wp-json\/wp\/v2\/pages"}],"about":[{"href":"https:\/\/baudouin.com\/es\/wp-json\/wp\/v2\/types\/page"}],"author":[{"embeddable":true,"href":"https:\/\/baudouin.com\/es\/wp-json\/wp\/v2\/users\/6"}],"replies":[{"embeddable":true,"href":"https:\/\/baudouin.com\/es\/wp-json\/wp\/v2\/comments?post=76479"}],"version-history":[{"count":3,"href":"https:\/\/baudouin.com\/es\/wp-json\/wp\/v2\/pages\/76479\/revisions"}],"predecessor-version":[{"id":80725,"href":"https:\/\/baudouin.com\/es\/wp-json\/wp\/v2\/pages\/76479\/revisions\/80725"}],"wp:featuredmedia":[{"embeddable":true,"href":"https:\/\/baudouin.com\/es\/wp-json\/wp\/v2\/media\/76484"}],"wp:attachment":[{"href":"https:\/\/baudouin.com\/es\/wp-json\/wp\/v2\/media?parent=76479"}],"curies":[{"name":"wp","href":"https:\/\/api.w.org\/{rel}","templated":true}]}}