{"id":71565,"date":"2024-06-19T15:06:40","date_gmt":"2024-06-19T15:06:40","guid":{"rendered":"https:\/\/baudouin.com\/?page_id=71565"},"modified":"2026-04-09T09:23:29","modified_gmt":"2026-04-09T09:23:29","slug":"aplicaciones-estacionarias-de-velocidad-variable","status":"publish","type":"page","link":"https:\/\/baudouin.com\/es\/aplicaciones-estacionarias-de-velocidad-variable\/","title":{"rendered":"Aplicaciones estacionarias de velocidad variable"},"content":{"rendered":"\n<div style=\"height:54px\" aria-hidden=\"true\" class=\"wp-block-spacer\"><\/div>\n\n<h1 class=\"wp-block-heading has-text-align-center has-large-font-size\" id=\"stationary-variable-speed-applications\">Stationary Variable Speed Applications<\/h1>\n\n<div class=\"wp-block-group ghostkit-custom-jUvqY is-layout-flow wp-block-group-is-layout-flow\">\n<div class=\"wp-block-columns is-layout-flex wp-container-core-columns-is-layout-1 wp-block-columns-is-layout-flex\">\n<div class=\"wp-block-column is-vertically-aligned-top is-layout-flow wp-block-column-is-layout-flow\">\n<div class=\"wp-block-cover has-custom-content-position is-position-bottom-center ghostkit-custom-xeTgx\"><span aria-hidden=\"true\" class=\"wp-block-cover__background has-background-dim-30 has-background-dim\" style=\"background-color:#6d8c54\"><\/span><img loading=\"lazy\" decoding=\"async\" width=\"1000\" height=\"1000\" class=\"wp-block-cover__image-background wp-image-71597\" alt=\"Stationary Variable Speed Applications irrigation\" src=\"https:\/\/baudouin.com\/wp-content\/uploads\/2024\/06\/Irrigations.png\" data-object-fit=\"cover\" srcset=\"https:\/\/baudouin.com\/wp-content\/uploads\/2024\/06\/Irrigations.png 1000w, https:\/\/baudouin.com\/wp-content\/uploads\/2024\/06\/Irrigations-300x300.png 300w, https:\/\/baudouin.com\/wp-content\/uploads\/2024\/06\/Irrigations-150x150.png 150w, https:\/\/baudouin.com\/wp-content\/uploads\/2024\/06\/Irrigations-768x768.png 768w\" sizes=\"auto, (max-width: 1000px) 100vw, 1000px\" \/><div class=\"wp-block-cover__inner-container is-layout-flow wp-block-cover-is-layout-flow\">\n<h2 class=\"wp-block-heading has-text-align-center has-white-color has-text-color has-link-color has-large-font-size wp-elements-ad716c569f4db5fa82320498194c4bcd\" id=\"baudouin-propulsion-engines\"><a href=\"https:\/\/baudouin.com\/es\/engine_product-category\/motores-powerkit-de-velocidad-variable\/\">IRRIGATION &amp; WATER PUMPS<\/a><\/h2>\n<\/div><\/div>\n\n\n\n<p class=\"has-text-align-center\">Las bombas de agua desempe\u00f1an un papel vital en la agricultura, ya que proporcionan el agua necesaria para regar los cultivos y hacer funcionar los sistemas de drenaje. Balduino reconoce la importancia cr\u00edtica de las bombas de agua en el sector agr\u00edcola. Nuestros motores de velocidad variable est\u00e1n dise\u00f1ados espec\u00edficamente para accionar este equipo esencial, ofreciendo la potencia y fiabilidad necesarias para satisfacer las exigencias de la agricultura moderna.<\/p>\n<\/div>\n\n\n\n<div class=\"wp-block-column is-layout-flow wp-block-column-is-layout-flow\">\n<div class=\"wp-block-cover is-light has-custom-content-position is-position-bottom-center ghostkit-custom-ZOSsRT\"><span aria-hidden=\"true\" class=\"wp-block-cover__background has-background-dim-30 has-background-dim\" style=\"background-color:#9a9484\"><\/span><img loading=\"lazy\" decoding=\"async\" width=\"1300\" height=\"1100\" class=\"wp-block-cover__image-background wp-image-71607\" alt=\"Stationary Variable Speed Applications sprinklers\" src=\"https:\/\/baudouin.com\/wp-content\/uploads\/2024\/06\/Sprinklers-1.png\" data-object-fit=\"cover\" srcset=\"https:\/\/baudouin.com\/wp-content\/uploads\/2024\/06\/Sprinklers-1.png 1300w, https:\/\/baudouin.com\/wp-content\/uploads\/2024\/06\/Sprinklers-1-300x254.png 300w, https:\/\/baudouin.com\/wp-content\/uploads\/2024\/06\/Sprinklers-1-1024x866.png 1024w, https:\/\/baudouin.com\/wp-content\/uploads\/2024\/06\/Sprinklers-1-768x650.png 768w\" sizes=\"auto, (max-width: 1300px) 100vw, 1300px\" \/><div class=\"wp-block-cover__inner-container is-layout-flow wp-block-cover-is-layout-flow\">\n<h2 class=\"wp-block-heading has-text-align-center has-white-color has-text-color has-link-color has-large-font-size wp-elements-52b59d6fb70a6d9d974ce92f642235ca\" id=\"baudouin-propulsion-engines\"><mark style=\"background-color:rgba(0, 0, 0, 0)\" class=\"has-inline-color has-white-color\"><a href=\"https:\/\/baudouin.com\/es\/engine_product-category\/motores-powerkit-de-velocidad-variable\/\">SPRINKLERS<\/a><\/mark><\/h2>\n<\/div><\/div>\n\n\n\n<p class=\"has-text-align-center ghostkit-custom-1yWFUx\">Baudouin est\u00e1 al lado de los equipos de extinci\u00f3n de incendios, ofreciendo motores de velocidad variable, famosos por su superior relaci\u00f3n potencia-peso. Dise\u00f1ados para satisfacer las rigurosas exigencias de la lucha contra incendios, estos motores ofrecen una potencia constante y un rendimiento \u00f3ptimo en situaciones cr\u00edticas. Tambi\u00e9n ofrecemos soluciones de velocidad fija para satisfacer diversas necesidades operativas.<\/p>\n<\/div>\n\n\n\n<div class=\"wp-block-column is-layout-flow wp-block-column-is-layout-flow\">\n<div class=\"wp-block-cover is-light has-custom-content-position is-position-bottom-center ghostkit-custom-26wEwJ\"><span aria-hidden=\"true\" class=\"wp-block-cover__background has-background-dim-30 has-background-dim\"><\/span><img loading=\"lazy\" decoding=\"async\" width=\"1000\" height=\"780\" class=\"wp-block-cover__image-background wp-image-60277\" alt=\"Stationary Variable Speed Applications air compressor\" src=\"https:\/\/baudouin.com\/wp-content\/uploads\/2023\/10\/moteurs-baudouin-applications-construction.jpg\" data-object-fit=\"cover\" srcset=\"https:\/\/baudouin.com\/wp-content\/uploads\/2023\/10\/moteurs-baudouin-applications-construction.jpg 1000w, https:\/\/baudouin.com\/wp-content\/uploads\/2023\/10\/moteurs-baudouin-applications-construction-300x234.jpg 300w, https:\/\/baudouin.com\/wp-content\/uploads\/2023\/10\/moteurs-baudouin-applications-construction-768x599.jpg 768w\" sizes=\"auto, (max-width: 1000px) 100vw, 1000px\" \/><div class=\"wp-block-cover__inner-container is-layout-flow wp-block-cover-is-layout-flow\">\n<h2 class=\"wp-block-heading has-text-align-center has-white-color has-text-color has-link-color has-large-font-size wp-elements-3f70246473e1a74a2abe640728a8952f\" id=\"baudouin-propulsion-engines\"><a href=\"https:\/\/baudouin.com\/es\/engine_product-category\/motores-powerkit-de-velocidad-variable\/\">CONSTRUCTION &amp; AIR COMPRESSOR<\/a><\/h2>\n<\/div><\/div>\n\n\n\n<p class=\"has-text-align-center ghostkit-custom-1S4BPI\">Whether powering pneumatic tools, pumping concrete over long distances or supplying power to site equipment, variable speed engines offer a reliable and adaptable solution. Their energy efficiency and robustness make them the ideal choice for construction professionals looking to maximise productivity while minimising environmental impact.<\/p>\n<\/div>\n<\/div>\n<\/div>\n\n<div class=\"wp-block-group ghostkit-custom-Z1RMEiA is-layout-flow wp-block-group-is-layout-flow\">\n<div class=\"wp-block-columns is-layout-flex wp-container-core-columns-is-layout-2 wp-block-columns-is-layout-flex\">\n<div class=\"wp-block-column is-vertically-aligned-top ghostkit-custom-ubY0e is-layout-flow wp-block-column-is-layout-flow\">\n<div class=\"wp-block-cover is-light has-custom-content-position is-position-bottom-center ghostkit-custom-ZCGSJq\"><span aria-hidden=\"true\" class=\"wp-block-cover__background has-background-dim-30 has-background-dim\" style=\"background-color:#a4abae\"><\/span><img loading=\"lazy\" decoding=\"async\" width=\"1300\" height=\"1100\" class=\"wp-block-cover__image-background wp-image-71575\" alt=\"Stationary Variable Speed Applications ground power unit\" src=\"https:\/\/baudouin.com\/wp-content\/uploads\/2024\/06\/Ground-Power-Unit.png\" data-object-fit=\"cover\" srcset=\"https:\/\/baudouin.com\/wp-content\/uploads\/2024\/06\/Ground-Power-Unit.png 1300w, https:\/\/baudouin.com\/wp-content\/uploads\/2024\/06\/Ground-Power-Unit-300x254.png 300w, https:\/\/baudouin.com\/wp-content\/uploads\/2024\/06\/Ground-Power-Unit-1024x866.png 1024w, https:\/\/baudouin.com\/wp-content\/uploads\/2024\/06\/Ground-Power-Unit-768x650.png 768w\" sizes=\"auto, (max-width: 1300px) 100vw, 1300px\" \/><div class=\"wp-block-cover__inner-container is-layout-flow wp-block-cover-is-layout-flow\">\n<h2 class=\"wp-block-heading has-text-align-center has-white-color has-text-color has-link-color has-large-font-size wp-elements-3d921e11460da8a3a1879b76fb168a2c\" id=\"baudouin-propulsion-engines\"><a href=\"https:\/\/baudouin.com\/es\/engine_product-category\/motores-powerkit-de-velocidad-variable\/\">GROUND POWER UNITS<\/a><\/h2>\n<\/div><\/div>\n\n\n\n<p class=\"has-text-align-center ghostkit-custom-2vmh5G\">Las unidades de alimentaci\u00f3n en tierra (GPU) son esenciales en la industria aeron\u00e1utica para suministrar energ\u00eda a las aeronaves cuando est\u00e1n en tierra. Los motores de velocidad variable de Baudouin ofrecen una mayor eficiencia al ajustar autom\u00e1ticamente su velocidad en funci\u00f3n de la demanda de potencia. Esto reduce el consumo de combustible y garantiza un suministro estable de energ\u00eda, mejorando la eficacia de las operaciones en tierra y ayudando a reducir los costes de explotaci\u00f3n.<\/p>\n<\/div>\n\n\n\n<div class=\"wp-block-column is-vertically-aligned-top ghostkit-custom-1jYmWb is-layout-flow wp-block-column-is-layout-flow\">\n<div class=\"wp-block-cover has-custom-content-position is-position-bottom-center ghostkit-custom-ZyzBId\"><span aria-hidden=\"true\" class=\"wp-block-cover__background has-background-dim-30 has-background-dim\"><\/span><img loading=\"lazy\" decoding=\"async\" width=\"1000\" height=\"780\" class=\"wp-block-cover__image-background wp-image-60294\" alt=\"\" src=\"https:\/\/baudouin.com\/wp-content\/uploads\/2023\/10\/moteurs-baudouin-applications-mining.jpg\" data-object-fit=\"cover\" srcset=\"https:\/\/baudouin.com\/wp-content\/uploads\/2023\/10\/moteurs-baudouin-applications-mining.jpg 1000w, https:\/\/baudouin.com\/wp-content\/uploads\/2023\/10\/moteurs-baudouin-applications-mining-300x234.jpg 300w, https:\/\/baudouin.com\/wp-content\/uploads\/2023\/10\/moteurs-baudouin-applications-mining-768x599.jpg 768w\" sizes=\"auto, (max-width: 1000px) 100vw, 1000px\" \/><div class=\"wp-block-cover__inner-container is-layout-flow wp-block-cover-is-layout-flow\">\n<h2 class=\"wp-block-heading has-text-align-center has-white-color has-text-color has-link-color has-large-font-size wp-elements-4681079e32d9b544169c75e942248aaf\" id=\"baudouin-propulsion-engines\"><a href=\"https:\/\/baudouin.com\/es\/engine_product-category\/motores-powerkit-de-velocidad-variable\/\">OIL &amp; GAS<\/a><\/h2>\n<\/div><\/div>\n\n\n\n<p class=\"has-text-align-center ghostkit-custom-DD43c\">Baudouin Variable Speed engines are typically designed for mining and stationary viarable speed applications as resistant to hostile environmental conditions, they provide reliable and efficient power in remote locations. These engines automatically adjust their speed to the specific needs of each task, optimising performance and reducing energy consumption.<\/p>\n<\/div>\n\n\n\n<div class=\"wp-block-column is-vertically-aligned-top ghostkit-custom-Z17bc4F is-layout-flow wp-block-column-is-layout-flow\"><\/div>\n<\/div>\n<\/div>\n\n<div class=\"wp-block-cover aligncenter ghostkit-custom-Z1YvKCm\"><span aria-hidden=\"true\" class=\"wp-block-cover__background has-background-dim-60 has-background-dim\"><\/span><img loading=\"lazy\" decoding=\"async\" width=\"2500\" height=\"1000\" class=\"wp-block-cover__image-background wp-image-60156\" alt=\"\" src=\"https:\/\/baudouin.com\/wp-content\/uploads\/2023\/10\/moteurs-baudouin-become-a-trusted-partner.jpg\" data-object-fit=\"cover\" srcset=\"https:\/\/baudouin.com\/wp-content\/uploads\/2023\/10\/moteurs-baudouin-become-a-trusted-partner.jpg 2500w, https:\/\/baudouin.com\/wp-content\/uploads\/2023\/10\/moteurs-baudouin-become-a-trusted-partner-300x120.jpg 300w, https:\/\/baudouin.com\/wp-content\/uploads\/2023\/10\/moteurs-baudouin-become-a-trusted-partner-1024x410.jpg 1024w, https:\/\/baudouin.com\/wp-content\/uploads\/2023\/10\/moteurs-baudouin-become-a-trusted-partner-768x307.jpg 768w, https:\/\/baudouin.com\/wp-content\/uploads\/2023\/10\/moteurs-baudouin-become-a-trusted-partner-1536x614.jpg 1536w, https:\/\/baudouin.com\/wp-content\/uploads\/2023\/10\/moteurs-baudouin-become-a-trusted-partner-2048x819.jpg 2048w\" sizes=\"auto, (max-width: 2500px) 100vw, 2500px\" \/><div class=\"wp-block-cover__inner-container is-layout-flow wp-block-cover-is-layout-flow\">\n<h5 class=\"wp-block-heading has-text-align-center ghostkit-custom-Z1Yozpi has-white-color has-text-color\" id=\"become-a-trusted-partner-1\">VELOCIDAD VARIABLE ESTACIONARIA BAUDOUIN<\/h5>\n\n\n\n<p class=\"has-text-align-center ghostkit-custom-ZyNXoB has-white-color has-text-color\">Explora las posibilidades de nuestra Gama de Velocidad Variable Estacionaria.<\/p>\n\n\n\n<div class=\"wp-block-buttons is-content-justification-center is-layout-flex wp-container-core-buttons-is-layout-1 wp-block-buttons-is-layout-flex\">\n<div class=\"wp-block-button\"><a class=\"wp-block-button__link has-white-background-color has-text-color has-background wp-element-button\" href=\"https:\/\/baudouin.com\/es\/engine_product-category\/motores-powerkit-de-velocidad-variable\/\" style=\"border-radius:0px;color:#706f6f\">Ver nuestra gama de motores estacionarios de velocidad variable<\/a><\/div>\n<\/div>\n<\/div><\/div>\n","protected":false},"excerpt":{"rendered":"<p>Stationary Variable Speed Applications Las bombas de agua desempe\u00f1an un papel vital en la agricultura, ya que proporcionan el agua necesaria para regar los cultivos y hacer funcionar los sistemas de drenaje&#8230;.<\/p>\n","protected":false},"author":6,"featured_media":71643,"parent":0,"menu_order":0,"comment_status":"closed","ping_status":"closed","template":"","meta":{"_acf_changed":false,"content-type":"","ghostkit_customizer_options":"","ghostkit_custom_css":"","ghostkit_custom_js_head":"","ghostkit_custom_js_foot":"","ghostkit_typography":"","two_page_speed":[],"footnotes":""},"class_list":["post-71565","page","type-page","status-publish","has-post-thumbnail","hentry"],"acf":[],"yoast_head":"<!-- This site is optimized with the Yoast SEO plugin v26.8 - https:\/\/yoast.com\/product\/yoast-seo-wordpress\/ -->\n<title>Aplicaciones estacionarias de velocidad variable - Baudouin<\/title>\n<meta name=\"description\" content=\"Los motores Baudouin son fiables, f\u00e1ciles de mantener y eficientes en las aplicaciones estacionarias de velocidad variable\" \/>\n<meta name=\"robots\" content=\"index, follow, max-snippet:-1, max-image-preview:large, max-video-preview:-1\" \/>\n<link rel=\"canonical\" href=\"https:\/\/baudouin.com\/baudouin-stationary-variable-speed-applications\/\" \/>\n<meta property=\"og:locale\" content=\"es_ES\" \/>\n<meta property=\"og:type\" content=\"article\" \/>\n<meta property=\"og:title\" content=\"Aplicaciones estacionarias de velocidad variable - Baudouin\" \/>\n<meta property=\"og:description\" content=\"Los motores Baudouin son fiables, f\u00e1ciles de mantener y eficientes en las aplicaciones estacionarias de velocidad variable\" \/>\n<meta property=\"og:url\" content=\"https:\/\/baudouin.com\/baudouin-stationary-variable-speed-applications\/\" \/>\n<meta property=\"og:site_name\" content=\"Baudouin\" \/>\n<meta property=\"article:modified_time\" content=\"2026-04-09T09:23:29+00:00\" \/>\n<meta property=\"og:image\" content=\"https:\/\/baudouin.com\/wp-content\/uploads\/2024\/06\/Water-pump-stationnary.png\" \/>\n\t<meta property=\"og:image:width\" content=\"1300\" \/>\n\t<meta property=\"og:image:height\" content=\"1100\" \/>\n\t<meta property=\"og:image:type\" content=\"image\/png\" \/>\n<meta name=\"twitter:card\" content=\"summary_large_image\" \/>\n<meta name=\"twitter:label1\" content=\"Tiempo de lectura\" \/>\n\t<meta name=\"twitter:data1\" content=\"3 minutos\" \/>\n<script type=\"application\/ld+json\" class=\"yoast-schema-graph\">{\"@context\":\"https:\/\/schema.org\",\"@graph\":[{\"@type\":\"WebPage\",\"@id\":\"https:\/\/baudouin.com\/baudouin-stationary-variable-speed-applications\/\",\"url\":\"https:\/\/baudouin.com\/baudouin-stationary-variable-speed-applications\/\",\"name\":\"Aplicaciones estacionarias de velocidad variable - Baudouin\",\"isPartOf\":{\"@id\":\"https:\/\/baudouin.com\/#website\"},\"primaryImageOfPage\":{\"@id\":\"https:\/\/baudouin.com\/baudouin-stationary-variable-speed-applications\/#primaryimage\"},\"image\":{\"@id\":\"https:\/\/baudouin.com\/baudouin-stationary-variable-speed-applications\/#primaryimage\"},\"thumbnailUrl\":\"https:\/\/baudouin.com\/wp-content\/uploads\/2024\/06\/Water-pump-stationnary.png\",\"datePublished\":\"2024-06-19T15:06:40+00:00\",\"dateModified\":\"2026-04-09T09:23:29+00:00\",\"description\":\"Los motores Baudouin son fiables, f\u00e1ciles de mantener y eficientes en las aplicaciones estacionarias de velocidad variable\",\"breadcrumb\":{\"@id\":\"https:\/\/baudouin.com\/baudouin-stationary-variable-speed-applications\/#breadcrumb\"},\"inLanguage\":\"es\",\"potentialAction\":[{\"@type\":\"ReadAction\",\"target\":[\"https:\/\/baudouin.com\/baudouin-stationary-variable-speed-applications\/\"]}]},{\"@type\":\"ImageObject\",\"inLanguage\":\"es\",\"@id\":\"https:\/\/baudouin.com\/baudouin-stationary-variable-speed-applications\/#primaryimage\",\"url\":\"https:\/\/baudouin.com\/wp-content\/uploads\/2024\/06\/Water-pump-stationnary.png\",\"contentUrl\":\"https:\/\/baudouin.com\/wp-content\/uploads\/2024\/06\/Water-pump-stationnary.png\",\"width\":1300,\"height\":1100},{\"@type\":\"BreadcrumbList\",\"@id\":\"https:\/\/baudouin.com\/baudouin-stationary-variable-speed-applications\/#breadcrumb\",\"itemListElement\":[{\"@type\":\"ListItem\",\"position\":1,\"name\":\"Home\",\"item\":\"https:\/\/baudouin.com\/es\/\"},{\"@type\":\"ListItem\",\"position\":2,\"name\":\"Aplicaciones estacionarias de velocidad variable\"}]},{\"@type\":\"WebSite\",\"@id\":\"https:\/\/baudouin.com\/#website\",\"url\":\"https:\/\/baudouin.com\/\",\"name\":\"Baudouin\",\"description\":\"\",\"publisher\":{\"@id\":\"https:\/\/baudouin.com\/#organization\"},\"potentialAction\":[{\"@type\":\"SearchAction\",\"target\":{\"@type\":\"EntryPoint\",\"urlTemplate\":\"https:\/\/baudouin.com\/?s={search_term_string}\"},\"query-input\":{\"@type\":\"PropertyValueSpecification\",\"valueRequired\":true,\"valueName\":\"search_term_string\"}}],\"inLanguage\":\"es\"},{\"@type\":\"Organization\",\"@id\":\"https:\/\/baudouin.com\/#organization\",\"name\":\"Moteurs Baudouin\",\"alternateName\":\"Moteurs Baudouin\",\"url\":\"https:\/\/baudouin.com\/\",\"logo\":{\"@type\":\"ImageObject\",\"inLanguage\":\"es\",\"@id\":\"https:\/\/baudouin.com\/#\/schema\/logo\/image\/\",\"url\":\"https:\/\/baudouin.com\/wp-content\/uploads\/2024\/12\/Moteur-Baudouin-jpg.webp\",\"contentUrl\":\"https:\/\/baudouin.com\/wp-content\/uploads\/2024\/12\/Moteur-Baudouin-jpg.webp\",\"width\":150,\"height\":150,\"caption\":\"Moteurs Baudouin\"},\"image\":{\"@id\":\"https:\/\/baudouin.com\/#\/schema\/logo\/image\/\"}}]}<\/script>\n<!-- \/ Yoast SEO plugin. -->","yoast_head_json":{"title":"Aplicaciones estacionarias de velocidad variable - Baudouin","description":"Los motores Baudouin son fiables, f\u00e1ciles de mantener y eficientes en las aplicaciones estacionarias de velocidad variable","robots":{"index":"index","follow":"follow","max-snippet":"max-snippet:-1","max-image-preview":"max-image-preview:large","max-video-preview":"max-video-preview:-1"},"canonical":"https:\/\/baudouin.com\/baudouin-stationary-variable-speed-applications\/","og_locale":"es_ES","og_type":"article","og_title":"Aplicaciones estacionarias de velocidad variable - Baudouin","og_description":"Los motores Baudouin son fiables, f\u00e1ciles de mantener y eficientes en las aplicaciones estacionarias de velocidad variable","og_url":"https:\/\/baudouin.com\/baudouin-stationary-variable-speed-applications\/","og_site_name":"Baudouin","article_modified_time":"2026-04-09T09:23:29+00:00","og_image":[{"width":1300,"height":1100,"url":"https:\/\/baudouin.com\/wp-content\/uploads\/2024\/06\/Water-pump-stationnary.png","type":"image\/png"}],"twitter_card":"summary_large_image","twitter_misc":{"Tiempo de lectura":"3 minutos"},"schema":{"@context":"https:\/\/schema.org","@graph":[{"@type":"WebPage","@id":"https:\/\/baudouin.com\/baudouin-stationary-variable-speed-applications\/","url":"https:\/\/baudouin.com\/baudouin-stationary-variable-speed-applications\/","name":"Aplicaciones estacionarias de velocidad variable - Baudouin","isPartOf":{"@id":"https:\/\/baudouin.com\/#website"},"primaryImageOfPage":{"@id":"https:\/\/baudouin.com\/baudouin-stationary-variable-speed-applications\/#primaryimage"},"image":{"@id":"https:\/\/baudouin.com\/baudouin-stationary-variable-speed-applications\/#primaryimage"},"thumbnailUrl":"https:\/\/baudouin.com\/wp-content\/uploads\/2024\/06\/Water-pump-stationnary.png","datePublished":"2024-06-19T15:06:40+00:00","dateModified":"2026-04-09T09:23:29+00:00","description":"Los motores Baudouin son fiables, f\u00e1ciles de mantener y eficientes en las aplicaciones estacionarias de velocidad variable","breadcrumb":{"@id":"https:\/\/baudouin.com\/baudouin-stationary-variable-speed-applications\/#breadcrumb"},"inLanguage":"es","potentialAction":[{"@type":"ReadAction","target":["https:\/\/baudouin.com\/baudouin-stationary-variable-speed-applications\/"]}]},{"@type":"ImageObject","inLanguage":"es","@id":"https:\/\/baudouin.com\/baudouin-stationary-variable-speed-applications\/#primaryimage","url":"https:\/\/baudouin.com\/wp-content\/uploads\/2024\/06\/Water-pump-stationnary.png","contentUrl":"https:\/\/baudouin.com\/wp-content\/uploads\/2024\/06\/Water-pump-stationnary.png","width":1300,"height":1100},{"@type":"BreadcrumbList","@id":"https:\/\/baudouin.com\/baudouin-stationary-variable-speed-applications\/#breadcrumb","itemListElement":[{"@type":"ListItem","position":1,"name":"Home","item":"https:\/\/baudouin.com\/es\/"},{"@type":"ListItem","position":2,"name":"Aplicaciones estacionarias de velocidad variable"}]},{"@type":"WebSite","@id":"https:\/\/baudouin.com\/#website","url":"https:\/\/baudouin.com\/","name":"Baudouin","description":"","publisher":{"@id":"https:\/\/baudouin.com\/#organization"},"potentialAction":[{"@type":"SearchAction","target":{"@type":"EntryPoint","urlTemplate":"https:\/\/baudouin.com\/?s={search_term_string}"},"query-input":{"@type":"PropertyValueSpecification","valueRequired":true,"valueName":"search_term_string"}}],"inLanguage":"es"},{"@type":"Organization","@id":"https:\/\/baudouin.com\/#organization","name":"Moteurs Baudouin","alternateName":"Moteurs Baudouin","url":"https:\/\/baudouin.com\/","logo":{"@type":"ImageObject","inLanguage":"es","@id":"https:\/\/baudouin.com\/#\/schema\/logo\/image\/","url":"https:\/\/baudouin.com\/wp-content\/uploads\/2024\/12\/Moteur-Baudouin-jpg.webp","contentUrl":"https:\/\/baudouin.com\/wp-content\/uploads\/2024\/12\/Moteur-Baudouin-jpg.webp","width":150,"height":150,"caption":"Moteurs Baudouin"},"image":{"@id":"https:\/\/baudouin.com\/#\/schema\/logo\/image\/"}}]}},"_links":{"self":[{"href":"https:\/\/baudouin.com\/es\/wp-json\/wp\/v2\/pages\/71565","targetHints":{"allow":["GET"]}}],"collection":[{"href":"https:\/\/baudouin.com\/es\/wp-json\/wp\/v2\/pages"}],"about":[{"href":"https:\/\/baudouin.com\/es\/wp-json\/wp\/v2\/types\/page"}],"author":[{"embeddable":true,"href":"https:\/\/baudouin.com\/es\/wp-json\/wp\/v2\/users\/6"}],"replies":[{"embeddable":true,"href":"https:\/\/baudouin.com\/es\/wp-json\/wp\/v2\/comments?post=71565"}],"version-history":[{"count":10,"href":"https:\/\/baudouin.com\/es\/wp-json\/wp\/v2\/pages\/71565\/revisions"}],"predecessor-version":[{"id":82263,"href":"https:\/\/baudouin.com\/es\/wp-json\/wp\/v2\/pages\/71565\/revisions\/82263"}],"wp:featuredmedia":[{"embeddable":true,"href":"https:\/\/baudouin.com\/es\/wp-json\/wp\/v2\/media\/71643"}],"wp:attachment":[{"href":"https:\/\/baudouin.com\/es\/wp-json\/wp\/v2\/media?parent=71565"}],"curies":[{"name":"wp","href":"https:\/\/api.w.org\/{rel}","templated":true}]}}