{"id":71561,"date":"2024-06-19T15:15:21","date_gmt":"2024-06-19T15:15:21","guid":{"rendered":"https:\/\/baudouin.com\/?page_id=71561"},"modified":"2025-03-31T15:41:23","modified_gmt":"2025-03-31T15:41:23","slug":"aplicaciones-industriales","status":"publish","type":"page","link":"https:\/\/baudouin.com\/es\/aplicaciones-industriales\/","title":{"rendered":"Aplicaciones industriales"},"content":{"rendered":"<style>\n    .page-hero {\n        background-image:linear-gradient(rgba(0, 0, 0, 0.25), rgba(0, 0, 0, 0.25)), url('https:\/\/baudouin.com\/wp-content\/uploads\/2024\/06\/Industrial-solutions-applications.png');\n        background-repeat: no-repeat;\n    }\n    p, h2 {\n        color: #fff;\n    }\n    @media screen and (min-width: 768px) {\n        .page-hero {\n        background-image:linear-gradient(rgba(0, 0, 0, 0.25), rgba(0, 0, 0, 0.25)), url('https:\/\/baudouin.com\/wp-content\/uploads\/2024\/06\/Industrial-engines-1.png');\n    }\n    }\n<\/style>\n<section id=\"page-hero-block_8f681f1a4160de86245ea4045e962909\" class=\"page-hero py-[85px] lg:py-[100px] xl:pt-[100px] xl:pb-[242px] bg-dark-blue \">\n        <div class=\"hero-container mx-auto my-0 md:max-w-[1920px]\">\n        \n            \n        \n        <div class=\"page-hero__container flex flex-col-reverse md:flex-row lg:justify-between\">\n            <div class=\"page-hero__container--left text-center text-white lg:text-left\">\n                                    <div class=\"page-hero__container--left__breadcrumbs mb-7 lg:mb-[32px]\">\n                        <p id=\"breadcrumbs\" class=\"text-xsm text-white leading-5 font-semibold uppercase\"><span><span><a href=\"https:\/\/baudouin.com\/es\/\">Home<\/a><\/span><\/span><\/p>                    <\/div>\n                                <h1 class=\"text-white  mb-[12px] uppercase font-bold md:mb-2.5 lg:mb-[33px]\">Aplicaciones industriales <\/h1>\n                <!-- <p class=\"text-gray-form leading-[21px] w-full md:text-sm md:leading-6 md:max-w-[564px]\"><p>Desde 1918, Baudouin se ha forjado una reputaci\u00f3n de calidad y fiabilidad. Hoy en d\u00eda, Baudouin se enorgullece de ofrecer una gama polivalente de motores industriales m\u00f3viles y fijos para diferentes aplicaciones industriales.<\/p>\n<\/p> -->\n                <p>Desde 1918, Baudouin se ha forjado una reputaci\u00f3n de calidad y fiabilidad. Hoy en d\u00eda, Baudouin se enorgullece de ofrecer una gama polivalente de motores industriales m\u00f3viles y fijos para diferentes aplicaciones industriales.<\/p>\n            <\/div>\n           \n            \n        <\/div>\n\n    <\/div>\n<\/section>\n\n\n<div class=\"wp-block-group alignfull is-layout-constrained wp-block-group-is-layout-constrained\"><\/div>\n\n\n\n<div class=\"wp-block-group ghostkit-custom-2qqkUG is-layout-flow wp-block-group-is-layout-flow\">\n<div class=\"wp-block-columns is-layout-flex wp-container-core-columns-is-layout-1 wp-block-columns-is-layout-flex\">\n<div class=\"wp-block-column ghostkit-custom-X3dFF is-layout-flow wp-block-column-is-layout-flow\">\n<div class=\"wp-block-cover is-light has-custom-content-position is-position-bottom-center ghostkit-custom-ZfoML2\"><span aria-hidden=\"true\" class=\"wp-block-cover__background has-background-dim-30 has-background-dim\" style=\"background-color:#bf9769\"><\/span><img loading=\"lazy\" decoding=\"async\" width=\"1300\" height=\"1100\" class=\"wp-block-cover__image-background wp-image-71640\" alt=\"Aplicaciones industriales\" src=\"https:\/\/baudouin.com\/wp-content\/uploads\/2024\/06\/Water-pump-stationnary.png\" data-object-fit=\"cover\" srcset=\"https:\/\/baudouin.com\/wp-content\/uploads\/2024\/06\/Water-pump-stationnary.png 1300w, https:\/\/baudouin.com\/wp-content\/uploads\/2024\/06\/Water-pump-stationnary-300x254.png 300w, https:\/\/baudouin.com\/wp-content\/uploads\/2024\/06\/Water-pump-stationnary-1024x866.png 1024w, https:\/\/baudouin.com\/wp-content\/uploads\/2024\/06\/Water-pump-stationnary-768x650.png 768w\" sizes=\"auto, (max-width: 1300px) 100vw, 1300px\" \/><div class=\"wp-block-cover__inner-container is-layout-flow wp-block-cover-is-layout-flow\">\n<h2 class=\"wp-block-heading has-text-align-center has-white-color has-text-color has-link-color has-large-font-size wp-elements-b9f00e3b9e5f1942a5e1de0560dba54b\" id=\"stationary-variable-speed\">VELOCIDAD VARIABLE ESTACIONARIA<\/h2>\n<\/div><\/div>\n\n\n\n<p class=\"has-text-align-center ghostkit-custom-JOOo3\">La gama Baudouin de velocidad variable ofrece un funcionamiento fiable y est\u00e1 dise\u00f1ada para facilitar el mantenimiento y resistir las variaciones de calidad del combustible en aplicaciones industriales. La gama VS est\u00e1 optimizada con un rango que va de 30 a 1.715 kW.<\/p>\n\n\n\n<div class=\"wp-block-buttons is-content-justification-center is-layout-flex wp-container-core-buttons-is-layout-1 wp-block-buttons-is-layout-flex\">\n<div class=\"wp-block-button ghostkit-custom-FVO6i\"><a class=\"wp-block-button__link has-white-color has-text-color has-background wp-element-button\" href=\"https:\/\/baudouin.com\/es\/aplicaciones-estacionarias-de-velocidad-variable\/\" style=\"border-radius:0px;background-color:#001e61\">DESCUBRE NUESTRAS APLICACIONES ESTACIONARIAS BAUDOUIN<\/a><\/div>\n<\/div>\n<\/div>\n\n\n\n<div class=\"wp-block-column is-layout-flow wp-block-column-is-layout-flow\">\n<div class=\"wp-block-cover is-light has-custom-content-position is-position-bottom-center ghostkit-custom-ZkkGxs\"><span aria-hidden=\"true\" class=\"wp-block-cover__background has-background-dim-30 has-background-dim\" style=\"background-color:#cd963b\"><\/span><img loading=\"lazy\" decoding=\"async\" width=\"1000\" height=\"1000\" class=\"wp-block-cover__image-background wp-image-72044\" alt=\"Aplicaciones industriales.\" src=\"https:\/\/baudouin.com\/wp-content\/uploads\/2024\/06\/Industrial-Non-Road-Mobile-applications.png\" style=\"object-position:55% 82%\" data-object-fit=\"cover\" data-object-position=\"55% 82%\" srcset=\"https:\/\/baudouin.com\/wp-content\/uploads\/2024\/06\/Industrial-Non-Road-Mobile-applications.png 1000w, https:\/\/baudouin.com\/wp-content\/uploads\/2024\/06\/Industrial-Non-Road-Mobile-applications-300x300.png 300w, https:\/\/baudouin.com\/wp-content\/uploads\/2024\/06\/Industrial-Non-Road-Mobile-applications-150x150.png 150w, https:\/\/baudouin.com\/wp-content\/uploads\/2024\/06\/Industrial-Non-Road-Mobile-applications-768x768.png 768w\" sizes=\"auto, (max-width: 1000px) 100vw, 1000px\" \/><div class=\"wp-block-cover__inner-container is-layout-flow wp-block-cover-is-layout-flow\">\n<h2 class=\"wp-block-heading has-text-align-center has-white-color has-text-color has-large-font-size\" id=\"baudouin-propulsion-engines\"><strong>MAQUINARIA<\/strong> <strong>M\u00d3VIL<\/strong><strong>NO<\/strong><strong>DE CARRETERA<\/strong><\/h2>\n<\/div><\/div>\n\n\n\n<p class=\"has-text-align-center\">Baudouin ofrece una amplia gama de productos flexibles para satisfacer tus necesidades espec\u00edficas. Ofrecemos una gran variedad de motores industriales para los sectores de la <a href=\"https:\/\/www.mapa.gob.es\/es\/\">agricultura<\/a>, la construcci\u00f3n y los proyectos especiales, garantizando la soluci\u00f3n adecuada a tus necesidades.<\/p>\n\n\n\n<div style=\"height:24px\" aria-hidden=\"true\" class=\"wp-block-spacer\"><\/div>\n\n\n\n<div class=\"wp-block-buttons is-content-justification-center is-layout-flex wp-container-core-buttons-is-layout-2 wp-block-buttons-is-layout-flex\">\n<div class=\"wp-block-button\"><a class=\"wp-block-button__link has-white-color has-text-color has-background wp-element-button\" href=\"https:\/\/baudouin.com\/es\/maquinaria-movil-no-de-carretera-baudouin\/\" style=\"border-radius:0px;background-color:#001e61\">DESCUBRE NUESTRAS APLICACIONES M\u00d3VILES BAUDOUIN<\/a><\/div>\n<\/div>\n<\/div>\n<\/div>\n<\/div>\n\n\n\n<h2 class=\"wp-block-heading has-white-color has-text-color has-link-color wp-elements-9a38cd5198a9980548c27d0b9de1cf0b\" id=\"aplicaciones-industriales\">Aplicaciones industriales<\/h2>\n\n\n\n<p><\/p>\n","protected":false},"excerpt":{"rendered":"<p>La gama Baudouin de velocidad variable ofrece un funcionamiento fiable y est\u00e1 dise\u00f1ada para facilitar el mantenimiento y resistir las variaciones de calidad del combustible en aplicaciones industriales. La gama VS est\u00e1&#8230;<\/p>\n","protected":false},"author":6,"featured_media":71542,"parent":0,"menu_order":0,"comment_status":"closed","ping_status":"closed","template":"","meta":{"_acf_changed":false,"content-type":"","ghostkit_customizer_options":"","ghostkit_custom_css":"","ghostkit_custom_js_head":"","ghostkit_custom_js_foot":"","ghostkit_typography":"","two_page_speed":[],"footnotes":""},"class_list":["post-71561","page","type-page","status-publish","has-post-thumbnail","hentry"],"acf":[],"yoast_head":"<!-- This site is optimized with the Yoast SEO plugin v26.8 - https:\/\/yoast.com\/product\/yoast-seo-wordpress\/ -->\n<title>Aplicaciones industriales - Baudouin<\/title>\n<meta name=\"description\" content=\"Baudouin ofrece productos vers\u00e1tiles para aplicaciones industriales, que garantizan fiabilidad y flexibilidad de combustible.\" \/>\n<meta name=\"robots\" content=\"index, follow, max-snippet:-1, max-image-preview:large, max-video-preview:-1\" \/>\n<link rel=\"canonical\" href=\"https:\/\/baudouin.com\/es\/aplicaciones-industriales\/\" \/>\n<meta property=\"og:locale\" content=\"es_ES\" \/>\n<meta property=\"og:type\" content=\"article\" \/>\n<meta property=\"og:title\" content=\"Aplicaciones industriales - Baudouin\" \/>\n<meta property=\"og:description\" content=\"Baudouin ofrece productos vers\u00e1tiles para aplicaciones industriales, que garantizan fiabilidad y flexibilidad de combustible.\" \/>\n<meta property=\"og:url\" content=\"https:\/\/baudouin.com\/es\/aplicaciones-industriales\/\" \/>\n<meta property=\"og:site_name\" content=\"Baudouin\" \/>\n<meta property=\"article:modified_time\" content=\"2025-03-31T15:41:23+00:00\" \/>\n<meta property=\"og:image\" content=\"https:\/\/baudouin.com\/wp-content\/uploads\/2024\/06\/Industrial-engines-1-1024x410.png\" \/>\n\t<meta property=\"og:image:width\" content=\"1024\" \/>\n\t<meta property=\"og:image:height\" content=\"410\" \/>\n\t<meta property=\"og:image:type\" content=\"image\/png\" \/>\n<meta name=\"twitter:card\" content=\"summary_large_image\" \/>\n<meta name=\"twitter:label1\" content=\"Tiempo de lectura\" \/>\n\t<meta name=\"twitter:data1\" content=\"2 minutos\" \/>\n<script type=\"application\/ld+json\" class=\"yoast-schema-graph\">{\"@context\":\"https:\/\/schema.org\",\"@graph\":[{\"@type\":\"WebPage\",\"@id\":\"https:\/\/baudouin.com\/es\/aplicaciones-industriales\/\",\"url\":\"https:\/\/baudouin.com\/es\/aplicaciones-industriales\/\",\"name\":\"Aplicaciones industriales - Baudouin\",\"isPartOf\":{\"@id\":\"https:\/\/baudouin.com\/#website\"},\"primaryImageOfPage\":{\"@id\":\"https:\/\/baudouin.com\/es\/aplicaciones-industriales\/#primaryimage\"},\"image\":{\"@id\":\"https:\/\/baudouin.com\/es\/aplicaciones-industriales\/#primaryimage\"},\"thumbnailUrl\":\"https:\/\/baudouin.com\/wp-content\/uploads\/2024\/06\/Industrial-engines-1.png\",\"datePublished\":\"2024-06-19T15:15:21+00:00\",\"dateModified\":\"2025-03-31T15:41:23+00:00\",\"description\":\"Baudouin ofrece productos vers\u00e1tiles para aplicaciones industriales, que garantizan fiabilidad y flexibilidad de combustible.\",\"breadcrumb\":{\"@id\":\"https:\/\/baudouin.com\/es\/aplicaciones-industriales\/#breadcrumb\"},\"inLanguage\":\"es\",\"potentialAction\":[{\"@type\":\"ReadAction\",\"target\":[\"https:\/\/baudouin.com\/es\/aplicaciones-industriales\/\"]}]},{\"@type\":\"ImageObject\",\"inLanguage\":\"es\",\"@id\":\"https:\/\/baudouin.com\/es\/aplicaciones-industriales\/#primaryimage\",\"url\":\"https:\/\/baudouin.com\/wp-content\/uploads\/2024\/06\/Industrial-engines-1.png\",\"contentUrl\":\"https:\/\/baudouin.com\/wp-content\/uploads\/2024\/06\/Industrial-engines-1.png\",\"width\":2500,\"height\":1000},{\"@type\":\"BreadcrumbList\",\"@id\":\"https:\/\/baudouin.com\/es\/aplicaciones-industriales\/#breadcrumb\",\"itemListElement\":[{\"@type\":\"ListItem\",\"position\":1,\"name\":\"Home\",\"item\":\"https:\/\/baudouin.com\/es\/\"},{\"@type\":\"ListItem\",\"position\":2,\"name\":\"Aplicaciones industriales\"}]},{\"@type\":\"WebSite\",\"@id\":\"https:\/\/baudouin.com\/#website\",\"url\":\"https:\/\/baudouin.com\/\",\"name\":\"Baudouin\",\"description\":\"\",\"publisher\":{\"@id\":\"https:\/\/baudouin.com\/#organization\"},\"potentialAction\":[{\"@type\":\"SearchAction\",\"target\":{\"@type\":\"EntryPoint\",\"urlTemplate\":\"https:\/\/baudouin.com\/?s={search_term_string}\"},\"query-input\":{\"@type\":\"PropertyValueSpecification\",\"valueRequired\":true,\"valueName\":\"search_term_string\"}}],\"inLanguage\":\"es\"},{\"@type\":\"Organization\",\"@id\":\"https:\/\/baudouin.com\/#organization\",\"name\":\"Moteurs Baudouin\",\"alternateName\":\"Moteurs Baudouin\",\"url\":\"https:\/\/baudouin.com\/\",\"logo\":{\"@type\":\"ImageObject\",\"inLanguage\":\"es\",\"@id\":\"https:\/\/baudouin.com\/#\/schema\/logo\/image\/\",\"url\":\"https:\/\/baudouin.com\/wp-content\/uploads\/2024\/12\/Moteur-Baudouin-jpg.webp\",\"contentUrl\":\"https:\/\/baudouin.com\/wp-content\/uploads\/2024\/12\/Moteur-Baudouin-jpg.webp\",\"width\":150,\"height\":150,\"caption\":\"Moteurs Baudouin\"},\"image\":{\"@id\":\"https:\/\/baudouin.com\/#\/schema\/logo\/image\/\"}}]}<\/script>\n<!-- \/ Yoast SEO plugin. -->","yoast_head_json":{"title":"Aplicaciones industriales - Baudouin","description":"Baudouin ofrece productos vers\u00e1tiles para aplicaciones industriales, que garantizan fiabilidad y flexibilidad de combustible.","robots":{"index":"index","follow":"follow","max-snippet":"max-snippet:-1","max-image-preview":"max-image-preview:large","max-video-preview":"max-video-preview:-1"},"canonical":"https:\/\/baudouin.com\/es\/aplicaciones-industriales\/","og_locale":"es_ES","og_type":"article","og_title":"Aplicaciones industriales - Baudouin","og_description":"Baudouin ofrece productos vers\u00e1tiles para aplicaciones industriales, que garantizan fiabilidad y flexibilidad de combustible.","og_url":"https:\/\/baudouin.com\/es\/aplicaciones-industriales\/","og_site_name":"Baudouin","article_modified_time":"2025-03-31T15:41:23+00:00","og_image":[{"width":1024,"height":410,"url":"https:\/\/baudouin.com\/wp-content\/uploads\/2024\/06\/Industrial-engines-1-1024x410.png","type":"image\/png"}],"twitter_card":"summary_large_image","twitter_misc":{"Tiempo de lectura":"2 minutos"},"schema":{"@context":"https:\/\/schema.org","@graph":[{"@type":"WebPage","@id":"https:\/\/baudouin.com\/es\/aplicaciones-industriales\/","url":"https:\/\/baudouin.com\/es\/aplicaciones-industriales\/","name":"Aplicaciones industriales - Baudouin","isPartOf":{"@id":"https:\/\/baudouin.com\/#website"},"primaryImageOfPage":{"@id":"https:\/\/baudouin.com\/es\/aplicaciones-industriales\/#primaryimage"},"image":{"@id":"https:\/\/baudouin.com\/es\/aplicaciones-industriales\/#primaryimage"},"thumbnailUrl":"https:\/\/baudouin.com\/wp-content\/uploads\/2024\/06\/Industrial-engines-1.png","datePublished":"2024-06-19T15:15:21+00:00","dateModified":"2025-03-31T15:41:23+00:00","description":"Baudouin ofrece productos vers\u00e1tiles para aplicaciones industriales, que garantizan fiabilidad y flexibilidad de combustible.","breadcrumb":{"@id":"https:\/\/baudouin.com\/es\/aplicaciones-industriales\/#breadcrumb"},"inLanguage":"es","potentialAction":[{"@type":"ReadAction","target":["https:\/\/baudouin.com\/es\/aplicaciones-industriales\/"]}]},{"@type":"ImageObject","inLanguage":"es","@id":"https:\/\/baudouin.com\/es\/aplicaciones-industriales\/#primaryimage","url":"https:\/\/baudouin.com\/wp-content\/uploads\/2024\/06\/Industrial-engines-1.png","contentUrl":"https:\/\/baudouin.com\/wp-content\/uploads\/2024\/06\/Industrial-engines-1.png","width":2500,"height":1000},{"@type":"BreadcrumbList","@id":"https:\/\/baudouin.com\/es\/aplicaciones-industriales\/#breadcrumb","itemListElement":[{"@type":"ListItem","position":1,"name":"Home","item":"https:\/\/baudouin.com\/es\/"},{"@type":"ListItem","position":2,"name":"Aplicaciones industriales"}]},{"@type":"WebSite","@id":"https:\/\/baudouin.com\/#website","url":"https:\/\/baudouin.com\/","name":"Baudouin","description":"","publisher":{"@id":"https:\/\/baudouin.com\/#organization"},"potentialAction":[{"@type":"SearchAction","target":{"@type":"EntryPoint","urlTemplate":"https:\/\/baudouin.com\/?s={search_term_string}"},"query-input":{"@type":"PropertyValueSpecification","valueRequired":true,"valueName":"search_term_string"}}],"inLanguage":"es"},{"@type":"Organization","@id":"https:\/\/baudouin.com\/#organization","name":"Moteurs Baudouin","alternateName":"Moteurs Baudouin","url":"https:\/\/baudouin.com\/","logo":{"@type":"ImageObject","inLanguage":"es","@id":"https:\/\/baudouin.com\/#\/schema\/logo\/image\/","url":"https:\/\/baudouin.com\/wp-content\/uploads\/2024\/12\/Moteur-Baudouin-jpg.webp","contentUrl":"https:\/\/baudouin.com\/wp-content\/uploads\/2024\/12\/Moteur-Baudouin-jpg.webp","width":150,"height":150,"caption":"Moteurs Baudouin"},"image":{"@id":"https:\/\/baudouin.com\/#\/schema\/logo\/image\/"}}]}},"_links":{"self":[{"href":"https:\/\/baudouin.com\/es\/wp-json\/wp\/v2\/pages\/71561","targetHints":{"allow":["GET"]}}],"collection":[{"href":"https:\/\/baudouin.com\/es\/wp-json\/wp\/v2\/pages"}],"about":[{"href":"https:\/\/baudouin.com\/es\/wp-json\/wp\/v2\/types\/page"}],"author":[{"embeddable":true,"href":"https:\/\/baudouin.com\/es\/wp-json\/wp\/v2\/users\/6"}],"replies":[{"embeddable":true,"href":"https:\/\/baudouin.com\/es\/wp-json\/wp\/v2\/comments?post=71561"}],"version-history":[{"count":13,"href":"https:\/\/baudouin.com\/es\/wp-json\/wp\/v2\/pages\/71561\/revisions"}],"predecessor-version":[{"id":77355,"href":"https:\/\/baudouin.com\/es\/wp-json\/wp\/v2\/pages\/71561\/revisions\/77355"}],"wp:featuredmedia":[{"embeddable":true,"href":"https:\/\/baudouin.com\/es\/wp-json\/wp\/v2\/media\/71542"}],"wp:attachment":[{"href":"https:\/\/baudouin.com\/es\/wp-json\/wp\/v2\/media?parent=71561"}],"curies":[{"name":"wp","href":"https:\/\/api.w.org\/{rel}","templated":true}]}}