{"id":62004,"date":"2022-11-09T15:51:04","date_gmt":"2022-11-09T15:51:04","guid":{"rendered":"https:\/\/baudouin.com\/our-network\/"},"modified":"2026-04-08T10:36:43","modified_gmt":"2026-04-08T10:36:43","slug":"our-network","status":"publish","type":"page","link":"https:\/\/baudouin.com\/es\/our-network\/","title":{"rendered":"Nuestra Red"},"content":{"rendered":"<style>\n    .page-hero {\n        background-image:linear-gradient(rgba(0, 0, 0, 0.25), rgba(0, 0, 0, 0.25)), url('https:\/\/baudouin.com\/wp-content\/uploads\/2023\/11\/moteurs-baudouin-our-network-mobile-header.jpg');\n        background-repeat: no-repeat;\n    }\n    p, h2 {\n        color: #fff;\n    }\n    @media screen and (min-width: 768px) {\n        .page-hero {\n        background-image:linear-gradient(rgba(0, 0, 0, 0.25), rgba(0, 0, 0, 0.25)), url('https:\/\/baudouin.com\/wp-content\/uploads\/2023\/10\/moteurs-baudouin-our-network-desktop-header.jpg');\n    }\n    }\n<\/style>\n<section id=\"page-hero-block_3c639c1f2f89334f5dba59a645c0b4b8\" class=\"page-hero py-[85px] lg:py-[100px] xl:pt-[100px] xl:pb-[242px] bg-dark-blue \">\n        <div class=\"hero-container mx-auto my-0 md:max-w-[1920px]\">\n        \n            \n        \n        <div class=\"page-hero__container flex flex-col-reverse md:flex-row lg:justify-between\">\n            <div class=\"page-hero__container--left text-center text-white lg:text-left\">\n                                    <div class=\"page-hero__container--left__breadcrumbs mb-7 lg:mb-[32px]\">\n                        <p id=\"breadcrumbs\" class=\"text-xsm text-white leading-5 font-semibold uppercase\"><span><span><a href=\"https:\/\/baudouin.com\/es\/\">Home<\/a><\/span><\/span><\/p>                    <\/div>\n                                <h1 class=\"text-white  mb-[12px] uppercase font-bold md:mb-2.5 lg:mb-[33px]\">NUESTRA RED BAUDOUIN<\/h1>\n                <!-- <p class=\"text-gray-form leading-[21px] w-full md:text-sm md:leading-6 md:max-w-[564px]\"><p>Est\u00e9 donde est\u00e9 en el mundo, siempre encontrar\u00e1 a un experto de Baudouin para ayudarle. Con presencia en m\u00e1s de 100 pa\u00edses, la columna vertebral de nuestra red est\u00e1 constituida por nuestros expertos certificados, listos para respaldar sus estudios de servicios y proyectos.<\/p>\n<p><small class=\"\">Borre la cach\u00e9 y el historial de su navegador si el mapa de la red no se muestra correctamente. <\/small><\/p>\n<\/p> -->\n                <p>Est\u00e9 donde est\u00e9 en el mundo, siempre encontrar\u00e1 a un experto de Baudouin para ayudarle. Con presencia en m\u00e1s de 100 pa\u00edses, la columna vertebral de nuestra red est\u00e1 constituida por nuestros expertos certificados, listos para respaldar sus estudios de servicios y proyectos.<\/p>\n<p><small class=\"\">Borre la cach\u00e9 y el historial de su navegador si el mapa de la red no se muestra correctamente. <\/small><\/p>\n            <\/div>\n           \n            \n        <\/div>\n\n    <\/div>\n<\/section>\n\n\n<div class=\"wp-block-group is-layout-flow wp-block-group-is-layout-flow\">    <style>\n      .baudouin-stockist-wrap{\n        max-width:1400px;\n        margin:0 auto;\n        width:100%;\n      }\n\n      .baudouin-stockist-wrap iframe,\n      .baudouin-stockist-wrap > div{\n        width:100%;\n      }\n\n      .baudouin-partner-link{\n        display:inline-block;\n        margin-top:10px;\n        font-weight:600;\n        text-decoration:underline;\n        cursor:pointer;\n      }\n    <\/style>\n    \n  <div class=\"baudouin-stockist-wrap\">\n    <div\n      data-stockist-widget-tag=\"map_63vz9973\"\n      style=\"min-height: 750px;\"\n    ><\/div>\n  <\/div>\n\n      <script src=\"https:\/\/stockist.co\/embed\/v1\/widget.min.js\" async><\/script>\n  \n  <script>\n(function(){\n  if (window.__baudouinStockistLinksInit) return;\n  window.__baudouinStockistLinksInit = true;\n\n  const endpointBase = \"https:\/\/baudouin.com\/es\/wp-json\/baudouin\/v1\/partner-url\/\";\n\n  async function resolveUrl(stockistId){\n    try{\n      const res = await fetch(endpointBase + encodeURIComponent(stockistId), { credentials: 'same-origin' });\n      if (!res.ok) return null;\n      const json = await res.json();\n      return (json && json.found && json.url) ? json.url : null;\n    }catch(e){\n      return null;\n    }\n  }\n\n  function ensureLink(root){\n    if (!root || root.querySelector('.baudouin-partner-link')) return;\n\n    const sid = root.getAttribute('data-stockist-location');\n    if (!sid) return;\n\n    const a = document.createElement('a');\n    a.className = 'baudouin-partner-link';\n    a.href = '#';\n    a.textContent = 'View partner page';\n\n    a.addEventListener('click', async function(e){\n      e.preventDefault();\n      const url = await resolveUrl(sid);\n      if (url) window.location.href = url;\n    });\n\n    const dir = root.querySelector('.stockist-result-directions-link');\n    if (dir && dir.parentNode) {\n      dir.parentNode.insertBefore(a, dir.nextSibling);\n    } else {\n      root.appendChild(a);\n    }\n  }\n\n  function scan(){\n    document\n      .querySelectorAll('.stockist-result[data-stockist-location]')\n      .forEach(ensureLink);\n  }\n\n  \/\/ 1) Premier scan apr\u00e8s rendu\n  const timer = setInterval(() => {\n    const has = document.querySelector('.stockist-result[data-stockist-location]');\n    if (has) {\n      clearInterval(timer);\n      scan();\n    }\n  }, 250);\n\n  setTimeout(() => clearInterval(timer), 15000);\n\n  \/\/ 2) Observe les changements (Stockist rerender souvent)\n  const obs = new MutationObserver(() => scan());\n  obs.observe(document.documentElement, { childList: true, subtree: true });\n\n  \/\/ 3) Scan de s\u00e9curit\u00e9\n  scan();\n})();\n<\/script>\n\n  \n<\/div>\n\n\n\n<div class=\"wp-block-cover aligncenter ghostkit-custom-Z1YvKCm\"><span aria-hidden=\"true\" class=\"wp-block-cover__background has-background-dim-60 has-background-dim\"><\/span><img loading=\"lazy\" decoding=\"async\" width=\"2500\" height=\"1000\" class=\"wp-block-cover__image-background wp-image-60156\" alt=\"\" src=\"https:\/\/baudouin.com\/wp-content\/uploads\/2023\/10\/moteurs-baudouin-become-a-trusted-partner.jpg\" data-object-fit=\"cover\" srcset=\"https:\/\/baudouin.com\/wp-content\/uploads\/2023\/10\/moteurs-baudouin-become-a-trusted-partner.jpg 2500w, https:\/\/baudouin.com\/wp-content\/uploads\/2023\/10\/moteurs-baudouin-become-a-trusted-partner-300x120.jpg 300w, https:\/\/baudouin.com\/wp-content\/uploads\/2023\/10\/moteurs-baudouin-become-a-trusted-partner-1024x410.jpg 1024w, https:\/\/baudouin.com\/wp-content\/uploads\/2023\/10\/moteurs-baudouin-become-a-trusted-partner-768x307.jpg 768w, https:\/\/baudouin.com\/wp-content\/uploads\/2023\/10\/moteurs-baudouin-become-a-trusted-partner-1536x614.jpg 1536w, https:\/\/baudouin.com\/wp-content\/uploads\/2023\/10\/moteurs-baudouin-become-a-trusted-partner-2048x819.jpg 2048w\" sizes=\"auto, (max-width: 2500px) 100vw, 2500px\" \/><div class=\"wp-block-cover__inner-container is-layout-flow wp-block-cover-is-layout-flow\">\n<h5 class=\"wp-block-heading has-text-align-center ghostkit-custom-Ztva3w has-white-color has-text-color\" id=\"become-a-trusted-partner-1\">CONVI\u00c9RTASE EN UN DISTRIBUIDOR OFICIAL<\/h5>\n\n\n\n<p class=\"has-text-align-center ghostkit-custom-1R8W09 has-white-color has-text-color\">\u00bfListo para dar el siguiente paso y asociarse con nosotros? Complete nuestro formulario de contacto y embarqu\u00e9monos juntos en este apasionante viaje.<\/p>\n\n\n\n<div class=\"wp-block-buttons is-content-justification-center is-layout-flex wp-container-core-buttons-is-layout-1 wp-block-buttons-is-layout-flex\">\n<div class=\"wp-block-button\"><a class=\"wp-block-button__link has-white-background-color has-text-color has-background wp-element-button\" href=\"https:\/\/baudouin.com\/es\/unase-a-nuestra-red-de-socios\/\" style=\"border-radius:0px;color:#706f6f\">\u00daNASE A NUESTRA RED DE SOCIOS<\/a><\/div>\n<\/div>\n<\/div><\/div>\n","protected":false},"excerpt":{"rendered":"","protected":false},"author":1,"featured_media":61765,"parent":0,"menu_order":0,"comment_status":"closed","ping_status":"closed","template":"","meta":{"_acf_changed":false,"content-type":"","ghostkit_customizer_options":"","ghostkit_custom_css":"","ghostkit_custom_js_head":"","ghostkit_custom_js_foot":"","ghostkit_typography":"","two_page_speed":[],"footnotes":""},"class_list":["post-62004","page","type-page","status-publish","has-post-thumbnail","hentry"],"acf":[],"yoast_head":"<!-- This site is optimized with the Yoast SEO plugin v26.8 - https:\/\/yoast.com\/product\/yoast-seo-wordpress\/ -->\n<title>Nuestra Red - Baudouin<\/title>\n<meta name=\"description\" content=\"Presentes en m\u00e1s de 100 pa\u00edses, nuestra rued est\u00e1 preparada para ayudarle en sus estudios de servicios y proyectos.\" \/>\n<meta name=\"robots\" content=\"index, follow, max-snippet:-1, max-image-preview:large, max-video-preview:-1\" \/>\n<link rel=\"canonical\" href=\"https:\/\/baudouin.com\/es\/our-network\/\" \/>\n<meta property=\"og:locale\" content=\"es_ES\" \/>\n<meta property=\"og:type\" content=\"article\" \/>\n<meta property=\"og:title\" content=\"Nuestra Red - Baudouin\" \/>\n<meta property=\"og:description\" content=\"Presentes en m\u00e1s de 100 pa\u00edses, nuestra rued est\u00e1 preparada para ayudarle en sus estudios de servicios y proyectos.\" \/>\n<meta property=\"og:url\" content=\"https:\/\/baudouin.com\/es\/our-network\/\" \/>\n<meta property=\"og:site_name\" content=\"Baudouin\" \/>\n<meta property=\"article:modified_time\" content=\"2026-04-08T10:36:43+00:00\" \/>\n<meta property=\"og:image\" content=\"https:\/\/baudouin.com\/wp-content\/uploads\/2023\/11\/moteurs-baudouin-our-network-mobile-header.jpg\" \/>\n\t<meta property=\"og:image:width\" content=\"1000\" \/>\n\t<meta property=\"og:image:height\" content=\"1000\" \/>\n\t<meta property=\"og:image:type\" content=\"image\/jpeg\" \/>\n<meta name=\"twitter:card\" content=\"summary_large_image\" \/>\n<meta name=\"twitter:label1\" content=\"Tiempo de lectura\" \/>\n\t<meta name=\"twitter:data1\" content=\"1 minuto\" \/>\n<script type=\"application\/ld+json\" class=\"yoast-schema-graph\">{\"@context\":\"https:\/\/schema.org\",\"@graph\":[{\"@type\":\"WebPage\",\"@id\":\"https:\/\/baudouin.com\/es\/our-network\/\",\"url\":\"https:\/\/baudouin.com\/es\/our-network\/\",\"name\":\"Nuestra Red - Baudouin\",\"isPartOf\":{\"@id\":\"https:\/\/baudouin.com\/#website\"},\"primaryImageOfPage\":{\"@id\":\"https:\/\/baudouin.com\/es\/our-network\/#primaryimage\"},\"image\":{\"@id\":\"https:\/\/baudouin.com\/es\/our-network\/#primaryimage\"},\"thumbnailUrl\":\"https:\/\/baudouin.com\/wp-content\/uploads\/2023\/11\/moteurs-baudouin-our-network-mobile-header.jpg\",\"datePublished\":\"2022-11-09T15:51:04+00:00\",\"dateModified\":\"2026-04-08T10:36:43+00:00\",\"description\":\"Presentes en m\u00e1s de 100 pa\u00edses, nuestra rued est\u00e1 preparada para ayudarle en sus estudios de servicios y proyectos.\",\"breadcrumb\":{\"@id\":\"https:\/\/baudouin.com\/es\/our-network\/#breadcrumb\"},\"inLanguage\":\"es\",\"potentialAction\":[{\"@type\":\"ReadAction\",\"target\":[\"https:\/\/baudouin.com\/es\/our-network\/\"]}]},{\"@type\":\"ImageObject\",\"inLanguage\":\"es\",\"@id\":\"https:\/\/baudouin.com\/es\/our-network\/#primaryimage\",\"url\":\"https:\/\/baudouin.com\/wp-content\/uploads\/2023\/11\/moteurs-baudouin-our-network-mobile-header.jpg\",\"contentUrl\":\"https:\/\/baudouin.com\/wp-content\/uploads\/2023\/11\/moteurs-baudouin-our-network-mobile-header.jpg\",\"width\":1000,\"height\":1000,\"caption\":\"Light blue world map.\"},{\"@type\":\"BreadcrumbList\",\"@id\":\"https:\/\/baudouin.com\/es\/our-network\/#breadcrumb\",\"itemListElement\":[{\"@type\":\"ListItem\",\"position\":1,\"name\":\"Home\",\"item\":\"https:\/\/baudouin.com\/es\/\"},{\"@type\":\"ListItem\",\"position\":2,\"name\":\"Nuestra Red\"}]},{\"@type\":\"WebSite\",\"@id\":\"https:\/\/baudouin.com\/#website\",\"url\":\"https:\/\/baudouin.com\/\",\"name\":\"Baudouin\",\"description\":\"\",\"publisher\":{\"@id\":\"https:\/\/baudouin.com\/#organization\"},\"potentialAction\":[{\"@type\":\"SearchAction\",\"target\":{\"@type\":\"EntryPoint\",\"urlTemplate\":\"https:\/\/baudouin.com\/?s={search_term_string}\"},\"query-input\":{\"@type\":\"PropertyValueSpecification\",\"valueRequired\":true,\"valueName\":\"search_term_string\"}}],\"inLanguage\":\"es\"},{\"@type\":\"Organization\",\"@id\":\"https:\/\/baudouin.com\/#organization\",\"name\":\"Moteurs Baudouin\",\"alternateName\":\"Moteurs Baudouin\",\"url\":\"https:\/\/baudouin.com\/\",\"logo\":{\"@type\":\"ImageObject\",\"inLanguage\":\"es\",\"@id\":\"https:\/\/baudouin.com\/#\/schema\/logo\/image\/\",\"url\":\"https:\/\/baudouin.com\/wp-content\/uploads\/2024\/12\/Moteur-Baudouin-jpg.webp\",\"contentUrl\":\"https:\/\/baudouin.com\/wp-content\/uploads\/2024\/12\/Moteur-Baudouin-jpg.webp\",\"width\":150,\"height\":150,\"caption\":\"Moteurs Baudouin\"},\"image\":{\"@id\":\"https:\/\/baudouin.com\/#\/schema\/logo\/image\/\"}}]}<\/script>\n<!-- \/ Yoast SEO plugin. -->","yoast_head_json":{"title":"Nuestra Red - Baudouin","description":"Presentes en m\u00e1s de 100 pa\u00edses, nuestra rued est\u00e1 preparada para ayudarle en sus estudios de servicios y proyectos.","robots":{"index":"index","follow":"follow","max-snippet":"max-snippet:-1","max-image-preview":"max-image-preview:large","max-video-preview":"max-video-preview:-1"},"canonical":"https:\/\/baudouin.com\/es\/our-network\/","og_locale":"es_ES","og_type":"article","og_title":"Nuestra Red - Baudouin","og_description":"Presentes en m\u00e1s de 100 pa\u00edses, nuestra rued est\u00e1 preparada para ayudarle en sus estudios de servicios y proyectos.","og_url":"https:\/\/baudouin.com\/es\/our-network\/","og_site_name":"Baudouin","article_modified_time":"2026-04-08T10:36:43+00:00","og_image":[{"width":1000,"height":1000,"url":"https:\/\/baudouin.com\/wp-content\/uploads\/2023\/11\/moteurs-baudouin-our-network-mobile-header.jpg","type":"image\/jpeg"}],"twitter_card":"summary_large_image","twitter_misc":{"Tiempo de lectura":"1 minuto"},"schema":{"@context":"https:\/\/schema.org","@graph":[{"@type":"WebPage","@id":"https:\/\/baudouin.com\/es\/our-network\/","url":"https:\/\/baudouin.com\/es\/our-network\/","name":"Nuestra Red - Baudouin","isPartOf":{"@id":"https:\/\/baudouin.com\/#website"},"primaryImageOfPage":{"@id":"https:\/\/baudouin.com\/es\/our-network\/#primaryimage"},"image":{"@id":"https:\/\/baudouin.com\/es\/our-network\/#primaryimage"},"thumbnailUrl":"https:\/\/baudouin.com\/wp-content\/uploads\/2023\/11\/moteurs-baudouin-our-network-mobile-header.jpg","datePublished":"2022-11-09T15:51:04+00:00","dateModified":"2026-04-08T10:36:43+00:00","description":"Presentes en m\u00e1s de 100 pa\u00edses, nuestra rued est\u00e1 preparada para ayudarle en sus estudios de servicios y proyectos.","breadcrumb":{"@id":"https:\/\/baudouin.com\/es\/our-network\/#breadcrumb"},"inLanguage":"es","potentialAction":[{"@type":"ReadAction","target":["https:\/\/baudouin.com\/es\/our-network\/"]}]},{"@type":"ImageObject","inLanguage":"es","@id":"https:\/\/baudouin.com\/es\/our-network\/#primaryimage","url":"https:\/\/baudouin.com\/wp-content\/uploads\/2023\/11\/moteurs-baudouin-our-network-mobile-header.jpg","contentUrl":"https:\/\/baudouin.com\/wp-content\/uploads\/2023\/11\/moteurs-baudouin-our-network-mobile-header.jpg","width":1000,"height":1000,"caption":"Light blue world map."},{"@type":"BreadcrumbList","@id":"https:\/\/baudouin.com\/es\/our-network\/#breadcrumb","itemListElement":[{"@type":"ListItem","position":1,"name":"Home","item":"https:\/\/baudouin.com\/es\/"},{"@type":"ListItem","position":2,"name":"Nuestra Red"}]},{"@type":"WebSite","@id":"https:\/\/baudouin.com\/#website","url":"https:\/\/baudouin.com\/","name":"Baudouin","description":"","publisher":{"@id":"https:\/\/baudouin.com\/#organization"},"potentialAction":[{"@type":"SearchAction","target":{"@type":"EntryPoint","urlTemplate":"https:\/\/baudouin.com\/?s={search_term_string}"},"query-input":{"@type":"PropertyValueSpecification","valueRequired":true,"valueName":"search_term_string"}}],"inLanguage":"es"},{"@type":"Organization","@id":"https:\/\/baudouin.com\/#organization","name":"Moteurs Baudouin","alternateName":"Moteurs Baudouin","url":"https:\/\/baudouin.com\/","logo":{"@type":"ImageObject","inLanguage":"es","@id":"https:\/\/baudouin.com\/#\/schema\/logo\/image\/","url":"https:\/\/baudouin.com\/wp-content\/uploads\/2024\/12\/Moteur-Baudouin-jpg.webp","contentUrl":"https:\/\/baudouin.com\/wp-content\/uploads\/2024\/12\/Moteur-Baudouin-jpg.webp","width":150,"height":150,"caption":"Moteurs Baudouin"},"image":{"@id":"https:\/\/baudouin.com\/#\/schema\/logo\/image\/"}}]}},"_links":{"self":[{"href":"https:\/\/baudouin.com\/es\/wp-json\/wp\/v2\/pages\/62004","targetHints":{"allow":["GET"]}}],"collection":[{"href":"https:\/\/baudouin.com\/es\/wp-json\/wp\/v2\/pages"}],"about":[{"href":"https:\/\/baudouin.com\/es\/wp-json\/wp\/v2\/types\/page"}],"author":[{"embeddable":true,"href":"https:\/\/baudouin.com\/es\/wp-json\/wp\/v2\/users\/1"}],"replies":[{"embeddable":true,"href":"https:\/\/baudouin.com\/es\/wp-json\/wp\/v2\/comments?post=62004"}],"version-history":[{"count":3,"href":"https:\/\/baudouin.com\/es\/wp-json\/wp\/v2\/pages\/62004\/revisions"}],"predecessor-version":[{"id":82253,"href":"https:\/\/baudouin.com\/es\/wp-json\/wp\/v2\/pages\/62004\/revisions\/82253"}],"wp:featuredmedia":[{"embeddable":true,"href":"https:\/\/baudouin.com\/es\/wp-json\/wp\/v2\/media\/61765"}],"wp:attachment":[{"href":"https:\/\/baudouin.com\/es\/wp-json\/wp\/v2\/media?parent=62004"}],"curies":[{"name":"wp","href":"https:\/\/api.w.org\/{rel}","templated":true}]}}